{"id":687,"date":"2022-01-14T15:24:12","date_gmt":"2022-01-14T15:24:12","guid":{"rendered":"https:\/\/opticiansnb.com\/home\/"},"modified":"2025-06-24T13:01:45","modified_gmt":"2025-06-24T13:01:45","slug":"home","status":"publish","type":"page","link":"https:\/\/opticiansnb.com\/fr\/","title":{"rendered":"Home"},"content":{"rendered":"\n<h1>\n\t\t\tL&#8217;Association des opticiens du Nouveau-Brunswick S&#8217;occupe de la r\u00e9glementation des soins professionnels et comp\u00e9tants de la vue depuis 1976 \t<\/h1>\n\t\t\t<a href=\"https:\/\/opticiansnb.com\/fr\/about-onab\/\" target=\"_self\">\n\t\t\t\t\t\t\t\u00c0 propos de nous\n\t\t\t\t\t<\/a>\n<h2>\n\t\t\t\u00c0 propos de nous\t<\/h2>\n\t<p>L&#8217;Association des opticiens du Nouveau-Brunswick, anciennement incorpor\u00e9 en tant que Soci\u00e9t\u00e9 des opticiens d&#8217;ordonnances du Nouveau-Brunswick, s&#8217;agit \u00e0 la fois de l&#8217;organisme de r\u00e9glementation et de l&#8217;association professionnelle des opticiens du Nouveau-Brunswick.\u00a0<\/p>\n<p>Par l&#8217;entremise de l&#8217;approvisionnement d&#8217;\u00e9ducation professionnel continuel et la promotion de pratiques exemplaires, nous assurons que les citoyens du Nouveau-Brunswick sont servis par des opticiens licenci\u00e9s qualifi\u00e9s et instruits ayant re\u00e7u une formation ad\u00e9quate tout en conservant des pratiques \u00e9thiques et comp\u00e9tentes de standards \u00e9lev\u00e9s.<\/p>\n<p>L&#8217;AONB garantit que ses membres puissent communiquer et recevoir leurs services dans la langue officielle de leur choix.\u00a0<\/p>\n\t\t\t<a href=\"https:\/\/opticiansnb.com\/fr\/about-onab\/\" target=\"_self\">\n\t\t\t\t\t\t\tEn savoir plus sur l&#8217;OANB\n\t\t\t\t\t<\/a>\n<h2>\n\t\t\tAdh\u00e9sion\t<\/h2>\n\t<p>L&#8217;adh\u00e9sion a ses avantages. Devenez membre de l&#8217;Association des opticiens du Nouveau-Brunswick.<\/p>\n\t\t\t<a href=\"https:\/\/opticiansnb.com\/registering-as-an-optician\/\" target=\"_self\">\n\t\t\t\t\t\t\tDevenir membre\n\t\t\t\t\t<\/a>\n\t\t\t<a href=\"https:\/\/opticiansnb.com\/client\/admin\/login.php\" target=\"_blank\" rel=\"noopener\">\n\t\t\t\t\t\t\tIdentifiant\n\t\t\t\t\t<\/a>\n<h2>\n\t\t\tVotre \u00e9quipe de soins de la vue\t<\/h2>\n\t<p>Il y a 3 \u00ab O \u00bb dans les soins de la vue &#8211; Les trois professionnels qui fournissent des aspects distincts des soins oculaires et de la vue sont, Ophtalmologistes, Optom\u00e9tristes, Opticiens.<\/p>\n\t\t\t<a href=\"https:\/\/opticiansnb.com\/fr\/your-visioncare-team\/\" target=\"_self\">\n\t\t\t\t\t\t\tEn savoir plus sur nos professionnels de la vue\n\t\t\t\t\t<\/a>\n<h2>\n\t\t\tTrouver un opticien\t<\/h2>\n\t<p>Un opticien agr\u00e9\u00e9 est un sp\u00e9cialiste form\u00e9 sp\u00e9cifiquement pour planifier, pr\u00e9parer et distribuer des produits optiques tels que des lunettes et des lentilles de contact. Confiez vos soins de la vue \u00e0 un opticien agr\u00e9\u00e9.<\/p>\n\t\t\t<a href=\"https:\/\/opticiansnb.com\/fr\/trouvez-un-opticien\/\" target=\"_blank\" rel=\"noopener\">\n\t\t\t\t\t\t\tTrouver un opticien\n\t\t\t\t\t<\/a>\n<h1>\n\t\t\tLunettes\t<\/h1>\n\t<p>Votre ophtalmologiste peut vous prescrire une correction de la vue pour diff\u00e9rentes raisons. Les opticiens vous aident \u00e0 choisir les meilleures lunettes, adapt\u00e9es \u00e0 vous et \u00e0 votre prescription.<\/p>\n<h3>\n\t\t<a href=\"https:\/\/opticiansnb.com\/fr\/why-do-i-need-glasses\/\" title=\"Pourquoi ai-je besoin de lunettes ?\"  target=\"_self\">\n\t\t\tPourquoi ai-je besoin de lunettes ?\t\t<\/a>\n\t<\/h3>\n<h3>\n\t\t<a href=\"https:\/\/opticiansnb.com\/fr\/eyeglasses-contact-lenses-or-both\/\" title=\"Lunettes et lentilles de contact\"  target=\"_self\">\n\t\t\tLunettes et lentilles de contact\t\t<\/a>\n\t<\/h3>\n<h2>\n\t\t\tCentre de ressources\t<\/h2>\n<h3>\n\t\t\tPour les patients\t<\/h3>\n\t\t\t<a href=\"https:\/\/opticiansnb.com\/fr\/eyewear-online\/\" target=\"_self\">\n\t\t\t\t\t\t\t PROBL\u00c8MES D&#8217;ACHAT DE LUNETTES EN LIGNE\n\t\t\t\t\t<\/a>\n\t\t\t<a href=\"https:\/\/opticiansnb.com\/fr\/problemes-de-securite-des-lentilles-corneennes-cosmetiques\/\" target=\"_self\">\n\t\t\t\t\t\t\tProbl\u00e8mes de s\u00e9curit\u00e9 des lentilles de contact cosm\u00e9tiques\n\t\t\t\t\t<\/a>\n\t\t\t<a href=\"https:\/\/licensedoptician.ca\/blog\/\" target=\"_blank\" rel=\"noopener\">\n\t\t\t\t\t\t\tArticles sur les soins des yeux et de la vue\n\t\t\t\t\t<\/a>\n\t\t\t<a href=\"https:\/\/opticiansnb.com\/fr\/liens-canadiens-sur-lopticien\/\" target=\"_self\">\n\t\t\t\t\t\t\tLIENS CANADIENS SUR L&#8217;OPTICIEN\n\t\t\t\t\t<\/a>\n<h3>\n\t\t\tPour les opticiens\t<\/h3>\n\t\t\t<a href=\"https:\/\/opticiansnb.com\/registering-as-an-optician\/\" target=\"_self\">\n\t\t\t\t\t\t\t\u00c9ducation &#8211; cours d&#8217;optique et apprentissage\n\t\t\t\t\t<\/a>\n\t\t\t<a href=\"https:\/\/becomeanoptician.com\/\" target=\"_blank\" rel=\"noopener\">\n\t\t\t\t\t\t\tDevenir Opticien\n\t\t\t\t\t<\/a>\n\t\t\t<a href=\"https:\/\/opticiansnb.com\/fr\/laonb-et-son-engagement\/\" target=\"_blank\" rel=\"noopener\">\n\t\t\t\t\t\t\tL&#8217;ENGAGEMENT DE L&#8217;AONB ENVERS LE PUBLIC\n\t\t\t\t\t<\/a>\n<h2>\n\t\t\tL\u00e9gislation\t<\/h2>\n\t<p>Cliquez sur les boutons ci-dessous pour t\u00e9l\u00e9charger les documents relatifs \u00e0 la l\u00e9gislation sur les opticiens.<\/p>\n\t\t\t<a href=\"https:\/\/opticiansnb.com\/wp-content\/uploads\/2022\/03\/Ethical-Code-FREN-.pdf\" target=\"_blank\" rel=\"noopener\">\n\t\t\t\t\t\t\tCode d&#8217;\u00e9thique\n\t\t\t<\/a>\n\t\t\t<a href=\"https:\/\/opticiansnb.com\/wp-content\/uploads\/2025\/06\/MASTER-VERSION-OANB-Regulations-French-April-27-2025-Subject-to-Ministerial-Approval-4157-5304-2524-v.2.docx\" target=\"_blank\" rel=\"noopener\">\n\t\t\t\t\t\t\tR\u00e8glements\n\t\t\t<\/a>\n\t\t\t<a href=\"https:\/\/opticiansnb.com\/wp-content\/uploads\/2022\/03\/Opticians-Act-French.pdf\" target=\"_blank\" rel=\"noopener\">\n\t\t\t\t\t\t\tL&#8217;acte\n\t\t\t<\/a>\n\t\t\t<a href=\"https:\/\/opticiansnb.com\/wp-content\/uploads\/2022\/03\/Standards-of-Practice-French-2015-002.pdf\" target=\"_blank\" rel=\"noopener\">\n\t\t\t\t\t\t\tNormes de pratique\n\t\t\t<\/a>\n\n","protected":false},"excerpt":{"rendered":"<p>L&#8217;Association des opticiens du Nouveau-Brunswick S&#8217;occupe de la r\u00e9glementation des soins professionnels et comp\u00e9tants de la vue depuis 1976 \u00c0 propos de nous \u00c0 propos de nous L&#8217;Association des opticiens du Nouveau-Brunswick, anciennement incorpor\u00e9 en tant que Soci\u00e9t\u00e9 des opticiens d&#8217;ordonnances du Nouveau-Brunswick, s&#8217;agit \u00e0 la fois de l&#8217;organisme de r\u00e9glementation et de l&#8217;association professionnelle&hellip;<\/p>\n","protected":false},"author":1,"featured_media":0,"parent":0,"menu_order":0,"comment_status":"closed","ping_status":"closed","template":"","meta":{"_acf_changed":false,"content-type":"","inline_featured_image":false,"footnotes":""},"class_list":["post-687","page","type-page","status-publish","hentry"],"acf":[],"yoast_head":"<!-- This site is optimized with the Yoast SEO plugin v27.6 - https:\/\/yoast.com\/product\/yoast-seo-wordpress\/ -->\n<title>Home | Opticians Association Of New Brunswick<\/title>\n<meta name=\"robots\" content=\"index, follow, max-snippet:-1, max-image-preview:large, max-video-preview:-1\" \/>\n<link rel=\"canonical\" href=\"https:\/\/opticiansnb.com\/fr\/\" \/>\n<meta property=\"og:locale\" content=\"fr_FR\" \/>\n<meta property=\"og:type\" content=\"article\" \/>\n<meta property=\"og:title\" content=\"Home | Opticians Association Of New Brunswick\" \/>\n<meta property=\"og:description\" content=\"L&#8217;Association des opticiens du Nouveau-Brunswick S&#8217;occupe de la r\u00e9glementation des soins professionnels et comp\u00e9tants de la vue depuis 1976 \u00c0 propos de nous \u00c0 propos de nous L&#8217;Association des opticiens du Nouveau-Brunswick, anciennement incorpor\u00e9 en tant que Soci\u00e9t\u00e9 des opticiens d&#8217;ordonnances du Nouveau-Brunswick, s&#8217;agit \u00e0 la fois de l&#8217;organisme de r\u00e9glementation et de l&#8217;association professionnelle&hellip;\" \/>\n<meta property=\"og:url\" content=\"https:\/\/opticiansnb.com\/fr\/\" \/>\n<meta property=\"og:site_name\" content=\"Opticians Association Of New Brunswick\" \/>\n<meta property=\"article:publisher\" content=\"https:\/\/www.facebook.com\/OpticiansAssociationOfNewBrunswick\/\" \/>\n<meta property=\"article:modified_time\" content=\"2025-06-24T13:01:45+00:00\" \/>\n<meta property=\"og:image\" content=\"https:\/\/opticiansnb.com\/wp-content\/uploads\/2022\/03\/Mask-Group-6.png\" \/>\n\t<meta property=\"og:image:width\" content=\"768\" \/>\n\t<meta property=\"og:image:height\" content=\"467\" \/>\n\t<meta property=\"og:image:type\" content=\"image\/png\" \/>\n<meta name=\"twitter:card\" content=\"summary_large_image\" \/>\n<script type=\"application\/ld+json\" class=\"yoast-schema-graph\">{\"@context\":\"https:\\\/\\\/schema.org\",\"@graph\":[{\"@type\":\"WebPage\",\"@id\":\"https:\\\/\\\/opticiansnb.com\\\/fr\\\/\",\"url\":\"https:\\\/\\\/opticiansnb.com\\\/fr\\\/\",\"name\":\"Home | Opticians Association Of New Brunswick\",\"isPartOf\":{\"@id\":\"https:\\\/\\\/opticiansnb.com\\\/#website\"},\"datePublished\":\"2022-01-14T15:24:12+00:00\",\"dateModified\":\"2025-06-24T13:01:45+00:00\",\"breadcrumb\":{\"@id\":\"https:\\\/\\\/opticiansnb.com\\\/fr\\\/#breadcrumb\"},\"inLanguage\":\"fr-FR\",\"potentialAction\":[{\"@type\":\"ReadAction\",\"target\":[\"https:\\\/\\\/opticiansnb.com\\\/fr\\\/\"]}]},{\"@type\":\"BreadcrumbList\",\"@id\":\"https:\\\/\\\/opticiansnb.com\\\/fr\\\/#breadcrumb\",\"itemListElement\":[{\"@type\":\"ListItem\",\"position\":1,\"name\":\"Home\",\"item\":\"https:\\\/\\\/opticiansnb.com\\\/fr\\\/\"},{\"@type\":\"ListItem\",\"position\":2,\"name\":\"Home\"}]},{\"@type\":\"WebSite\",\"@id\":\"https:\\\/\\\/opticiansnb.com\\\/#website\",\"url\":\"https:\\\/\\\/opticiansnb.com\\\/\",\"name\":\"Opticians Association Of New Brunswick\",\"description\":\"Regulating Caring &amp; Competent Eye Care\",\"publisher\":{\"@id\":\"https:\\\/\\\/opticiansnb.com\\\/#organization\"},\"potentialAction\":[{\"@type\":\"SearchAction\",\"target\":{\"@type\":\"EntryPoint\",\"urlTemplate\":\"https:\\\/\\\/opticiansnb.com\\\/?s={search_term_string}\"},\"query-input\":{\"@type\":\"PropertyValueSpecification\",\"valueRequired\":true,\"valueName\":\"search_term_string\"}}],\"inLanguage\":\"fr-FR\"},{\"@type\":\"Organization\",\"@id\":\"https:\\\/\\\/opticiansnb.com\\\/#organization\",\"name\":\"Opticians Association of New Brunswick\",\"url\":\"https:\\\/\\\/opticiansnb.com\\\/\",\"logo\":{\"@type\":\"ImageObject\",\"inLanguage\":\"fr-FR\",\"@id\":\"https:\\\/\\\/opticiansnb.com\\\/#\\\/schema\\\/logo\\\/image\\\/\",\"url\":\"https:\\\/\\\/opticiansnb.com\\\/wp-content\\\/uploads\\\/2022\\\/01\\\/logo.svg\",\"contentUrl\":\"https:\\\/\\\/opticiansnb.com\\\/wp-content\\\/uploads\\\/2022\\\/01\\\/logo.svg\",\"width\":295,\"height\":73,\"caption\":\"Opticians Association of New Brunswick\"},\"image\":{\"@id\":\"https:\\\/\\\/opticiansnb.com\\\/#\\\/schema\\\/logo\\\/image\\\/\"},\"sameAs\":[\"https:\\\/\\\/www.facebook.com\\\/OpticiansAssociationOfNewBrunswick\\\/\"]}]}<\/script>\n<!-- \/ Yoast SEO plugin. -->","yoast_head_json":{"title":"Home | Opticians Association Of New Brunswick","robots":{"index":"index","follow":"follow","max-snippet":"max-snippet:-1","max-image-preview":"max-image-preview:large","max-video-preview":"max-video-preview:-1"},"canonical":"https:\/\/opticiansnb.com\/fr\/","og_locale":"fr_FR","og_type":"article","og_title":"Home | Opticians Association Of New Brunswick","og_description":"L&#8217;Association des opticiens du Nouveau-Brunswick S&#8217;occupe de la r\u00e9glementation des soins professionnels et comp\u00e9tants de la vue depuis 1976 \u00c0 propos de nous \u00c0 propos de nous L&#8217;Association des opticiens du Nouveau-Brunswick, anciennement incorpor\u00e9 en tant que Soci\u00e9t\u00e9 des opticiens d&#8217;ordonnances du Nouveau-Brunswick, s&#8217;agit \u00e0 la fois de l&#8217;organisme de r\u00e9glementation et de l&#8217;association professionnelle&hellip;","og_url":"https:\/\/opticiansnb.com\/fr\/","og_site_name":"Opticians Association Of New Brunswick","article_publisher":"https:\/\/www.facebook.com\/OpticiansAssociationOfNewBrunswick\/","article_modified_time":"2025-06-24T13:01:45+00:00","og_image":[{"width":768,"height":467,"url":"https:\/\/opticiansnb.com\/wp-content\/uploads\/2022\/03\/Mask-Group-6.png","type":"image\/png"}],"twitter_card":"summary_large_image","schema":{"@context":"https:\/\/schema.org","@graph":[{"@type":"WebPage","@id":"https:\/\/opticiansnb.com\/fr\/","url":"https:\/\/opticiansnb.com\/fr\/","name":"Home | Opticians Association Of New Brunswick","isPartOf":{"@id":"https:\/\/opticiansnb.com\/#website"},"datePublished":"2022-01-14T15:24:12+00:00","dateModified":"2025-06-24T13:01:45+00:00","breadcrumb":{"@id":"https:\/\/opticiansnb.com\/fr\/#breadcrumb"},"inLanguage":"fr-FR","potentialAction":[{"@type":"ReadAction","target":["https:\/\/opticiansnb.com\/fr\/"]}]},{"@type":"BreadcrumbList","@id":"https:\/\/opticiansnb.com\/fr\/#breadcrumb","itemListElement":[{"@type":"ListItem","position":1,"name":"Home","item":"https:\/\/opticiansnb.com\/fr\/"},{"@type":"ListItem","position":2,"name":"Home"}]},{"@type":"WebSite","@id":"https:\/\/opticiansnb.com\/#website","url":"https:\/\/opticiansnb.com\/","name":"Opticians Association Of New Brunswick","description":"Regulating Caring &amp; Competent Eye Care","publisher":{"@id":"https:\/\/opticiansnb.com\/#organization"},"potentialAction":[{"@type":"SearchAction","target":{"@type":"EntryPoint","urlTemplate":"https:\/\/opticiansnb.com\/?s={search_term_string}"},"query-input":{"@type":"PropertyValueSpecification","valueRequired":true,"valueName":"search_term_string"}}],"inLanguage":"fr-FR"},{"@type":"Organization","@id":"https:\/\/opticiansnb.com\/#organization","name":"Opticians Association of New Brunswick","url":"https:\/\/opticiansnb.com\/","logo":{"@type":"ImageObject","inLanguage":"fr-FR","@id":"https:\/\/opticiansnb.com\/#\/schema\/logo\/image\/","url":"https:\/\/opticiansnb.com\/wp-content\/uploads\/2022\/01\/logo.svg","contentUrl":"https:\/\/opticiansnb.com\/wp-content\/uploads\/2022\/01\/logo.svg","width":295,"height":73,"caption":"Opticians Association of New Brunswick"},"image":{"@id":"https:\/\/opticiansnb.com\/#\/schema\/logo\/image\/"},"sameAs":["https:\/\/www.facebook.com\/OpticiansAssociationOfNewBrunswick\/"]}]}},"_links":{"self":[{"href":"https:\/\/opticiansnb.com\/fr\/wp-json\/wp\/v2\/pages\/687","targetHints":{"allow":["GET"]}}],"collection":[{"href":"https:\/\/opticiansnb.com\/fr\/wp-json\/wp\/v2\/pages"}],"about":[{"href":"https:\/\/opticiansnb.com\/fr\/wp-json\/wp\/v2\/types\/page"}],"author":[{"embeddable":true,"href":"https:\/\/opticiansnb.com\/fr\/wp-json\/wp\/v2\/users\/1"}],"replies":[{"embeddable":true,"href":"https:\/\/opticiansnb.com\/fr\/wp-json\/wp\/v2\/comments?post=687"}],"version-history":[{"count":11,"href":"https:\/\/opticiansnb.com\/fr\/wp-json\/wp\/v2\/pages\/687\/revisions"}],"predecessor-version":[{"id":3157,"href":"https:\/\/opticiansnb.com\/fr\/wp-json\/wp\/v2\/pages\/687\/revisions\/3157"}],"wp:attachment":[{"href":"https:\/\/opticiansnb.com\/fr\/wp-json\/wp\/v2\/media?parent=687"}],"curies":[{"name":"wp","href":"https:\/\/api.w.org\/{rel}","templated":true}]}}