{"id":682,"date":"2022-02-23T04:09:46","date_gmt":"2022-02-23T04:09:46","guid":{"rendered":"https:\/\/opticiansnb.com\/complaints\/"},"modified":"2022-06-21T12:37:14","modified_gmt":"2022-06-21T12:37:14","slug":"plaintes","status":"publish","type":"page","link":"https:\/\/opticiansnb.com\/fr\/plaintes\/","title":{"rendered":"Plaintes"},"content":{"rendered":"\n<h1>\n\t\tPlaintes\n\t<\/h1>\n<ol>\t<li>\n\t\t\t <p>Une personne peut d\u00e9poser une plainte aupr\u00e8s du registraire concernant la conduite ou les actions d&#8217;un membre. <\/p>\t\t\n\t<\/li>\n\t\t<li>\n\t\t\t <p>La plainte doit \u00eatre d\u00e9pos\u00e9e par \u00e9crit et doit comprendre le nom et l&#8217;adresse postale du plaignant ainsi que:<\/p><ul><li>Nom de l&#8217;inscrit<\/li><li>Nom d&#8217;entreprise de l&#8217;inscrit<\/li><li>Adresse d&#8217;affaires et num\u00e9ro de t\u00e9l\u00e9phone de l&#8217;inscrit<\/li><li>L&#8217;heure et la date de l&#8217;incident ou des incidents<\/li><li>Un compte rendu d\u00e9taill\u00e9 de l&#8217;incident ou des incidents<\/li><li>Toute documents \u00e0 l&#8217;appui <\/li><li>Noms de tout t\u00e9moin potentiel<\/li><\/ul>\t\t\n\t<\/li>\n\t\t<li>\n\t\t\t <p>Lorsqu&#8217;une plainte est d\u00e9pos\u00e9e aupr\u00e9s du registraire, celui-ci doit la renvoyer au Conseil de l&#8217;AONB, si la conduite ou les actions reproch\u00e9es peuvent constituer une faute professionnelle, une incomp\u00e9tence ou une incapacit\u00e9. &#8211; <i>Loi sur les opticiens du N.-B.<\/i>\u00a0<\/p>\t\t\n\t<\/li>\n\t<\/ol><h2>\n\t\tSoumettre des plaintes\n\t<\/h2>\n\t<p>Les plaintes peuvent \u00eatre adress\u00e9es \u00e0 l&#8217;OANB au<\/p>\n\t<p>nbgdo@nbnet.nb.ca<\/p>\n\t\t\t<a href=\"mailto:nbgdo@nbnet.nb.ca\" target=\"_self\" role=\"button\" rel=\"noopener\">\n\t\t\t\t\t\t\tEnvoyer un e-mail\n\t\t\t\t\t<\/a>\n\n","protected":false},"excerpt":{"rendered":"<p>Plaintes Une personne peut d\u00e9poser une plainte aupr\u00e8s du registraire concernant la conduite ou les actions d&#8217;un membre. La plainte doit \u00eatre d\u00e9pos\u00e9e par \u00e9crit et doit comprendre le nom et l&#8217;adresse postale du plaignant ainsi que: Nom de l&#8217;inscrit Nom d&#8217;entreprise de l&#8217;inscrit Adresse d&#8217;affaires et num\u00e9ro de t\u00e9l\u00e9phone de l&#8217;inscrit L&#8217;heure et la&hellip;<\/p>\n","protected":false},"author":1,"featured_media":0,"parent":0,"menu_order":0,"comment_status":"closed","ping_status":"closed","template":"","meta":{"_acf_changed":false,"content-type":"","inline_featured_image":false,"footnotes":""},"class_list":["post-682","page","type-page","status-publish","hentry"],"acf":[],"yoast_head":"<!-- This site is optimized with the Yoast SEO plugin v27.3 - https:\/\/yoast.com\/product\/yoast-seo-wordpress\/ -->\n<title>Plaintes | Opticians Association Of New Brunswick<\/title>\n<meta name=\"robots\" content=\"index, follow, max-snippet:-1, max-image-preview:large, max-video-preview:-1\" \/>\n<link rel=\"canonical\" href=\"https:\/\/opticiansnb.com\/fr\/plaintes\/\" \/>\n<meta property=\"og:locale\" content=\"fr_FR\" \/>\n<meta property=\"og:type\" content=\"article\" \/>\n<meta property=\"og:title\" content=\"Plaintes | Opticians Association Of New Brunswick\" \/>\n<meta property=\"og:description\" content=\"Plaintes Une personne peut d\u00e9poser une plainte aupr\u00e8s du registraire concernant la conduite ou les actions d&#8217;un membre. La plainte doit \u00eatre d\u00e9pos\u00e9e par \u00e9crit et doit comprendre le nom et l&#8217;adresse postale du plaignant ainsi que: Nom de l&#8217;inscrit Nom d&#8217;entreprise de l&#8217;inscrit Adresse d&#8217;affaires et num\u00e9ro de t\u00e9l\u00e9phone de l&#8217;inscrit L&#8217;heure et la&hellip;\" \/>\n<meta property=\"og:url\" content=\"https:\/\/opticiansnb.com\/fr\/plaintes\/\" \/>\n<meta property=\"og:site_name\" content=\"Opticians Association Of New Brunswick\" \/>\n<meta property=\"article:publisher\" content=\"https:\/\/www.facebook.com\/OpticiansAssociationOfNewBrunswick\/\" \/>\n<meta property=\"article:modified_time\" content=\"2022-06-21T12:37:14+00:00\" \/>\n<meta property=\"og:image\" content=\"https:\/\/opticiansnb.com\/wp-content\/uploads\/2022\/03\/Mask-Group-6.png\" \/>\n\t<meta property=\"og:image:width\" content=\"768\" \/>\n\t<meta property=\"og:image:height\" content=\"467\" \/>\n\t<meta property=\"og:image:type\" content=\"image\/png\" \/>\n<meta name=\"twitter:card\" content=\"summary_large_image\" \/>\n<script type=\"application\/ld+json\" class=\"yoast-schema-graph\">{\"@context\":\"https:\\\/\\\/schema.org\",\"@graph\":[{\"@type\":\"WebPage\",\"@id\":\"https:\\\/\\\/opticiansnb.com\\\/fr\\\/plaintes\\\/\",\"url\":\"https:\\\/\\\/opticiansnb.com\\\/fr\\\/plaintes\\\/\",\"name\":\"Plaintes | Opticians Association Of New Brunswick\",\"isPartOf\":{\"@id\":\"https:\\\/\\\/opticiansnb.com\\\/#website\"},\"datePublished\":\"2022-02-23T04:09:46+00:00\",\"dateModified\":\"2022-06-21T12:37:14+00:00\",\"breadcrumb\":{\"@id\":\"https:\\\/\\\/opticiansnb.com\\\/fr\\\/plaintes\\\/#breadcrumb\"},\"inLanguage\":\"fr-FR\",\"potentialAction\":[{\"@type\":\"ReadAction\",\"target\":[\"https:\\\/\\\/opticiansnb.com\\\/fr\\\/plaintes\\\/\"]}]},{\"@type\":\"BreadcrumbList\",\"@id\":\"https:\\\/\\\/opticiansnb.com\\\/fr\\\/plaintes\\\/#breadcrumb\",\"itemListElement\":[{\"@type\":\"ListItem\",\"position\":1,\"name\":\"Home\",\"item\":\"https:\\\/\\\/opticiansnb.com\\\/fr\\\/\"},{\"@type\":\"ListItem\",\"position\":2,\"name\":\"Plaintes\"}]},{\"@type\":\"WebSite\",\"@id\":\"https:\\\/\\\/opticiansnb.com\\\/#website\",\"url\":\"https:\\\/\\\/opticiansnb.com\\\/\",\"name\":\"Opticians Association Of New Brunswick\",\"description\":\"Regulating Caring &amp; Competent Eye Care\",\"publisher\":{\"@id\":\"https:\\\/\\\/opticiansnb.com\\\/#organization\"},\"potentialAction\":[{\"@type\":\"SearchAction\",\"target\":{\"@type\":\"EntryPoint\",\"urlTemplate\":\"https:\\\/\\\/opticiansnb.com\\\/?s={search_term_string}\"},\"query-input\":{\"@type\":\"PropertyValueSpecification\",\"valueRequired\":true,\"valueName\":\"search_term_string\"}}],\"inLanguage\":\"fr-FR\"},{\"@type\":\"Organization\",\"@id\":\"https:\\\/\\\/opticiansnb.com\\\/#organization\",\"name\":\"Opticians Association of New Brunswick\",\"url\":\"https:\\\/\\\/opticiansnb.com\\\/\",\"logo\":{\"@type\":\"ImageObject\",\"inLanguage\":\"fr-FR\",\"@id\":\"https:\\\/\\\/opticiansnb.com\\\/#\\\/schema\\\/logo\\\/image\\\/\",\"url\":\"https:\\\/\\\/opticiansnb.com\\\/wp-content\\\/uploads\\\/2022\\\/01\\\/logo.svg\",\"contentUrl\":\"https:\\\/\\\/opticiansnb.com\\\/wp-content\\\/uploads\\\/2022\\\/01\\\/logo.svg\",\"width\":295,\"height\":73,\"caption\":\"Opticians Association of New Brunswick\"},\"image\":{\"@id\":\"https:\\\/\\\/opticiansnb.com\\\/#\\\/schema\\\/logo\\\/image\\\/\"},\"sameAs\":[\"https:\\\/\\\/www.facebook.com\\\/OpticiansAssociationOfNewBrunswick\\\/\"]}]}<\/script>\n<!-- \/ Yoast SEO plugin. -->","yoast_head_json":{"title":"Plaintes | Opticians Association Of New Brunswick","robots":{"index":"index","follow":"follow","max-snippet":"max-snippet:-1","max-image-preview":"max-image-preview:large","max-video-preview":"max-video-preview:-1"},"canonical":"https:\/\/opticiansnb.com\/fr\/plaintes\/","og_locale":"fr_FR","og_type":"article","og_title":"Plaintes | Opticians Association Of New Brunswick","og_description":"Plaintes Une personne peut d\u00e9poser une plainte aupr\u00e8s du registraire concernant la conduite ou les actions d&#8217;un membre. La plainte doit \u00eatre d\u00e9pos\u00e9e par \u00e9crit et doit comprendre le nom et l&#8217;adresse postale du plaignant ainsi que: Nom de l&#8217;inscrit Nom d&#8217;entreprise de l&#8217;inscrit Adresse d&#8217;affaires et num\u00e9ro de t\u00e9l\u00e9phone de l&#8217;inscrit L&#8217;heure et la&hellip;","og_url":"https:\/\/opticiansnb.com\/fr\/plaintes\/","og_site_name":"Opticians Association Of New Brunswick","article_publisher":"https:\/\/www.facebook.com\/OpticiansAssociationOfNewBrunswick\/","article_modified_time":"2022-06-21T12:37:14+00:00","og_image":[{"width":768,"height":467,"url":"https:\/\/opticiansnb.com\/wp-content\/uploads\/2022\/03\/Mask-Group-6.png","type":"image\/png"}],"twitter_card":"summary_large_image","schema":{"@context":"https:\/\/schema.org","@graph":[{"@type":"WebPage","@id":"https:\/\/opticiansnb.com\/fr\/plaintes\/","url":"https:\/\/opticiansnb.com\/fr\/plaintes\/","name":"Plaintes | Opticians Association Of New Brunswick","isPartOf":{"@id":"https:\/\/opticiansnb.com\/#website"},"datePublished":"2022-02-23T04:09:46+00:00","dateModified":"2022-06-21T12:37:14+00:00","breadcrumb":{"@id":"https:\/\/opticiansnb.com\/fr\/plaintes\/#breadcrumb"},"inLanguage":"fr-FR","potentialAction":[{"@type":"ReadAction","target":["https:\/\/opticiansnb.com\/fr\/plaintes\/"]}]},{"@type":"BreadcrumbList","@id":"https:\/\/opticiansnb.com\/fr\/plaintes\/#breadcrumb","itemListElement":[{"@type":"ListItem","position":1,"name":"Home","item":"https:\/\/opticiansnb.com\/fr\/"},{"@type":"ListItem","position":2,"name":"Plaintes"}]},{"@type":"WebSite","@id":"https:\/\/opticiansnb.com\/#website","url":"https:\/\/opticiansnb.com\/","name":"Opticians Association Of New Brunswick","description":"Regulating Caring &amp; Competent Eye Care","publisher":{"@id":"https:\/\/opticiansnb.com\/#organization"},"potentialAction":[{"@type":"SearchAction","target":{"@type":"EntryPoint","urlTemplate":"https:\/\/opticiansnb.com\/?s={search_term_string}"},"query-input":{"@type":"PropertyValueSpecification","valueRequired":true,"valueName":"search_term_string"}}],"inLanguage":"fr-FR"},{"@type":"Organization","@id":"https:\/\/opticiansnb.com\/#organization","name":"Opticians Association of New Brunswick","url":"https:\/\/opticiansnb.com\/","logo":{"@type":"ImageObject","inLanguage":"fr-FR","@id":"https:\/\/opticiansnb.com\/#\/schema\/logo\/image\/","url":"https:\/\/opticiansnb.com\/wp-content\/uploads\/2022\/01\/logo.svg","contentUrl":"https:\/\/opticiansnb.com\/wp-content\/uploads\/2022\/01\/logo.svg","width":295,"height":73,"caption":"Opticians Association of New Brunswick"},"image":{"@id":"https:\/\/opticiansnb.com\/#\/schema\/logo\/image\/"},"sameAs":["https:\/\/www.facebook.com\/OpticiansAssociationOfNewBrunswick\/"]}]}},"_links":{"self":[{"href":"https:\/\/opticiansnb.com\/fr\/wp-json\/wp\/v2\/pages\/682","targetHints":{"allow":["GET"]}}],"collection":[{"href":"https:\/\/opticiansnb.com\/fr\/wp-json\/wp\/v2\/pages"}],"about":[{"href":"https:\/\/opticiansnb.com\/fr\/wp-json\/wp\/v2\/types\/page"}],"author":[{"embeddable":true,"href":"https:\/\/opticiansnb.com\/fr\/wp-json\/wp\/v2\/users\/1"}],"replies":[{"embeddable":true,"href":"https:\/\/opticiansnb.com\/fr\/wp-json\/wp\/v2\/comments?post=682"}],"version-history":[{"count":7,"href":"https:\/\/opticiansnb.com\/fr\/wp-json\/wp\/v2\/pages\/682\/revisions"}],"predecessor-version":[{"id":2001,"href":"https:\/\/opticiansnb.com\/fr\/wp-json\/wp\/v2\/pages\/682\/revisions\/2001"}],"wp:attachment":[{"href":"https:\/\/opticiansnb.com\/fr\/wp-json\/wp\/v2\/media?parent=682"}],"curies":[{"name":"wp","href":"https:\/\/api.w.org\/{rel}","templated":true}]}}