{"id":681,"date":"2022-02-22T15:22:38","date_gmt":"2022-02-22T15:22:38","guid":{"rendered":"https:\/\/opticiansnb.com\/decorative-contacts\/"},"modified":"2022-03-24T14:11:22","modified_gmt":"2022-03-24T14:11:22","slug":"decorative-contacts","status":"publish","type":"page","link":"https:\/\/opticiansnb.com\/fr\/decorative-contacts\/","title":{"rendered":"Decorative Contacts"},"content":{"rendered":"\n<h1>\n\t\tLe danger des lentilles de contact d\u00e9coratives\n\t<\/h1>\n\t<p>Porter des lentilles de contact d\u00e9coratives pour le plaisir pourrait affecter votre vision pour la vie.\u00a0<\/p>\n\t<p>Les lentilles de contact d\u00e9coratives (\u00e9galement appel\u00e9es lentilles \u00ab mode\u00a0\u00bb, \u00ab\u00a0costume\u00a0\u00bb, \u00ab\u00a0cosm\u00e9tique\u00a0\u00bb ou \u00ab\u00a0color\u00e9\u00bb) ne corrigent pas la vision; ils changent l&#8217;apparence des yeux. Ces lentilles sont vendues dans les magasins de costumes et de nouveaut\u00e9s, chez les d\u00e9taillants de cosm\u00e9tiques et en ligne.\u00a0<\/p>\n\t\t\t<a href=\"https:\/\/www.aao.org\/eye-health\/tips-prevention\/julian-hamlin-costume-contacts-blinded\" target=\"_blank\" role=\"button\" rel=\"noopener\">\n\t\t\t\t\t\t\tLes contacts costum\u00e9s ont port\u00e9 un coup aveuglant \u00e0 la vision de Julian\n\t\t\t<\/a>\n\t\t\t<a href=\"https:\/\/www.aao.org\/eye-health\/tips-prevention\/costume-contacts-real-life-nightmare\" target=\"_blank\" role=\"button\" rel=\"noopener\">\n\t\t\t\t\t\t\tQuand les contacts costum\u00e9s deviennent un vrai cauchemar\n\t\t\t<\/a>\n\t<p>Sans l&#8217;aide de professionnels qualifi\u00e9s, les lentilles de contact d\u00e9coratives peuvent causer de graves dommages \u00e0 ceux qui choisissent de les porter, notamment:<\/p>\n\t<ul>\n<li aria-level=\"1\">Coupures ou \u00e9gratignures \u00e0 la couche sup\u00e9rieure du globe oculaire (abrasions corn\u00e9ennes)<\/li>\n<li aria-level=\"1\">R\u00e9actions allergiques (p. ex: d\u00e9mangeaison, lassation, yeux rouges)<\/li>\n<li aria-level=\"1\">Troubles de la vision\u00a0\u00a0<\/li>\n<li aria-level=\"1\">Infections<\/li>\n<li aria-level=\"1\">C\u00e9cit\u00e9<\/li>\n<\/ul>\n\t<p>Les risques d&#8217;effets secondaires (ou ind\u00e9sirables) des lentilles corn\u00e9ennes sont plus \u00e9lev\u00e9s chez les fumeurs et les personnes atteintes de certains probl\u00e8mes de sant\u00e9, comme les infections et les s\u00e9cheresses oculaires.<\/p>\n<p>Le risque d&#8217;effets ind\u00e9sirables avec les lentilles corn\u00e9ennes cosm\u00e9tiques non homologu\u00e9es peut \u00eatre plus \u00e9lev\u00e9 qu&#8217;avec les lentilles corn\u00e9ennes homologu\u00e9es sur ordonnance.<\/p>\n<p>Les clients sont prot\u00e9g\u00e9s contre les dangers inh\u00e9rents aux lentilles corn\u00e9ennes lorsque celles-ci sont correctement prescrites par un ophtalmologiste ou un optom\u00e9triste (pour la correction de la vision ou \u00e0 des fins esth\u00e9tiques). Ils subissent un examen de la sant\u00e9 oculaire avant de se faire prescrire des lentilles et re\u00e7oivent leurs lentilles d&#8217;un opticien qui est ajusteur de lentilles de contact professionnel qualifi\u00e9.<\/p>\n<p>L&#8217;ajusteur de lentilles corn\u00e9ennes instruit\u00a0 le porteur dans l&#8217;insertion, le retrait, l&#8217;entretien et le nettoyage des lentilles et font des suivis pour signaler des difficult\u00e9s.<\/p>\n<p>Pour aider \u00e0 rendre les lentilles corn\u00e9ennes d\u00e9coratives plus s\u00fbres, Sant\u00e9 Canada a commenc\u00e9 \u00e0 r\u00e9glementer ces produits en tant qu&#8217;instruments m\u00e9dicaux en 2016. Tous les produits doivent<\/p>\n<p>Pour aider \u00e0 rendre les lentilles corn\u00e9ennes d\u00e9coratives plus s\u00fbres, Sant\u00e9 Canada a commenc\u00e9 \u00e0 r\u00e9glementer ces produits en tant qu&#8217;instruments m\u00e9dicaux en 2016. Tous les produits doivent maintenant \u00eatre homologu\u00e9s par Sant\u00e9 Canada avant de pouvoir \u00eatre vendus.\u00a0 La vente de produits de sant\u00e9 non homot\u00e9r\u00e9s au Canada est ill\u00e9gale.\u00a0<\/p>\n\t<p><b>Ne prenez pas de risques, consultez un professionnel de la vue avant d&#8217;ins\u00e9rer quoi que ce soit dans vos yeux.<\/b><\/p>\n\t\t\t\t<img loading=\"lazy\" decoding=\"async\" src=\"https:\/\/opticiansnb.com\/wp-content\/uploads\/2022\/03\/Mask-Group-1.png\" alt=\"Mask Group -1\" itemprop=\"image\" height=\"778\" width=\"788\" title=\"Mask Group -1\" onerror=\"this.style.display='none'\"  \/>\n\n","protected":false},"excerpt":{"rendered":"<p>Le danger des lentilles de contact d\u00e9coratives Porter des lentilles de contact d\u00e9coratives pour le plaisir pourrait affecter votre vision pour la vie.\u00a0 Les lentilles de contact d\u00e9coratives (\u00e9galement appel\u00e9es lentilles \u00ab mode\u00a0\u00bb, \u00ab\u00a0costume\u00a0\u00bb, \u00ab\u00a0cosm\u00e9tique\u00a0\u00bb ou \u00ab\u00a0color\u00e9\u00bb) ne corrigent pas la vision; ils changent l&#8217;apparence des yeux. Ces lentilles sont vendues dans les magasins de&hellip;<\/p>\n","protected":false},"author":1,"featured_media":0,"parent":0,"menu_order":0,"comment_status":"closed","ping_status":"closed","template":"","meta":{"_acf_changed":false,"content-type":"","inline_featured_image":false,"footnotes":""},"class_list":["post-681","page","type-page","status-publish","hentry"],"acf":[],"yoast_head":"<!-- This site is optimized with the Yoast SEO plugin v27.4 - https:\/\/yoast.com\/product\/yoast-seo-wordpress\/ -->\n<title>Decorative Contacts | Opticians Association Of New Brunswick<\/title>\n<meta name=\"robots\" content=\"index, follow, max-snippet:-1, max-image-preview:large, max-video-preview:-1\" \/>\n<link rel=\"canonical\" href=\"https:\/\/opticiansnb.com\/fr\/decorative-contacts\/\" \/>\n<meta property=\"og:locale\" content=\"fr_FR\" \/>\n<meta property=\"og:type\" content=\"article\" \/>\n<meta property=\"og:title\" content=\"Decorative Contacts | Opticians Association Of New Brunswick\" \/>\n<meta property=\"og:description\" content=\"Le danger des lentilles de contact d\u00e9coratives Porter des lentilles de contact d\u00e9coratives pour le plaisir pourrait affecter votre vision pour la vie.\u00a0 Les lentilles de contact d\u00e9coratives (\u00e9galement appel\u00e9es lentilles \u00ab mode\u00a0\u00bb, \u00ab\u00a0costume\u00a0\u00bb, \u00ab\u00a0cosm\u00e9tique\u00a0\u00bb ou \u00ab\u00a0color\u00e9\u00bb) ne corrigent pas la vision; ils changent l&#8217;apparence des yeux. Ces lentilles sont vendues dans les magasins de&hellip;\" \/>\n<meta property=\"og:url\" content=\"https:\/\/opticiansnb.com\/fr\/decorative-contacts\/\" \/>\n<meta property=\"og:site_name\" content=\"Opticians Association Of New Brunswick\" \/>\n<meta property=\"article:publisher\" content=\"https:\/\/www.facebook.com\/OpticiansAssociationOfNewBrunswick\/\" \/>\n<meta property=\"article:modified_time\" content=\"2022-03-24T14:11:22+00:00\" \/>\n<meta property=\"og:image\" content=\"https:\/\/opticiansnb.com\/wp-content\/uploads\/2022\/03\/Mask-Group-1.png\" \/>\n<meta name=\"twitter:card\" content=\"summary_large_image\" \/>\n<script type=\"application\/ld+json\" class=\"yoast-schema-graph\">{\"@context\":\"https:\\\/\\\/schema.org\",\"@graph\":[{\"@type\":\"WebPage\",\"@id\":\"https:\\\/\\\/opticiansnb.com\\\/fr\\\/decorative-contacts\\\/\",\"url\":\"https:\\\/\\\/opticiansnb.com\\\/fr\\\/decorative-contacts\\\/\",\"name\":\"Decorative Contacts | Opticians Association Of New Brunswick\",\"isPartOf\":{\"@id\":\"https:\\\/\\\/opticiansnb.com\\\/#website\"},\"primaryImageOfPage\":{\"@id\":\"https:\\\/\\\/opticiansnb.com\\\/fr\\\/decorative-contacts\\\/#primaryimage\"},\"image\":{\"@id\":\"https:\\\/\\\/opticiansnb.com\\\/fr\\\/decorative-contacts\\\/#primaryimage\"},\"thumbnailUrl\":\"https:\\\/\\\/opticiansnb.com\\\/wp-content\\\/uploads\\\/2022\\\/03\\\/Mask-Group-1.png\",\"datePublished\":\"2022-02-22T15:22:38+00:00\",\"dateModified\":\"2022-03-24T14:11:22+00:00\",\"breadcrumb\":{\"@id\":\"https:\\\/\\\/opticiansnb.com\\\/fr\\\/decorative-contacts\\\/#breadcrumb\"},\"inLanguage\":\"fr-FR\",\"potentialAction\":[{\"@type\":\"ReadAction\",\"target\":[\"https:\\\/\\\/opticiansnb.com\\\/fr\\\/decorative-contacts\\\/\"]}]},{\"@type\":\"ImageObject\",\"inLanguage\":\"fr-FR\",\"@id\":\"https:\\\/\\\/opticiansnb.com\\\/fr\\\/decorative-contacts\\\/#primaryimage\",\"url\":\"https:\\\/\\\/opticiansnb.com\\\/wp-content\\\/uploads\\\/2022\\\/03\\\/Mask-Group-1.png\",\"contentUrl\":\"https:\\\/\\\/opticiansnb.com\\\/wp-content\\\/uploads\\\/2022\\\/03\\\/Mask-Group-1.png\"},{\"@type\":\"BreadcrumbList\",\"@id\":\"https:\\\/\\\/opticiansnb.com\\\/fr\\\/decorative-contacts\\\/#breadcrumb\",\"itemListElement\":[{\"@type\":\"ListItem\",\"position\":1,\"name\":\"Home\",\"item\":\"https:\\\/\\\/opticiansnb.com\\\/fr\\\/\"},{\"@type\":\"ListItem\",\"position\":2,\"name\":\"Decorative Contacts\"}]},{\"@type\":\"WebSite\",\"@id\":\"https:\\\/\\\/opticiansnb.com\\\/#website\",\"url\":\"https:\\\/\\\/opticiansnb.com\\\/\",\"name\":\"Opticians Association Of New Brunswick\",\"description\":\"Regulating Caring &amp; Competent Eye Care\",\"publisher\":{\"@id\":\"https:\\\/\\\/opticiansnb.com\\\/#organization\"},\"potentialAction\":[{\"@type\":\"SearchAction\",\"target\":{\"@type\":\"EntryPoint\",\"urlTemplate\":\"https:\\\/\\\/opticiansnb.com\\\/?s={search_term_string}\"},\"query-input\":{\"@type\":\"PropertyValueSpecification\",\"valueRequired\":true,\"valueName\":\"search_term_string\"}}],\"inLanguage\":\"fr-FR\"},{\"@type\":\"Organization\",\"@id\":\"https:\\\/\\\/opticiansnb.com\\\/#organization\",\"name\":\"Opticians Association of New Brunswick\",\"url\":\"https:\\\/\\\/opticiansnb.com\\\/\",\"logo\":{\"@type\":\"ImageObject\",\"inLanguage\":\"fr-FR\",\"@id\":\"https:\\\/\\\/opticiansnb.com\\\/#\\\/schema\\\/logo\\\/image\\\/\",\"url\":\"https:\\\/\\\/opticiansnb.com\\\/wp-content\\\/uploads\\\/2022\\\/01\\\/logo.svg\",\"contentUrl\":\"https:\\\/\\\/opticiansnb.com\\\/wp-content\\\/uploads\\\/2022\\\/01\\\/logo.svg\",\"width\":295,\"height\":73,\"caption\":\"Opticians Association of New Brunswick\"},\"image\":{\"@id\":\"https:\\\/\\\/opticiansnb.com\\\/#\\\/schema\\\/logo\\\/image\\\/\"},\"sameAs\":[\"https:\\\/\\\/www.facebook.com\\\/OpticiansAssociationOfNewBrunswick\\\/\"]}]}<\/script>\n<!-- \/ Yoast SEO plugin. -->","yoast_head_json":{"title":"Decorative Contacts | Opticians Association Of New Brunswick","robots":{"index":"index","follow":"follow","max-snippet":"max-snippet:-1","max-image-preview":"max-image-preview:large","max-video-preview":"max-video-preview:-1"},"canonical":"https:\/\/opticiansnb.com\/fr\/decorative-contacts\/","og_locale":"fr_FR","og_type":"article","og_title":"Decorative Contacts | Opticians Association Of New Brunswick","og_description":"Le danger des lentilles de contact d\u00e9coratives Porter des lentilles de contact d\u00e9coratives pour le plaisir pourrait affecter votre vision pour la vie.\u00a0 Les lentilles de contact d\u00e9coratives (\u00e9galement appel\u00e9es lentilles \u00ab mode\u00a0\u00bb, \u00ab\u00a0costume\u00a0\u00bb, \u00ab\u00a0cosm\u00e9tique\u00a0\u00bb ou \u00ab\u00a0color\u00e9\u00bb) ne corrigent pas la vision; ils changent l&#8217;apparence des yeux. Ces lentilles sont vendues dans les magasins de&hellip;","og_url":"https:\/\/opticiansnb.com\/fr\/decorative-contacts\/","og_site_name":"Opticians Association Of New Brunswick","article_publisher":"https:\/\/www.facebook.com\/OpticiansAssociationOfNewBrunswick\/","article_modified_time":"2022-03-24T14:11:22+00:00","og_image":[{"url":"https:\/\/opticiansnb.com\/wp-content\/uploads\/2022\/03\/Mask-Group-1.png","type":"","width":"","height":""}],"twitter_card":"summary_large_image","schema":{"@context":"https:\/\/schema.org","@graph":[{"@type":"WebPage","@id":"https:\/\/opticiansnb.com\/fr\/decorative-contacts\/","url":"https:\/\/opticiansnb.com\/fr\/decorative-contacts\/","name":"Decorative Contacts | Opticians Association Of New Brunswick","isPartOf":{"@id":"https:\/\/opticiansnb.com\/#website"},"primaryImageOfPage":{"@id":"https:\/\/opticiansnb.com\/fr\/decorative-contacts\/#primaryimage"},"image":{"@id":"https:\/\/opticiansnb.com\/fr\/decorative-contacts\/#primaryimage"},"thumbnailUrl":"https:\/\/opticiansnb.com\/wp-content\/uploads\/2022\/03\/Mask-Group-1.png","datePublished":"2022-02-22T15:22:38+00:00","dateModified":"2022-03-24T14:11:22+00:00","breadcrumb":{"@id":"https:\/\/opticiansnb.com\/fr\/decorative-contacts\/#breadcrumb"},"inLanguage":"fr-FR","potentialAction":[{"@type":"ReadAction","target":["https:\/\/opticiansnb.com\/fr\/decorative-contacts\/"]}]},{"@type":"ImageObject","inLanguage":"fr-FR","@id":"https:\/\/opticiansnb.com\/fr\/decorative-contacts\/#primaryimage","url":"https:\/\/opticiansnb.com\/wp-content\/uploads\/2022\/03\/Mask-Group-1.png","contentUrl":"https:\/\/opticiansnb.com\/wp-content\/uploads\/2022\/03\/Mask-Group-1.png"},{"@type":"BreadcrumbList","@id":"https:\/\/opticiansnb.com\/fr\/decorative-contacts\/#breadcrumb","itemListElement":[{"@type":"ListItem","position":1,"name":"Home","item":"https:\/\/opticiansnb.com\/fr\/"},{"@type":"ListItem","position":2,"name":"Decorative Contacts"}]},{"@type":"WebSite","@id":"https:\/\/opticiansnb.com\/#website","url":"https:\/\/opticiansnb.com\/","name":"Opticians Association Of New Brunswick","description":"Regulating Caring &amp; Competent Eye Care","publisher":{"@id":"https:\/\/opticiansnb.com\/#organization"},"potentialAction":[{"@type":"SearchAction","target":{"@type":"EntryPoint","urlTemplate":"https:\/\/opticiansnb.com\/?s={search_term_string}"},"query-input":{"@type":"PropertyValueSpecification","valueRequired":true,"valueName":"search_term_string"}}],"inLanguage":"fr-FR"},{"@type":"Organization","@id":"https:\/\/opticiansnb.com\/#organization","name":"Opticians Association of New Brunswick","url":"https:\/\/opticiansnb.com\/","logo":{"@type":"ImageObject","inLanguage":"fr-FR","@id":"https:\/\/opticiansnb.com\/#\/schema\/logo\/image\/","url":"https:\/\/opticiansnb.com\/wp-content\/uploads\/2022\/01\/logo.svg","contentUrl":"https:\/\/opticiansnb.com\/wp-content\/uploads\/2022\/01\/logo.svg","width":295,"height":73,"caption":"Opticians Association of New Brunswick"},"image":{"@id":"https:\/\/opticiansnb.com\/#\/schema\/logo\/image\/"},"sameAs":["https:\/\/www.facebook.com\/OpticiansAssociationOfNewBrunswick\/"]}]}},"_links":{"self":[{"href":"https:\/\/opticiansnb.com\/fr\/wp-json\/wp\/v2\/pages\/681","targetHints":{"allow":["GET"]}}],"collection":[{"href":"https:\/\/opticiansnb.com\/fr\/wp-json\/wp\/v2\/pages"}],"about":[{"href":"https:\/\/opticiansnb.com\/fr\/wp-json\/wp\/v2\/types\/page"}],"author":[{"embeddable":true,"href":"https:\/\/opticiansnb.com\/fr\/wp-json\/wp\/v2\/users\/1"}],"replies":[{"embeddable":true,"href":"https:\/\/opticiansnb.com\/fr\/wp-json\/wp\/v2\/comments?post=681"}],"version-history":[{"count":8,"href":"https:\/\/opticiansnb.com\/fr\/wp-json\/wp\/v2\/pages\/681\/revisions"}],"predecessor-version":[{"id":1129,"href":"https:\/\/opticiansnb.com\/fr\/wp-json\/wp\/v2\/pages\/681\/revisions\/1129"}],"wp:attachment":[{"href":"https:\/\/opticiansnb.com\/fr\/wp-json\/wp\/v2\/media?parent=681"}],"curies":[{"name":"wp","href":"https:\/\/api.w.org\/{rel}","templated":true}]}}