{"id":680,"date":"2022-02-23T03:16:41","date_gmt":"2022-02-23T03:16:41","guid":{"rendered":"https:\/\/opticiansnb.com\/eyeglasses-contact-lenses-or-both\/"},"modified":"2022-03-28T13:17:17","modified_gmt":"2022-03-28T13:17:17","slug":"lunettes-lentilles-corneennes-ou-les-deux","status":"publish","type":"page","link":"https:\/\/opticiansnb.com\/fr\/lunettes-lentilles-corneennes-ou-les-deux\/","title":{"rendered":"Lunettes, lentilles corn\u00e9ennes ou les deux?"},"content":{"rendered":"\n<h1>\n\t\tLunettes, lentilles corn\u00e9ennes ou les deux ?\n\t<\/h1>\n<h2>\n\t\tLunettes\n\t<\/h2>\n\t<p>Les lunettes refl\u00e8tent votre individualit\u00e9. Les opticiens vous aident \u00e0 faire les bons choix.\u00a0<\/p>\n<p>Une fois qu&#8217;une ordonnance de verres correcteurs est pr\u00e9sent\u00e9e par un client \u00e0 un opticien, il y a des choix importants \u00e0 faire :\u00a0<\/p>\n<ul>\n<li>Monture &#8211; plastique, m\u00e9tal ou une combinaison des deux<\/li>\n<li>Style et couleur<\/li>\n<li>Prix<\/li>\n<li>Achat de teintes et de rev\u00eatements en option<\/li>\n<\/ul>\n<p>Si votre choix de monture est limit\u00e9 par le type de lentille dont vous avez besoin, votre opticien vous montrera une gamme de montures appropri\u00e9es, pour vous aider \u00e0 faire une s\u00e9lection \u00e9clair\u00e9e. Votre opticien vous conseillera sur le meilleur choix pour vos lentilles de lunettes, en fonction des mat\u00e9riaux les plus s\u00fbrs et les plus l\u00e9gers et du style le plus appropri\u00e9 possible avec votre prescription.\u00a0<\/p>\n<h2>\n\t\tLentilles corn\u00e9ennes \n\t<\/h2>\n\t<p>Les consommateurs choisissent de plus en plus les lentilles corn\u00e9ennes pour corriger leur vue. Les lentilles corn\u00e9ennes peuvent \u00eatre port\u00e9es seules ou alternativement avec des lunettes. Avant de choisir des lentilles de contact, discutez de l&#8217;option avec un ophtalmologiste, pour obtenir l&#8217;autorisation m\u00e9dicale de les porter. Ensuite, parlez \u00e0 un opticien pour vous assurer que les lentilles corn\u00e9ennes correspondront \u00e0 votre style de vie et renseignez-vous sur les options disponibles.\u00a0<\/p>\n<ul>\n<li aria-level=\"1\">Lentilles dures (rigides) et douces (flexibles) &#8211; ce que vous avez choisi d\u00e9pend de votre correction, de votre style de vie, des conseils de votre ophtalmologiste et de votre opticien.\u00a0<\/li>\n<li aria-level=\"1\">Styles et mat\u00e9riaux de lentilles\u00a0<\/li>\n<li aria-level=\"1\">Teintes<\/li>\n<li aria-level=\"1\">Lentilles jetables\u00a0<\/li>\n<li aria-level=\"1\">Lentilles \u00e0 port prolong\u00e9\u00a0<\/li>\n<\/ul>\n<p>L&#8217;ajustement et la distribution de lentilles corn\u00e9ennes au Nouveau-Brunswick n\u00e9cessitent une certification sp\u00e9ciale et assure que l&#8217;opticien qui vous aide est un ajusteur de lentilles corn\u00e9ennes certifi\u00e9. Les porteurs de lentilles corn\u00e9ennes pour la premi\u00e8re fois sont r\u00e9guli\u00e8rement v\u00e9rifi\u00e9s pour s&#8217;assurer qu&#8217;ils sont bien ajust\u00e9s afin d&#8217;\u00e9viter les probl\u00e8mes oculaires; et a enseign\u00e9 les bonnes technique pour l&#8217;insertion, le retrait, et le soin de lentille, par un opticien qualifi\u00e9 de lentille de contact.<\/p>\n<h2>\n\t\tOptions de correction des lunettes :  \n\t<\/h2>\n\t<ul>\n<li><strong>Lunettes de lecture sur ordonnance<\/strong> &#8211; Si vous n&#8217;avez pas d&#8217;autres probl\u00e8mes de vision, vous pouvez utiliser des lunettes avec des lentilles de prescription pour la lecture seulement. Vous devrez les supprimer lorsque vous ne lisez pas.<\/li>\n<li><strong>Les lentilles bifocales<\/strong> fournissent \u00e0 la fois des corrections de distance et de gros plan avec une ligne horizontale visible qui s\u00e9pare votre prescription de distance (au-dessus de la ligne) et votre prescription de lecture (au-dessous de la ligne).<\/li>\n<li><strong>Les lentilles trifocales<\/strong> <strong>ont des corrections<\/strong> pour la vision de pr\u00e8s, la vision de demi-distance (comme pour les \u00e9crans d&#8217;ordinateur) et la vision de loin.<\/li>\n<li><strong>Les trifocales sont livr\u00e9es<\/strong> avec deux lignes horizontales visibles dans les lentilles.<\/li>\n<li><strong>Les lentilles multifocales<\/strong> <strong>progressives<\/strong> n&#8217;ont pas de lignes horizontales visibles, mais de multiples puissances pour les corrections de distance, de demi-distance et de gros plan. Diff\u00e9rentes zones de l&#8217;objectif ont des forces de mise au point diff\u00e9rentes.<\/li>\n<li><strong>Les verres progressifs de bureau<\/strong> ont des corrections pour le travail de pr\u00e8s. Ceux-ci sont utilis\u00e9s pour le travail informatique ou la lecture et enlev\u00e9s pour la marche ou la conduite.<\/li>\n<\/ul>\n<h2>\n\t\tOptions de correction des lentilles corn\u00e9ennes :\n\t<\/h2>\n\t<p>Les lentilles de contact sont une excellente option pour ceux qui n&#8217;ont pas certaines conditions li\u00e9es aux paupi\u00e8res, aux canaux lacrymaux ou \u00e0 la surface de vos yeux\u00a0 &#8211; comme la s\u00e9cheresse oculaire. Si votre ophtalmologiste estime que vous \u00eates un candidat pour les lentilles de contact, il existe une vari\u00e9t\u00e9 de types qui peuvent \u00eatre prescrits.<\/p>\n<p>Pour plus d&#8217;informations, consultez un sp\u00e9cialiste agr\u00e9\u00e9 des lentilles de contact.<\/p>\n<p><b>Recherchez le C, pour \u00ab\u00a0Lentilles corn\u00e9ennes autoris\u00e9es\u00a0\u00bb sur la pi\u00e8ce d&#8217;identit\u00e9 avec photo de votre opticien pour des soins certifi\u00e9s<\/b><\/p>\n\n","protected":false},"excerpt":{"rendered":"<p>Lunettes, lentilles corn\u00e9ennes ou les deux ? Lunettes Les lunettes refl\u00e8tent votre individualit\u00e9. Les opticiens vous aident \u00e0 faire les bons choix.\u00a0 Une fois qu&#8217;une ordonnance de verres correcteurs est pr\u00e9sent\u00e9e par un client \u00e0 un opticien, il y a des choix importants \u00e0 faire :\u00a0 Monture &#8211; plastique, m\u00e9tal ou une combinaison des deux&hellip;<\/p>\n","protected":false},"author":1,"featured_media":0,"parent":0,"menu_order":0,"comment_status":"closed","ping_status":"closed","template":"","meta":{"_acf_changed":false,"content-type":"","inline_featured_image":false,"footnotes":""},"class_list":["post-680","page","type-page","status-publish","hentry"],"acf":[],"yoast_head":"<!-- This site is optimized with the Yoast SEO plugin v27.4 - https:\/\/yoast.com\/product\/yoast-seo-wordpress\/ -->\n<title>Lunettes, lentilles corn\u00e9ennes ou les deux? | Opticians Association Of New Brunswick<\/title>\n<meta name=\"robots\" content=\"index, follow, max-snippet:-1, max-image-preview:large, max-video-preview:-1\" \/>\n<link rel=\"canonical\" href=\"https:\/\/opticiansnb.com\/fr\/lunettes-lentilles-corneennes-ou-les-deux\/\" \/>\n<meta property=\"og:locale\" content=\"fr_FR\" \/>\n<meta property=\"og:type\" content=\"article\" \/>\n<meta property=\"og:title\" content=\"Lunettes, lentilles corn\u00e9ennes ou les deux? | Opticians Association Of New Brunswick\" \/>\n<meta property=\"og:description\" content=\"Lunettes, lentilles corn\u00e9ennes ou les deux ? Lunettes Les lunettes refl\u00e8tent votre individualit\u00e9. Les opticiens vous aident \u00e0 faire les bons choix.\u00a0 Une fois qu&#8217;une ordonnance de verres correcteurs est pr\u00e9sent\u00e9e par un client \u00e0 un opticien, il y a des choix importants \u00e0 faire :\u00a0 Monture &#8211; plastique, m\u00e9tal ou une combinaison des deux&hellip;\" \/>\n<meta property=\"og:url\" content=\"https:\/\/opticiansnb.com\/fr\/lunettes-lentilles-corneennes-ou-les-deux\/\" \/>\n<meta property=\"og:site_name\" content=\"Opticians Association Of New Brunswick\" \/>\n<meta property=\"article:publisher\" content=\"https:\/\/www.facebook.com\/OpticiansAssociationOfNewBrunswick\/\" \/>\n<meta property=\"article:modified_time\" content=\"2022-03-28T13:17:17+00:00\" \/>\n<meta property=\"og:image\" content=\"https:\/\/opticiansnb.com\/wp-content\/uploads\/2022\/03\/Mask-Group-6.png\" \/>\n\t<meta property=\"og:image:width\" content=\"768\" \/>\n\t<meta property=\"og:image:height\" content=\"467\" \/>\n\t<meta property=\"og:image:type\" content=\"image\/png\" \/>\n<meta name=\"twitter:card\" content=\"summary_large_image\" \/>\n<script type=\"application\/ld+json\" class=\"yoast-schema-graph\">{\"@context\":\"https:\\\/\\\/schema.org\",\"@graph\":[{\"@type\":\"WebPage\",\"@id\":\"https:\\\/\\\/opticiansnb.com\\\/fr\\\/lunettes-lentilles-corneennes-ou-les-deux\\\/\",\"url\":\"https:\\\/\\\/opticiansnb.com\\\/fr\\\/lunettes-lentilles-corneennes-ou-les-deux\\\/\",\"name\":\"Lunettes, lentilles corn\u00e9ennes ou les deux? | Opticians Association Of New Brunswick\",\"isPartOf\":{\"@id\":\"https:\\\/\\\/opticiansnb.com\\\/#website\"},\"datePublished\":\"2022-02-23T03:16:41+00:00\",\"dateModified\":\"2022-03-28T13:17:17+00:00\",\"breadcrumb\":{\"@id\":\"https:\\\/\\\/opticiansnb.com\\\/fr\\\/lunettes-lentilles-corneennes-ou-les-deux\\\/#breadcrumb\"},\"inLanguage\":\"fr-FR\",\"potentialAction\":[{\"@type\":\"ReadAction\",\"target\":[\"https:\\\/\\\/opticiansnb.com\\\/fr\\\/lunettes-lentilles-corneennes-ou-les-deux\\\/\"]}]},{\"@type\":\"BreadcrumbList\",\"@id\":\"https:\\\/\\\/opticiansnb.com\\\/fr\\\/lunettes-lentilles-corneennes-ou-les-deux\\\/#breadcrumb\",\"itemListElement\":[{\"@type\":\"ListItem\",\"position\":1,\"name\":\"Home\",\"item\":\"https:\\\/\\\/opticiansnb.com\\\/fr\\\/\"},{\"@type\":\"ListItem\",\"position\":2,\"name\":\"Lunettes, lentilles corn\u00e9ennes ou les deux?\"}]},{\"@type\":\"WebSite\",\"@id\":\"https:\\\/\\\/opticiansnb.com\\\/#website\",\"url\":\"https:\\\/\\\/opticiansnb.com\\\/\",\"name\":\"Opticians Association Of New Brunswick\",\"description\":\"Regulating Caring &amp; Competent Eye Care\",\"publisher\":{\"@id\":\"https:\\\/\\\/opticiansnb.com\\\/#organization\"},\"potentialAction\":[{\"@type\":\"SearchAction\",\"target\":{\"@type\":\"EntryPoint\",\"urlTemplate\":\"https:\\\/\\\/opticiansnb.com\\\/?s={search_term_string}\"},\"query-input\":{\"@type\":\"PropertyValueSpecification\",\"valueRequired\":true,\"valueName\":\"search_term_string\"}}],\"inLanguage\":\"fr-FR\"},{\"@type\":\"Organization\",\"@id\":\"https:\\\/\\\/opticiansnb.com\\\/#organization\",\"name\":\"Opticians Association of New Brunswick\",\"url\":\"https:\\\/\\\/opticiansnb.com\\\/\",\"logo\":{\"@type\":\"ImageObject\",\"inLanguage\":\"fr-FR\",\"@id\":\"https:\\\/\\\/opticiansnb.com\\\/#\\\/schema\\\/logo\\\/image\\\/\",\"url\":\"https:\\\/\\\/opticiansnb.com\\\/wp-content\\\/uploads\\\/2022\\\/01\\\/logo.svg\",\"contentUrl\":\"https:\\\/\\\/opticiansnb.com\\\/wp-content\\\/uploads\\\/2022\\\/01\\\/logo.svg\",\"width\":295,\"height\":73,\"caption\":\"Opticians Association of New Brunswick\"},\"image\":{\"@id\":\"https:\\\/\\\/opticiansnb.com\\\/#\\\/schema\\\/logo\\\/image\\\/\"},\"sameAs\":[\"https:\\\/\\\/www.facebook.com\\\/OpticiansAssociationOfNewBrunswick\\\/\"]}]}<\/script>\n<!-- \/ Yoast SEO plugin. -->","yoast_head_json":{"title":"Lunettes, lentilles corn\u00e9ennes ou les deux? | Opticians Association Of New Brunswick","robots":{"index":"index","follow":"follow","max-snippet":"max-snippet:-1","max-image-preview":"max-image-preview:large","max-video-preview":"max-video-preview:-1"},"canonical":"https:\/\/opticiansnb.com\/fr\/lunettes-lentilles-corneennes-ou-les-deux\/","og_locale":"fr_FR","og_type":"article","og_title":"Lunettes, lentilles corn\u00e9ennes ou les deux? | Opticians Association Of New Brunswick","og_description":"Lunettes, lentilles corn\u00e9ennes ou les deux ? Lunettes Les lunettes refl\u00e8tent votre individualit\u00e9. Les opticiens vous aident \u00e0 faire les bons choix.\u00a0 Une fois qu&#8217;une ordonnance de verres correcteurs est pr\u00e9sent\u00e9e par un client \u00e0 un opticien, il y a des choix importants \u00e0 faire :\u00a0 Monture &#8211; plastique, m\u00e9tal ou une combinaison des deux&hellip;","og_url":"https:\/\/opticiansnb.com\/fr\/lunettes-lentilles-corneennes-ou-les-deux\/","og_site_name":"Opticians Association Of New Brunswick","article_publisher":"https:\/\/www.facebook.com\/OpticiansAssociationOfNewBrunswick\/","article_modified_time":"2022-03-28T13:17:17+00:00","og_image":[{"width":768,"height":467,"url":"https:\/\/opticiansnb.com\/wp-content\/uploads\/2022\/03\/Mask-Group-6.png","type":"image\/png"}],"twitter_card":"summary_large_image","schema":{"@context":"https:\/\/schema.org","@graph":[{"@type":"WebPage","@id":"https:\/\/opticiansnb.com\/fr\/lunettes-lentilles-corneennes-ou-les-deux\/","url":"https:\/\/opticiansnb.com\/fr\/lunettes-lentilles-corneennes-ou-les-deux\/","name":"Lunettes, lentilles corn\u00e9ennes ou les deux? | Opticians Association Of New Brunswick","isPartOf":{"@id":"https:\/\/opticiansnb.com\/#website"},"datePublished":"2022-02-23T03:16:41+00:00","dateModified":"2022-03-28T13:17:17+00:00","breadcrumb":{"@id":"https:\/\/opticiansnb.com\/fr\/lunettes-lentilles-corneennes-ou-les-deux\/#breadcrumb"},"inLanguage":"fr-FR","potentialAction":[{"@type":"ReadAction","target":["https:\/\/opticiansnb.com\/fr\/lunettes-lentilles-corneennes-ou-les-deux\/"]}]},{"@type":"BreadcrumbList","@id":"https:\/\/opticiansnb.com\/fr\/lunettes-lentilles-corneennes-ou-les-deux\/#breadcrumb","itemListElement":[{"@type":"ListItem","position":1,"name":"Home","item":"https:\/\/opticiansnb.com\/fr\/"},{"@type":"ListItem","position":2,"name":"Lunettes, lentilles corn\u00e9ennes ou les deux?"}]},{"@type":"WebSite","@id":"https:\/\/opticiansnb.com\/#website","url":"https:\/\/opticiansnb.com\/","name":"Opticians Association Of New Brunswick","description":"Regulating Caring &amp; Competent Eye Care","publisher":{"@id":"https:\/\/opticiansnb.com\/#organization"},"potentialAction":[{"@type":"SearchAction","target":{"@type":"EntryPoint","urlTemplate":"https:\/\/opticiansnb.com\/?s={search_term_string}"},"query-input":{"@type":"PropertyValueSpecification","valueRequired":true,"valueName":"search_term_string"}}],"inLanguage":"fr-FR"},{"@type":"Organization","@id":"https:\/\/opticiansnb.com\/#organization","name":"Opticians Association of New Brunswick","url":"https:\/\/opticiansnb.com\/","logo":{"@type":"ImageObject","inLanguage":"fr-FR","@id":"https:\/\/opticiansnb.com\/#\/schema\/logo\/image\/","url":"https:\/\/opticiansnb.com\/wp-content\/uploads\/2022\/01\/logo.svg","contentUrl":"https:\/\/opticiansnb.com\/wp-content\/uploads\/2022\/01\/logo.svg","width":295,"height":73,"caption":"Opticians Association of New Brunswick"},"image":{"@id":"https:\/\/opticiansnb.com\/#\/schema\/logo\/image\/"},"sameAs":["https:\/\/www.facebook.com\/OpticiansAssociationOfNewBrunswick\/"]}]}},"_links":{"self":[{"href":"https:\/\/opticiansnb.com\/fr\/wp-json\/wp\/v2\/pages\/680","targetHints":{"allow":["GET"]}}],"collection":[{"href":"https:\/\/opticiansnb.com\/fr\/wp-json\/wp\/v2\/pages"}],"about":[{"href":"https:\/\/opticiansnb.com\/fr\/wp-json\/wp\/v2\/types\/page"}],"author":[{"embeddable":true,"href":"https:\/\/opticiansnb.com\/fr\/wp-json\/wp\/v2\/users\/1"}],"replies":[{"embeddable":true,"href":"https:\/\/opticiansnb.com\/fr\/wp-json\/wp\/v2\/comments?post=680"}],"version-history":[{"count":9,"href":"https:\/\/opticiansnb.com\/fr\/wp-json\/wp\/v2\/pages\/680\/revisions"}],"predecessor-version":[{"id":1168,"href":"https:\/\/opticiansnb.com\/fr\/wp-json\/wp\/v2\/pages\/680\/revisions\/1168"}],"wp:attachment":[{"href":"https:\/\/opticiansnb.com\/fr\/wp-json\/wp\/v2\/media?parent=680"}],"curies":[{"name":"wp","href":"https:\/\/api.w.org\/{rel}","templated":true}]}}