{"id":679,"date":"2022-02-22T16:27:15","date_gmt":"2022-02-22T16:27:15","guid":{"rendered":"https:\/\/opticiansnb.com\/eyewear-online\/"},"modified":"2022-03-28T13:19:43","modified_gmt":"2022-03-28T13:19:43","slug":"eyewear-online","status":"publish","type":"page","link":"https:\/\/opticiansnb.com\/fr\/eyewear-online\/","title":{"rendered":"Eyewear Online"},"content":{"rendered":"\n<h1>\n\t\tVotre vision est pr\u00e9cieuse &#8211; Probl\u00e8mes d&#8217;achat de lunettes en ligne\n\t<\/h1>\n\t<p>La commodit\u00e9, la gamme et le prix des produits rendent l&#8217;achat en ligne tentant. Pour les articles, comme les lunettes cependant, il peut y avoir un prix \u00e0 payer qui n&#8217;est pas refl\u00e9t\u00e9 dans l&#8217;\u00e9tiquette du prix en ligne.\u00a0<\/p>\n<p>Les sp\u00e9cialistes des soins de la vue n&#8217;envisageraient pas de fournir des lunettes \u00e0 quelqu&#8217;un qu&#8217;ils n&#8217;ont pas vu, d&#8217;\u00e9valuer leur sant\u00e9 oculaire, les exigences visuelles et de performer les mesures et les ajustements appropri\u00e9s des lunettes et des lentilles corn\u00e9ennes. Votre vision est pr\u00e9cieuse!<\/p>\n\t<p>Une \u00e9tude publi\u00e9e par la revue m\u00e9dicale: <i>Optometry:<\/i> <i>Journal of the American Optometric Association <\/i>\u00e0 montr\u00e9 que presque la moiti\u00e9 des lunettes sur ordonnance achet\u00e9es en ligne, soit ne r\u00e9pondaient pas aux normes de s\u00e9curit\u00e9, soit tombaient en dessous des sp\u00e9cifications de prescription.\u00a0<\/p>\n\t\t\t\t<img loading=\"lazy\" decoding=\"async\" src=\"https:\/\/opticiansnb.com\/wp-content\/uploads\/2022\/03\/Mask-Group-2.png\" alt=\"Mask Group 2\" itemprop=\"image\" height=\"851\" width=\"774\" title=\"Mask Group 2\" onerror=\"this.style.display='none'\"  \/>\n\t<p>Voici d&#8217;autres conclusions cl\u00e9s du rapport de l&#8217;Association de l&#8217;optom\u00e9trie :\u00a0<\/p>\n\t<ul>\n<li aria-level=\"1\">Plus d&#8217;une paire de lunettes sur cinq achet\u00e9es en ligne \u00e9taient incorrecte au moment de la livraison<\/li>\n<li aria-level=\"1\">28.6 pour cent des lunettes en ligne avaient au moins un objectif contenant la mauvaise prescription<\/li>\n<li aria-level=\"1\">22.7 pour cent d&#8217;une ou des deux lentilles n&#8217;ont pas respect\u00e9 la r\u00e9glementation de la r\u00e9sistance sur la r\u00e9sistance \u00e0 l&#8217;impact de la FDA des \u00c9tats-Unis. &#8211; <i>Consumer Affairs<\/i><\/li>\n<\/ul>\n\t\t\t\t<img loading=\"lazy\" decoding=\"async\" src=\"https:\/\/opticiansnb.com\/wp-content\/uploads\/2022\/02\/Mask-Group-9-2.jpg\" alt=\"Mask Group 9\" itemprop=\"image\" height=\"566\" width=\"789\" title=\"Mask Group 9\" onerror=\"this.style.display='none'\"  \/>\n\t<p>L&#8217;achat des lentilles corn\u00e9ennes en ligne comporte des risques pour votre vision et votre sant\u00e9 oculaire.<\/p>\n<p>Il est important de se rappeler que chaque produit de lentilles corn\u00e9ennes est unique et con\u00e7u pour un usage particulier. Cela comprend tout, du mat\u00e9riau, de la courbure, de l&#8217;ajustement, de la perm\u00e9abilit\u00e9 \u00e0 l&#8217;oxyg\u00e8ne, de la r\u00e9sistance aux d\u00e9p\u00f4ts, de la teneur en humidit\u00e9 et de la dur\u00e9e de vie.\u00a0<\/p>\n<p>Si vous achetez des lunettes en ligne, vous ne recevrez peut-\u00eatre pas la qualit\u00e9, le mat\u00e9riel ou la couleur r\u00e9elle pr\u00e9vue. Un essai virtuel ne peut pas se comparer au choix de vos lunettes en personne, avec un(e) opticien agr\u00e9\u00e9 pour ajuster vos lunettes exactement. Il y a aussi des retours, des r\u00e9parations et des ajustements \u00e0 long terme \u00e0 consid\u00e9rer qui sont souvent des probl\u00e8mes lors de l&#8217;achat en ligne. De nombreux acheteurs en ligne se retrouvent \u00e0 se tourner maladroitement vers des opticiens lorsqu&#8217;ils ont besoin d&#8217;aide. Les opticiens sont toujours l\u00e0 pour leurs clients.\u00a0<\/p>\n<p><b>Il est logique de consulter un opticien plut\u00f4t que l&#8217;internet pour vos lunettes.<\/b><\/p>\n\n","protected":false},"excerpt":{"rendered":"<p>Votre vision est pr\u00e9cieuse &#8211; Probl\u00e8mes d&#8217;achat de lunettes en ligne La commodit\u00e9, la gamme et le prix des produits rendent l&#8217;achat en ligne tentant. Pour les articles, comme les lunettes cependant, il peut y avoir un prix \u00e0 payer qui n&#8217;est pas refl\u00e9t\u00e9 dans l&#8217;\u00e9tiquette du prix en ligne.\u00a0 Les sp\u00e9cialistes des soins de&hellip;<\/p>\n","protected":false},"author":1,"featured_media":0,"parent":0,"menu_order":0,"comment_status":"closed","ping_status":"closed","template":"","meta":{"_acf_changed":false,"content-type":"","inline_featured_image":false,"footnotes":""},"class_list":["post-679","page","type-page","status-publish","hentry"],"acf":[],"yoast_head":"<!-- This site is optimized with the Yoast SEO plugin v27.6 - https:\/\/yoast.com\/product\/yoast-seo-wordpress\/ -->\n<title>Eyewear Online | Opticians Association Of New Brunswick<\/title>\n<meta name=\"robots\" content=\"index, follow, max-snippet:-1, max-image-preview:large, max-video-preview:-1\" \/>\n<link rel=\"canonical\" href=\"https:\/\/opticiansnb.com\/fr\/eyewear-online\/\" \/>\n<meta property=\"og:locale\" content=\"fr_FR\" \/>\n<meta property=\"og:type\" content=\"article\" \/>\n<meta property=\"og:title\" content=\"Eyewear Online | Opticians Association Of New Brunswick\" \/>\n<meta property=\"og:description\" content=\"Votre vision est pr\u00e9cieuse &#8211; Probl\u00e8mes d&#8217;achat de lunettes en ligne La commodit\u00e9, la gamme et le prix des produits rendent l&#8217;achat en ligne tentant. Pour les articles, comme les lunettes cependant, il peut y avoir un prix \u00e0 payer qui n&#8217;est pas refl\u00e9t\u00e9 dans l&#8217;\u00e9tiquette du prix en ligne.\u00a0 Les sp\u00e9cialistes des soins de&hellip;\" \/>\n<meta property=\"og:url\" content=\"https:\/\/opticiansnb.com\/fr\/eyewear-online\/\" \/>\n<meta property=\"og:site_name\" content=\"Opticians Association Of New Brunswick\" \/>\n<meta property=\"article:publisher\" content=\"https:\/\/www.facebook.com\/OpticiansAssociationOfNewBrunswick\/\" \/>\n<meta property=\"article:modified_time\" content=\"2022-03-28T13:19:43+00:00\" \/>\n<meta property=\"og:image\" content=\"https:\/\/opticiansnb.com\/wp-content\/uploads\/2022\/03\/Mask-Group-2.png\" \/>\n<meta name=\"twitter:card\" content=\"summary_large_image\" \/>\n<script type=\"application\/ld+json\" class=\"yoast-schema-graph\">{\"@context\":\"https:\\\/\\\/schema.org\",\"@graph\":[{\"@type\":\"WebPage\",\"@id\":\"https:\\\/\\\/opticiansnb.com\\\/fr\\\/eyewear-online\\\/\",\"url\":\"https:\\\/\\\/opticiansnb.com\\\/fr\\\/eyewear-online\\\/\",\"name\":\"Eyewear Online | Opticians Association Of New Brunswick\",\"isPartOf\":{\"@id\":\"https:\\\/\\\/opticiansnb.com\\\/#website\"},\"primaryImageOfPage\":{\"@id\":\"https:\\\/\\\/opticiansnb.com\\\/fr\\\/eyewear-online\\\/#primaryimage\"},\"image\":{\"@id\":\"https:\\\/\\\/opticiansnb.com\\\/fr\\\/eyewear-online\\\/#primaryimage\"},\"thumbnailUrl\":\"https:\\\/\\\/opticiansnb.com\\\/wp-content\\\/uploads\\\/2022\\\/03\\\/Mask-Group-2.png\",\"datePublished\":\"2022-02-22T16:27:15+00:00\",\"dateModified\":\"2022-03-28T13:19:43+00:00\",\"breadcrumb\":{\"@id\":\"https:\\\/\\\/opticiansnb.com\\\/fr\\\/eyewear-online\\\/#breadcrumb\"},\"inLanguage\":\"fr-FR\",\"potentialAction\":[{\"@type\":\"ReadAction\",\"target\":[\"https:\\\/\\\/opticiansnb.com\\\/fr\\\/eyewear-online\\\/\"]}]},{\"@type\":\"ImageObject\",\"inLanguage\":\"fr-FR\",\"@id\":\"https:\\\/\\\/opticiansnb.com\\\/fr\\\/eyewear-online\\\/#primaryimage\",\"url\":\"https:\\\/\\\/opticiansnb.com\\\/wp-content\\\/uploads\\\/2022\\\/03\\\/Mask-Group-2.png\",\"contentUrl\":\"https:\\\/\\\/opticiansnb.com\\\/wp-content\\\/uploads\\\/2022\\\/03\\\/Mask-Group-2.png\"},{\"@type\":\"BreadcrumbList\",\"@id\":\"https:\\\/\\\/opticiansnb.com\\\/fr\\\/eyewear-online\\\/#breadcrumb\",\"itemListElement\":[{\"@type\":\"ListItem\",\"position\":1,\"name\":\"Home\",\"item\":\"https:\\\/\\\/opticiansnb.com\\\/fr\\\/\"},{\"@type\":\"ListItem\",\"position\":2,\"name\":\"Eyewear Online\"}]},{\"@type\":\"WebSite\",\"@id\":\"https:\\\/\\\/opticiansnb.com\\\/#website\",\"url\":\"https:\\\/\\\/opticiansnb.com\\\/\",\"name\":\"Opticians Association Of New Brunswick\",\"description\":\"Regulating Caring &amp; Competent Eye Care\",\"publisher\":{\"@id\":\"https:\\\/\\\/opticiansnb.com\\\/#organization\"},\"potentialAction\":[{\"@type\":\"SearchAction\",\"target\":{\"@type\":\"EntryPoint\",\"urlTemplate\":\"https:\\\/\\\/opticiansnb.com\\\/?s={search_term_string}\"},\"query-input\":{\"@type\":\"PropertyValueSpecification\",\"valueRequired\":true,\"valueName\":\"search_term_string\"}}],\"inLanguage\":\"fr-FR\"},{\"@type\":\"Organization\",\"@id\":\"https:\\\/\\\/opticiansnb.com\\\/#organization\",\"name\":\"Opticians Association of New Brunswick\",\"url\":\"https:\\\/\\\/opticiansnb.com\\\/\",\"logo\":{\"@type\":\"ImageObject\",\"inLanguage\":\"fr-FR\",\"@id\":\"https:\\\/\\\/opticiansnb.com\\\/#\\\/schema\\\/logo\\\/image\\\/\",\"url\":\"https:\\\/\\\/opticiansnb.com\\\/wp-content\\\/uploads\\\/2022\\\/01\\\/logo.svg\",\"contentUrl\":\"https:\\\/\\\/opticiansnb.com\\\/wp-content\\\/uploads\\\/2022\\\/01\\\/logo.svg\",\"width\":295,\"height\":73,\"caption\":\"Opticians Association of New Brunswick\"},\"image\":{\"@id\":\"https:\\\/\\\/opticiansnb.com\\\/#\\\/schema\\\/logo\\\/image\\\/\"},\"sameAs\":[\"https:\\\/\\\/www.facebook.com\\\/OpticiansAssociationOfNewBrunswick\\\/\"]}]}<\/script>\n<!-- \/ Yoast SEO plugin. -->","yoast_head_json":{"title":"Eyewear Online | Opticians Association Of New Brunswick","robots":{"index":"index","follow":"follow","max-snippet":"max-snippet:-1","max-image-preview":"max-image-preview:large","max-video-preview":"max-video-preview:-1"},"canonical":"https:\/\/opticiansnb.com\/fr\/eyewear-online\/","og_locale":"fr_FR","og_type":"article","og_title":"Eyewear Online | Opticians Association Of New Brunswick","og_description":"Votre vision est pr\u00e9cieuse &#8211; Probl\u00e8mes d&#8217;achat de lunettes en ligne La commodit\u00e9, la gamme et le prix des produits rendent l&#8217;achat en ligne tentant. Pour les articles, comme les lunettes cependant, il peut y avoir un prix \u00e0 payer qui n&#8217;est pas refl\u00e9t\u00e9 dans l&#8217;\u00e9tiquette du prix en ligne.\u00a0 Les sp\u00e9cialistes des soins de&hellip;","og_url":"https:\/\/opticiansnb.com\/fr\/eyewear-online\/","og_site_name":"Opticians Association Of New Brunswick","article_publisher":"https:\/\/www.facebook.com\/OpticiansAssociationOfNewBrunswick\/","article_modified_time":"2022-03-28T13:19:43+00:00","og_image":[{"url":"https:\/\/opticiansnb.com\/wp-content\/uploads\/2022\/03\/Mask-Group-2.png","type":"","width":"","height":""}],"twitter_card":"summary_large_image","schema":{"@context":"https:\/\/schema.org","@graph":[{"@type":"WebPage","@id":"https:\/\/opticiansnb.com\/fr\/eyewear-online\/","url":"https:\/\/opticiansnb.com\/fr\/eyewear-online\/","name":"Eyewear Online | Opticians Association Of New Brunswick","isPartOf":{"@id":"https:\/\/opticiansnb.com\/#website"},"primaryImageOfPage":{"@id":"https:\/\/opticiansnb.com\/fr\/eyewear-online\/#primaryimage"},"image":{"@id":"https:\/\/opticiansnb.com\/fr\/eyewear-online\/#primaryimage"},"thumbnailUrl":"https:\/\/opticiansnb.com\/wp-content\/uploads\/2022\/03\/Mask-Group-2.png","datePublished":"2022-02-22T16:27:15+00:00","dateModified":"2022-03-28T13:19:43+00:00","breadcrumb":{"@id":"https:\/\/opticiansnb.com\/fr\/eyewear-online\/#breadcrumb"},"inLanguage":"fr-FR","potentialAction":[{"@type":"ReadAction","target":["https:\/\/opticiansnb.com\/fr\/eyewear-online\/"]}]},{"@type":"ImageObject","inLanguage":"fr-FR","@id":"https:\/\/opticiansnb.com\/fr\/eyewear-online\/#primaryimage","url":"https:\/\/opticiansnb.com\/wp-content\/uploads\/2022\/03\/Mask-Group-2.png","contentUrl":"https:\/\/opticiansnb.com\/wp-content\/uploads\/2022\/03\/Mask-Group-2.png"},{"@type":"BreadcrumbList","@id":"https:\/\/opticiansnb.com\/fr\/eyewear-online\/#breadcrumb","itemListElement":[{"@type":"ListItem","position":1,"name":"Home","item":"https:\/\/opticiansnb.com\/fr\/"},{"@type":"ListItem","position":2,"name":"Eyewear Online"}]},{"@type":"WebSite","@id":"https:\/\/opticiansnb.com\/#website","url":"https:\/\/opticiansnb.com\/","name":"Opticians Association Of New Brunswick","description":"Regulating Caring &amp; Competent Eye Care","publisher":{"@id":"https:\/\/opticiansnb.com\/#organization"},"potentialAction":[{"@type":"SearchAction","target":{"@type":"EntryPoint","urlTemplate":"https:\/\/opticiansnb.com\/?s={search_term_string}"},"query-input":{"@type":"PropertyValueSpecification","valueRequired":true,"valueName":"search_term_string"}}],"inLanguage":"fr-FR"},{"@type":"Organization","@id":"https:\/\/opticiansnb.com\/#organization","name":"Opticians Association of New Brunswick","url":"https:\/\/opticiansnb.com\/","logo":{"@type":"ImageObject","inLanguage":"fr-FR","@id":"https:\/\/opticiansnb.com\/#\/schema\/logo\/image\/","url":"https:\/\/opticiansnb.com\/wp-content\/uploads\/2022\/01\/logo.svg","contentUrl":"https:\/\/opticiansnb.com\/wp-content\/uploads\/2022\/01\/logo.svg","width":295,"height":73,"caption":"Opticians Association of New Brunswick"},"image":{"@id":"https:\/\/opticiansnb.com\/#\/schema\/logo\/image\/"},"sameAs":["https:\/\/www.facebook.com\/OpticiansAssociationOfNewBrunswick\/"]}]}},"_links":{"self":[{"href":"https:\/\/opticiansnb.com\/fr\/wp-json\/wp\/v2\/pages\/679","targetHints":{"allow":["GET"]}}],"collection":[{"href":"https:\/\/opticiansnb.com\/fr\/wp-json\/wp\/v2\/pages"}],"about":[{"href":"https:\/\/opticiansnb.com\/fr\/wp-json\/wp\/v2\/types\/page"}],"author":[{"embeddable":true,"href":"https:\/\/opticiansnb.com\/fr\/wp-json\/wp\/v2\/users\/1"}],"replies":[{"embeddable":true,"href":"https:\/\/opticiansnb.com\/fr\/wp-json\/wp\/v2\/comments?post=679"}],"version-history":[{"count":7,"href":"https:\/\/opticiansnb.com\/fr\/wp-json\/wp\/v2\/pages\/679\/revisions"}],"predecessor-version":[{"id":1170,"href":"https:\/\/opticiansnb.com\/fr\/wp-json\/wp\/v2\/pages\/679\/revisions\/1170"}],"wp:attachment":[{"href":"https:\/\/opticiansnb.com\/fr\/wp-json\/wp\/v2\/media?parent=679"}],"curies":[{"name":"wp","href":"https:\/\/api.w.org\/{rel}","templated":true}]}}