{"id":677,"date":"2022-02-22T05:20:28","date_gmt":"2022-02-22T05:20:28","guid":{"rendered":"https:\/\/opticiansnb.com\/onab-commitment\/"},"modified":"2022-03-24T14:06:11","modified_gmt":"2022-03-24T14:06:11","slug":"laonb-et-son-engagement","status":"publish","type":"page","link":"https:\/\/opticiansnb.com\/fr\/laonb-et-son-engagement\/","title":{"rendered":"L\u2019AONB et son engagement"},"content":{"rendered":"\n<h1>\n\t\tL&#8217;engagement de l&#8217;AONB envers le public\n\t<\/h1>\n\t\t\t <p>d&#8217;assurer au public les connaissances et comp\u00e9tences des opticiens;<\/p>\t\t\n\t\t\t <p>de maintenir des standards \u00e9lev\u00e9s d&#8217;\u00e9thiques professionnelles parmi les opticiens<\/p>\t\t\n\t\t\t <p>de promouvoir les comp\u00e9tences, les connaissances et les aptitudes des opticiens pour tout ce qui a trait \u00e0 leur profession;\u00a0\u00a0<\/p>\t\t\n\t\t\t <p>de faire progresser et de prot\u00e9ger les int\u00e9r\u00eats des opticiens;\u00a0<\/p>\t\t\n\t\t\t <p>de r\u00e9glementer la pratique de distribution optique et de gouverner ses membres en vertu de cette loi et ses r\u00e8glements;\u00a0\u00a0<\/p>\t\t\n\t\t\t <p>d&#8217;administrer cette loi, d&#8217;accomplir les t\u00e2ches assign\u00e9es et d&#8217;exercer d&#8217;autres pouvoirs tels qu&#8217;impos\u00e9s sur l&#8217;Association en vertu d&#8217;une loi; et\u00a0<\/p>\t\t\n\t\t\t <p>Tout autre objet tel qu&#8217;en accord avec cette loi, de fa\u00e7on \u00e0 server et de prot\u00e9ger l&#8217;int\u00e9r\u00eat du public. &#8211; <i>La loi des opticiens du N.-B.<\/i><\/p>\t\t\n\t<h2>\n\t\tConfidentialit\u00e9\n\t<\/h2>\n\t<p>Les opticiens doivent assurer que les r\u00e8gles de confidentialit\u00e9 du client et acc\u00e8s \u00e0 leurs dossiers personnels sont maintenus conform\u00e9ment aux exigences de la Loi sur l&#8217;acc\u00e8s et la protection en mati\u00e8re de renseignements personnels\u00a0 sur la sant\u00e9 (LAPRPS &#8211; information compl\u00e8te disponible au <a href=\"https:\/\/www2.gnb.ca\/content\/gnb\/fr\/services\/services_renderer.201227.Acc%C3%A8s_aux_renseignements_personnels_sur_la_sant%C3%A9.html\" target=\"_blank\" rel=\"noopener\">ici) <\/a><i>Les normes de pratique de l&#8217;AONB<\/i><\/p>\n<h2>\n\t\tAbus sexuel\n\t<\/h2>\n\t<p>L&#8217;Association s&#8217;engage \u00e0 prendre des mesures de pr\u00e9vention d&#8217;abus sexuel des clients par ses membres.<\/p>\n<p><strong>Tels mesures inclus :<\/strong><\/p>\n<strong>(a) <\/strong>L&#8217;\u00e9ducation des membres sur l&#8217;abus sexuel,<br \/>\n<strong>(b) <\/strong>Les codes de conduite des membres avec les clients<br \/>\n<strong>(c)<\/strong> L&#8217;approvisionnement d&#8217;information au public quant au respect du code de conduite, et\n<p>Au Nouveau-Brunswick, les professionnels de la sant\u00e9 r\u00e9glement\u00e9s ont l&#8217;obligation de signaler les abus sexuels de tout patient ou client par un autre professionnel de la sant\u00e9. L&#8217;abus sexuel d&#8217;un patient ou d&#8217;un client comprend le comportement ou les remarques de nature sexuelle, les attouchements sexuels de toute nature, les rapports sexuels ou toute autre forme de relations sexuelles physiques entre le professionnel de la sant\u00e9 et le patient ou client. Le consentement n&#8217;est pas un facteur \u00e9num\u00e9r\u00e9 pour d\u00e9terminer s&#8217;il y a eu abus sexuel par le professionnel de la sant\u00e9.<\/p>\n\t\t\t\t<img loading=\"lazy\" decoding=\"async\" src=\"https:\/\/opticiansnb.com\/wp-content\/uploads\/2022\/03\/916309855eaeeeccb0b3c1cca4a9435a.png\" alt=\"916309855eaeeeccb0b3c1cca4a9435a\" itemprop=\"image\" height=\"865\" width=\"711\" title=\"916309855eaeeeccb0b3c1cca4a9435a\" onerror=\"this.style.display='none'\"  \/>\n\t\t\t\t<img loading=\"lazy\" decoding=\"async\" src=\"https:\/\/opticiansnb.com\/wp-content\/uploads\/2022\/03\/0d53e78f790142ffb385a6f7c65919ad.png\" alt=\"0d53e78f790142ffb385a6f7c65919ad\" itemprop=\"image\" height=\"709\" width=\"711\" title=\"0d53e78f790142ffb385a6f7c65919ad\" onerror=\"this.style.display='none'\"  \/>\n<h2>\n\t\t\u00c9galit\u00e9:\n\t<\/h2>\n\t<p>En tant qu&#8217;organisme de r\u00e9glementation pour les opticiens du N.-B., l&#8217;AONB s&#8217;engage \u00e0 travailler avec les opticiens pour veiller \u00e0 ce que les milieux de pratique soient inclusifs, tol\u00e9rants, diversifi\u00e9s, s\u00fbrs et \u00e9quitables pour tous.\u00a0<\/p>\n<h2>\n\t\tLa s\u00e9curit\u00e9 culturelle:\n\t<\/h2>\n\t<p>Le rapport de la Commission de la v\u00e9rit\u00e9 et r\u00e9conciliation demandait \u00e0 tous les ordres de gouvernement, en plus des organisations et des r\u00e9sidents du Canada en g\u00e9n\u00e9ral, de prendre des mesures pour r\u00e9parer l&#8217;h\u00e9ritage des pensionnats autochtones et faire progresser le processus de r\u00e9conciliation entre les peuples autochtones et non-autochtones du Canada. Le rapport de 2015 comprend 94 appels \u00e0 l&#8217;action, dont 31 rel\u00e8vent du gouvernement provincial, notamment dans des domaines comme le bien-\u00eatre de l&#8217;enfance, l&#8217;\u00e9ducation, la langue et la culture ainsi que la sant\u00e9. L&#8217;Association des opticiens du Nouveau-Brunswick participe activement \u00e0 la promotion de la s\u00e9curit\u00e9, d&#8217;une meilleure compr\u00e9hension et d&#8217;un traitement \u00e9quitable des peuples autochtones du Nouveau-Brunswick.\u00a0<\/p>\n\n","protected":false},"excerpt":{"rendered":"<p>L&#8217;engagement de l&#8217;AONB envers le public d&#8217;assurer au public les connaissances et comp\u00e9tences des opticiens; de maintenir des standards \u00e9lev\u00e9s d&#8217;\u00e9thiques professionnelles parmi les opticiens de promouvoir les comp\u00e9tences, les connaissances et les aptitudes des opticiens pour tout ce qui a trait \u00e0 leur profession;\u00a0\u00a0 de faire progresser et de prot\u00e9ger les int\u00e9r\u00eats des opticiens;\u00a0&hellip;<\/p>\n","protected":false},"author":1,"featured_media":0,"parent":0,"menu_order":0,"comment_status":"closed","ping_status":"closed","template":"","meta":{"_acf_changed":false,"content-type":"","inline_featured_image":false,"footnotes":""},"class_list":["post-677","page","type-page","status-publish","hentry"],"acf":[],"yoast_head":"<!-- This site is optimized with the Yoast SEO plugin v27.5 - https:\/\/yoast.com\/product\/yoast-seo-wordpress\/ -->\n<title>L\u2019AONB et son engagement | Opticians Association Of New Brunswick<\/title>\n<meta name=\"robots\" content=\"index, follow, max-snippet:-1, max-image-preview:large, max-video-preview:-1\" \/>\n<link rel=\"canonical\" href=\"https:\/\/opticiansnb.com\/fr\/laonb-et-son-engagement\/\" \/>\n<meta property=\"og:locale\" content=\"fr_FR\" \/>\n<meta property=\"og:type\" content=\"article\" \/>\n<meta property=\"og:title\" content=\"L\u2019AONB et son engagement | Opticians Association Of New Brunswick\" \/>\n<meta property=\"og:description\" content=\"L&#8217;engagement de l&#8217;AONB envers le public d&#8217;assurer au public les connaissances et comp\u00e9tences des opticiens; de maintenir des standards \u00e9lev\u00e9s d&#8217;\u00e9thiques professionnelles parmi les opticiens de promouvoir les comp\u00e9tences, les connaissances et les aptitudes des opticiens pour tout ce qui a trait \u00e0 leur profession;\u00a0\u00a0 de faire progresser et de prot\u00e9ger les int\u00e9r\u00eats des opticiens;\u00a0&hellip;\" \/>\n<meta property=\"og:url\" content=\"https:\/\/opticiansnb.com\/fr\/laonb-et-son-engagement\/\" \/>\n<meta property=\"og:site_name\" content=\"Opticians Association Of New Brunswick\" \/>\n<meta property=\"article:publisher\" content=\"https:\/\/www.facebook.com\/OpticiansAssociationOfNewBrunswick\/\" \/>\n<meta property=\"article:modified_time\" content=\"2022-03-24T14:06:11+00:00\" \/>\n<meta property=\"og:image\" content=\"https:\/\/opticiansnb.com\/wp-content\/uploads\/2022\/03\/916309855eaeeeccb0b3c1cca4a9435a.png\" \/>\n<meta name=\"twitter:card\" content=\"summary_large_image\" \/>\n<script type=\"application\/ld+json\" class=\"yoast-schema-graph\">{\"@context\":\"https:\\\/\\\/schema.org\",\"@graph\":[{\"@type\":\"WebPage\",\"@id\":\"https:\\\/\\\/opticiansnb.com\\\/fr\\\/laonb-et-son-engagement\\\/\",\"url\":\"https:\\\/\\\/opticiansnb.com\\\/fr\\\/laonb-et-son-engagement\\\/\",\"name\":\"L\u2019AONB et son engagement | Opticians Association Of New Brunswick\",\"isPartOf\":{\"@id\":\"https:\\\/\\\/opticiansnb.com\\\/#website\"},\"primaryImageOfPage\":{\"@id\":\"https:\\\/\\\/opticiansnb.com\\\/fr\\\/laonb-et-son-engagement\\\/#primaryimage\"},\"image\":{\"@id\":\"https:\\\/\\\/opticiansnb.com\\\/fr\\\/laonb-et-son-engagement\\\/#primaryimage\"},\"thumbnailUrl\":\"https:\\\/\\\/opticiansnb.com\\\/wp-content\\\/uploads\\\/2022\\\/03\\\/916309855eaeeeccb0b3c1cca4a9435a.png\",\"datePublished\":\"2022-02-22T05:20:28+00:00\",\"dateModified\":\"2022-03-24T14:06:11+00:00\",\"breadcrumb\":{\"@id\":\"https:\\\/\\\/opticiansnb.com\\\/fr\\\/laonb-et-son-engagement\\\/#breadcrumb\"},\"inLanguage\":\"fr-FR\",\"potentialAction\":[{\"@type\":\"ReadAction\",\"target\":[\"https:\\\/\\\/opticiansnb.com\\\/fr\\\/laonb-et-son-engagement\\\/\"]}]},{\"@type\":\"ImageObject\",\"inLanguage\":\"fr-FR\",\"@id\":\"https:\\\/\\\/opticiansnb.com\\\/fr\\\/laonb-et-son-engagement\\\/#primaryimage\",\"url\":\"https:\\\/\\\/opticiansnb.com\\\/wp-content\\\/uploads\\\/2022\\\/03\\\/916309855eaeeeccb0b3c1cca4a9435a.png\",\"contentUrl\":\"https:\\\/\\\/opticiansnb.com\\\/wp-content\\\/uploads\\\/2022\\\/03\\\/916309855eaeeeccb0b3c1cca4a9435a.png\"},{\"@type\":\"BreadcrumbList\",\"@id\":\"https:\\\/\\\/opticiansnb.com\\\/fr\\\/laonb-et-son-engagement\\\/#breadcrumb\",\"itemListElement\":[{\"@type\":\"ListItem\",\"position\":1,\"name\":\"Home\",\"item\":\"https:\\\/\\\/opticiansnb.com\\\/fr\\\/\"},{\"@type\":\"ListItem\",\"position\":2,\"name\":\"L\u2019AONB et son engagement\"}]},{\"@type\":\"WebSite\",\"@id\":\"https:\\\/\\\/opticiansnb.com\\\/#website\",\"url\":\"https:\\\/\\\/opticiansnb.com\\\/\",\"name\":\"Opticians Association Of New Brunswick\",\"description\":\"Regulating Caring &amp; Competent Eye Care\",\"publisher\":{\"@id\":\"https:\\\/\\\/opticiansnb.com\\\/#organization\"},\"potentialAction\":[{\"@type\":\"SearchAction\",\"target\":{\"@type\":\"EntryPoint\",\"urlTemplate\":\"https:\\\/\\\/opticiansnb.com\\\/?s={search_term_string}\"},\"query-input\":{\"@type\":\"PropertyValueSpecification\",\"valueRequired\":true,\"valueName\":\"search_term_string\"}}],\"inLanguage\":\"fr-FR\"},{\"@type\":\"Organization\",\"@id\":\"https:\\\/\\\/opticiansnb.com\\\/#organization\",\"name\":\"Opticians Association of New Brunswick\",\"url\":\"https:\\\/\\\/opticiansnb.com\\\/\",\"logo\":{\"@type\":\"ImageObject\",\"inLanguage\":\"fr-FR\",\"@id\":\"https:\\\/\\\/opticiansnb.com\\\/#\\\/schema\\\/logo\\\/image\\\/\",\"url\":\"https:\\\/\\\/opticiansnb.com\\\/wp-content\\\/uploads\\\/2022\\\/01\\\/logo.svg\",\"contentUrl\":\"https:\\\/\\\/opticiansnb.com\\\/wp-content\\\/uploads\\\/2022\\\/01\\\/logo.svg\",\"width\":295,\"height\":73,\"caption\":\"Opticians Association of New Brunswick\"},\"image\":{\"@id\":\"https:\\\/\\\/opticiansnb.com\\\/#\\\/schema\\\/logo\\\/image\\\/\"},\"sameAs\":[\"https:\\\/\\\/www.facebook.com\\\/OpticiansAssociationOfNewBrunswick\\\/\"]}]}<\/script>\n<!-- \/ Yoast SEO plugin. -->","yoast_head_json":{"title":"L\u2019AONB et son engagement | Opticians Association Of New Brunswick","robots":{"index":"index","follow":"follow","max-snippet":"max-snippet:-1","max-image-preview":"max-image-preview:large","max-video-preview":"max-video-preview:-1"},"canonical":"https:\/\/opticiansnb.com\/fr\/laonb-et-son-engagement\/","og_locale":"fr_FR","og_type":"article","og_title":"L\u2019AONB et son engagement | Opticians Association Of New Brunswick","og_description":"L&#8217;engagement de l&#8217;AONB envers le public d&#8217;assurer au public les connaissances et comp\u00e9tences des opticiens; de maintenir des standards \u00e9lev\u00e9s d&#8217;\u00e9thiques professionnelles parmi les opticiens de promouvoir les comp\u00e9tences, les connaissances et les aptitudes des opticiens pour tout ce qui a trait \u00e0 leur profession;\u00a0\u00a0 de faire progresser et de prot\u00e9ger les int\u00e9r\u00eats des opticiens;\u00a0&hellip;","og_url":"https:\/\/opticiansnb.com\/fr\/laonb-et-son-engagement\/","og_site_name":"Opticians Association Of New Brunswick","article_publisher":"https:\/\/www.facebook.com\/OpticiansAssociationOfNewBrunswick\/","article_modified_time":"2022-03-24T14:06:11+00:00","og_image":[{"url":"https:\/\/opticiansnb.com\/wp-content\/uploads\/2022\/03\/916309855eaeeeccb0b3c1cca4a9435a.png","type":"","width":"","height":""}],"twitter_card":"summary_large_image","schema":{"@context":"https:\/\/schema.org","@graph":[{"@type":"WebPage","@id":"https:\/\/opticiansnb.com\/fr\/laonb-et-son-engagement\/","url":"https:\/\/opticiansnb.com\/fr\/laonb-et-son-engagement\/","name":"L\u2019AONB et son engagement | Opticians Association Of New Brunswick","isPartOf":{"@id":"https:\/\/opticiansnb.com\/#website"},"primaryImageOfPage":{"@id":"https:\/\/opticiansnb.com\/fr\/laonb-et-son-engagement\/#primaryimage"},"image":{"@id":"https:\/\/opticiansnb.com\/fr\/laonb-et-son-engagement\/#primaryimage"},"thumbnailUrl":"https:\/\/opticiansnb.com\/wp-content\/uploads\/2022\/03\/916309855eaeeeccb0b3c1cca4a9435a.png","datePublished":"2022-02-22T05:20:28+00:00","dateModified":"2022-03-24T14:06:11+00:00","breadcrumb":{"@id":"https:\/\/opticiansnb.com\/fr\/laonb-et-son-engagement\/#breadcrumb"},"inLanguage":"fr-FR","potentialAction":[{"@type":"ReadAction","target":["https:\/\/opticiansnb.com\/fr\/laonb-et-son-engagement\/"]}]},{"@type":"ImageObject","inLanguage":"fr-FR","@id":"https:\/\/opticiansnb.com\/fr\/laonb-et-son-engagement\/#primaryimage","url":"https:\/\/opticiansnb.com\/wp-content\/uploads\/2022\/03\/916309855eaeeeccb0b3c1cca4a9435a.png","contentUrl":"https:\/\/opticiansnb.com\/wp-content\/uploads\/2022\/03\/916309855eaeeeccb0b3c1cca4a9435a.png"},{"@type":"BreadcrumbList","@id":"https:\/\/opticiansnb.com\/fr\/laonb-et-son-engagement\/#breadcrumb","itemListElement":[{"@type":"ListItem","position":1,"name":"Home","item":"https:\/\/opticiansnb.com\/fr\/"},{"@type":"ListItem","position":2,"name":"L\u2019AONB et son engagement"}]},{"@type":"WebSite","@id":"https:\/\/opticiansnb.com\/#website","url":"https:\/\/opticiansnb.com\/","name":"Opticians Association Of New Brunswick","description":"Regulating Caring &amp; Competent Eye Care","publisher":{"@id":"https:\/\/opticiansnb.com\/#organization"},"potentialAction":[{"@type":"SearchAction","target":{"@type":"EntryPoint","urlTemplate":"https:\/\/opticiansnb.com\/?s={search_term_string}"},"query-input":{"@type":"PropertyValueSpecification","valueRequired":true,"valueName":"search_term_string"}}],"inLanguage":"fr-FR"},{"@type":"Organization","@id":"https:\/\/opticiansnb.com\/#organization","name":"Opticians Association of New Brunswick","url":"https:\/\/opticiansnb.com\/","logo":{"@type":"ImageObject","inLanguage":"fr-FR","@id":"https:\/\/opticiansnb.com\/#\/schema\/logo\/image\/","url":"https:\/\/opticiansnb.com\/wp-content\/uploads\/2022\/01\/logo.svg","contentUrl":"https:\/\/opticiansnb.com\/wp-content\/uploads\/2022\/01\/logo.svg","width":295,"height":73,"caption":"Opticians Association of New Brunswick"},"image":{"@id":"https:\/\/opticiansnb.com\/#\/schema\/logo\/image\/"},"sameAs":["https:\/\/www.facebook.com\/OpticiansAssociationOfNewBrunswick\/"]}]}},"_links":{"self":[{"href":"https:\/\/opticiansnb.com\/fr\/wp-json\/wp\/v2\/pages\/677","targetHints":{"allow":["GET"]}}],"collection":[{"href":"https:\/\/opticiansnb.com\/fr\/wp-json\/wp\/v2\/pages"}],"about":[{"href":"https:\/\/opticiansnb.com\/fr\/wp-json\/wp\/v2\/types\/page"}],"author":[{"embeddable":true,"href":"https:\/\/opticiansnb.com\/fr\/wp-json\/wp\/v2\/users\/1"}],"replies":[{"embeddable":true,"href":"https:\/\/opticiansnb.com\/fr\/wp-json\/wp\/v2\/comments?post=677"}],"version-history":[{"count":7,"href":"https:\/\/opticiansnb.com\/fr\/wp-json\/wp\/v2\/pages\/677\/revisions"}],"predecessor-version":[{"id":1126,"href":"https:\/\/opticiansnb.com\/fr\/wp-json\/wp\/v2\/pages\/677\/revisions\/1126"}],"wp:attachment":[{"href":"https:\/\/opticiansnb.com\/fr\/wp-json\/wp\/v2\/media?parent=677"}],"curies":[{"name":"wp","href":"https:\/\/api.w.org\/{rel}","templated":true}]}}