{"id":676,"date":"2022-02-22T15:49:47","date_gmt":"2022-02-22T15:49:47","guid":{"rendered":"https:\/\/opticiansnb.com\/the-oanb-photo-id\/"},"modified":"2022-09-29T13:13:40","modified_gmt":"2022-09-29T13:13:40","slug":"la-piece-didentite-avec-photo-de-laonb","status":"publish","type":"page","link":"https:\/\/opticiansnb.com\/fr\/la-piece-didentite-avec-photo-de-laonb\/","title":{"rendered":"La pi\u00e8ce d\u2019identit\u00e9 avec photo de l\u2019AONB"},"content":{"rendered":"\n\n\t\t\t\t<img loading=\"lazy\" decoding=\"async\" src=\"https:\/\/opticiansnb.com\/wp-content\/uploads\/2022\/09\/Picture1-1-e1664467732430.png\" alt=\"Picture1\" itemprop=\"image\" height=\"420\" width=\"264\" title=\"Picture1\" onerror=\"this.style.display='none'\"  \/>\n<h1>\n\t\tLa pi\u00e8ce d&#8217;identit\u00e9 avec photo de l&#8217;OANB\n\t<\/h1>\n\t<p>&nbsp;<\/p>\n<p><strong>La pi\u00e8ce d&#8217;identit\u00e9 avec photo de l&#8217;AONB = Un opticien agr\u00e9\u00e9<\/strong>. Demandez-leur de l&#8217;aide avec vos lunettes.<\/p>\n<p>Le num\u00e9ro de licence d&#8217;un opticien comprenant une d\u00e9signation <strong>&#8220;C&#8221;<\/strong>, indique qu&#8217;il est sp\u00e9cialement autoris\u00e9 \u00e0 s&#8217;adapter <strong>aux lentilles de Contact<\/strong><\/p>\n<h2>\n\t\tAfin d&#8217;en apprendre davantage sur les opticiens voir : Opticien agr\u00e9\u00e9 au :\n\t<\/h2>\n\t\t\t<a href=\"https:\/\/licensedoptician.ca\/fr\" target=\"_blank\" role=\"button\" rel=\"noopener\">\n\t\t\t\t\t\t\tLicensedoptician.CA\n\t\t\t\t\t<\/a>\n<h2>\n\t\t<a href=\"https:\/\/opticiansnb.com\/fr\/trouvez-un-opticien\/\" title=\"Trouver un opticien du N.-B.\" target=\"_self\" rel=\"noopener\">\n\t\tTrouver un opticien du N.-B.\n\t\t<\/a>\n\t<\/h2>\n\t\t\t<a href=\"\" target=\"_self\" role=\"button\" rel=\"noopener\">\n\t\t\t\t\t\t\tTrouver un opticien agr\u00e9\u00e9\n\t\t\t\t\t<\/a>\n\n","protected":false},"excerpt":{"rendered":"<p>La pi\u00e8ce d&#8217;identit\u00e9 avec photo de l&#8217;OANB &nbsp; La pi\u00e8ce d&#8217;identit\u00e9 avec photo de l&#8217;AONB = Un opticien agr\u00e9\u00e9. Demandez-leur de l&#8217;aide avec vos lunettes. Le num\u00e9ro de licence d&#8217;un opticien comprenant une d\u00e9signation &#8220;C&#8221;, indique qu&#8217;il est sp\u00e9cialement autoris\u00e9 \u00e0 s&#8217;adapter aux lentilles de Contact Afin d&#8217;en apprendre davantage sur les opticiens voir :&hellip;<\/p>\n","protected":false},"author":1,"featured_media":0,"parent":0,"menu_order":0,"comment_status":"closed","ping_status":"closed","template":"","meta":{"_acf_changed":false,"content-type":"","inline_featured_image":false,"footnotes":""},"class_list":["post-676","page","type-page","status-publish","hentry"],"acf":[],"yoast_head":"<!-- This site is optimized with the Yoast SEO plugin v27.3 - https:\/\/yoast.com\/product\/yoast-seo-wordpress\/ -->\n<title>La pi\u00e8ce d\u2019identit\u00e9 avec photo de l\u2019AONB | Opticians Association Of New Brunswick<\/title>\n<meta name=\"robots\" content=\"index, follow, max-snippet:-1, max-image-preview:large, max-video-preview:-1\" \/>\n<link rel=\"canonical\" href=\"https:\/\/opticiansnb.com\/fr\/la-piece-didentite-avec-photo-de-laonb\/\" \/>\n<meta property=\"og:locale\" content=\"fr_FR\" \/>\n<meta property=\"og:type\" content=\"article\" \/>\n<meta property=\"og:title\" content=\"La pi\u00e8ce d\u2019identit\u00e9 avec photo de l\u2019AONB | Opticians Association Of New Brunswick\" \/>\n<meta property=\"og:description\" content=\"La pi\u00e8ce d&#8217;identit\u00e9 avec photo de l&#8217;OANB &nbsp; La pi\u00e8ce d&#8217;identit\u00e9 avec photo de l&#8217;AONB = Un opticien agr\u00e9\u00e9. Demandez-leur de l&#8217;aide avec vos lunettes. Le num\u00e9ro de licence d&#8217;un opticien comprenant une d\u00e9signation &#8220;C&#8221;, indique qu&#8217;il est sp\u00e9cialement autoris\u00e9 \u00e0 s&#8217;adapter aux lentilles de Contact Afin d&#8217;en apprendre davantage sur les opticiens voir :&hellip;\" \/>\n<meta property=\"og:url\" content=\"https:\/\/opticiansnb.com\/fr\/la-piece-didentite-avec-photo-de-laonb\/\" \/>\n<meta property=\"og:site_name\" content=\"Opticians Association Of New Brunswick\" \/>\n<meta property=\"article:publisher\" content=\"https:\/\/www.facebook.com\/OpticiansAssociationOfNewBrunswick\/\" \/>\n<meta property=\"article:modified_time\" content=\"2022-09-29T13:13:40+00:00\" \/>\n<meta property=\"og:image\" content=\"https:\/\/opticiansnb.com\/wp-content\/uploads\/2022\/09\/Picture1-1.png\" \/>\n<meta name=\"twitter:card\" content=\"summary_large_image\" \/>\n<script type=\"application\/ld+json\" class=\"yoast-schema-graph\">{\"@context\":\"https:\\\/\\\/schema.org\",\"@graph\":[{\"@type\":\"WebPage\",\"@id\":\"https:\\\/\\\/opticiansnb.com\\\/fr\\\/la-piece-didentite-avec-photo-de-laonb\\\/\",\"url\":\"https:\\\/\\\/opticiansnb.com\\\/fr\\\/la-piece-didentite-avec-photo-de-laonb\\\/\",\"name\":\"La pi\u00e8ce d\u2019identit\u00e9 avec photo de l\u2019AONB | Opticians Association Of New Brunswick\",\"isPartOf\":{\"@id\":\"https:\\\/\\\/opticiansnb.com\\\/#website\"},\"primaryImageOfPage\":{\"@id\":\"https:\\\/\\\/opticiansnb.com\\\/fr\\\/la-piece-didentite-avec-photo-de-laonb\\\/#primaryimage\"},\"image\":{\"@id\":\"https:\\\/\\\/opticiansnb.com\\\/fr\\\/la-piece-didentite-avec-photo-de-laonb\\\/#primaryimage\"},\"thumbnailUrl\":\"https:\\\/\\\/opticiansnb.com\\\/wp-content\\\/uploads\\\/2022\\\/09\\\/Picture1-1-e1664467732430.png\",\"datePublished\":\"2022-02-22T15:49:47+00:00\",\"dateModified\":\"2022-09-29T13:13:40+00:00\",\"breadcrumb\":{\"@id\":\"https:\\\/\\\/opticiansnb.com\\\/fr\\\/la-piece-didentite-avec-photo-de-laonb\\\/#breadcrumb\"},\"inLanguage\":\"fr-FR\",\"potentialAction\":[{\"@type\":\"ReadAction\",\"target\":[\"https:\\\/\\\/opticiansnb.com\\\/fr\\\/la-piece-didentite-avec-photo-de-laonb\\\/\"]}]},{\"@type\":\"ImageObject\",\"inLanguage\":\"fr-FR\",\"@id\":\"https:\\\/\\\/opticiansnb.com\\\/fr\\\/la-piece-didentite-avec-photo-de-laonb\\\/#primaryimage\",\"url\":\"https:\\\/\\\/opticiansnb.com\\\/wp-content\\\/uploads\\\/2022\\\/09\\\/Picture1-1-e1664467732430.png\",\"contentUrl\":\"https:\\\/\\\/opticiansnb.com\\\/wp-content\\\/uploads\\\/2022\\\/09\\\/Picture1-1-e1664467732430.png\"},{\"@type\":\"BreadcrumbList\",\"@id\":\"https:\\\/\\\/opticiansnb.com\\\/fr\\\/la-piece-didentite-avec-photo-de-laonb\\\/#breadcrumb\",\"itemListElement\":[{\"@type\":\"ListItem\",\"position\":1,\"name\":\"Home\",\"item\":\"https:\\\/\\\/opticiansnb.com\\\/fr\\\/\"},{\"@type\":\"ListItem\",\"position\":2,\"name\":\"La pi\u00e8ce d\u2019identit\u00e9 avec photo de l\u2019AONB\"}]},{\"@type\":\"WebSite\",\"@id\":\"https:\\\/\\\/opticiansnb.com\\\/#website\",\"url\":\"https:\\\/\\\/opticiansnb.com\\\/\",\"name\":\"Opticians Association Of New Brunswick\",\"description\":\"Regulating Caring &amp; Competent Eye Care\",\"publisher\":{\"@id\":\"https:\\\/\\\/opticiansnb.com\\\/#organization\"},\"potentialAction\":[{\"@type\":\"SearchAction\",\"target\":{\"@type\":\"EntryPoint\",\"urlTemplate\":\"https:\\\/\\\/opticiansnb.com\\\/?s={search_term_string}\"},\"query-input\":{\"@type\":\"PropertyValueSpecification\",\"valueRequired\":true,\"valueName\":\"search_term_string\"}}],\"inLanguage\":\"fr-FR\"},{\"@type\":\"Organization\",\"@id\":\"https:\\\/\\\/opticiansnb.com\\\/#organization\",\"name\":\"Opticians Association of New Brunswick\",\"url\":\"https:\\\/\\\/opticiansnb.com\\\/\",\"logo\":{\"@type\":\"ImageObject\",\"inLanguage\":\"fr-FR\",\"@id\":\"https:\\\/\\\/opticiansnb.com\\\/#\\\/schema\\\/logo\\\/image\\\/\",\"url\":\"https:\\\/\\\/opticiansnb.com\\\/wp-content\\\/uploads\\\/2022\\\/01\\\/logo.svg\",\"contentUrl\":\"https:\\\/\\\/opticiansnb.com\\\/wp-content\\\/uploads\\\/2022\\\/01\\\/logo.svg\",\"width\":295,\"height\":73,\"caption\":\"Opticians Association of New Brunswick\"},\"image\":{\"@id\":\"https:\\\/\\\/opticiansnb.com\\\/#\\\/schema\\\/logo\\\/image\\\/\"},\"sameAs\":[\"https:\\\/\\\/www.facebook.com\\\/OpticiansAssociationOfNewBrunswick\\\/\"]}]}<\/script>\n<!-- \/ Yoast SEO plugin. -->","yoast_head_json":{"title":"La pi\u00e8ce d\u2019identit\u00e9 avec photo de l\u2019AONB | Opticians Association Of New Brunswick","robots":{"index":"index","follow":"follow","max-snippet":"max-snippet:-1","max-image-preview":"max-image-preview:large","max-video-preview":"max-video-preview:-1"},"canonical":"https:\/\/opticiansnb.com\/fr\/la-piece-didentite-avec-photo-de-laonb\/","og_locale":"fr_FR","og_type":"article","og_title":"La pi\u00e8ce d\u2019identit\u00e9 avec photo de l\u2019AONB | Opticians Association Of New Brunswick","og_description":"La pi\u00e8ce d&#8217;identit\u00e9 avec photo de l&#8217;OANB &nbsp; La pi\u00e8ce d&#8217;identit\u00e9 avec photo de l&#8217;AONB = Un opticien agr\u00e9\u00e9. Demandez-leur de l&#8217;aide avec vos lunettes. Le num\u00e9ro de licence d&#8217;un opticien comprenant une d\u00e9signation &#8220;C&#8221;, indique qu&#8217;il est sp\u00e9cialement autoris\u00e9 \u00e0 s&#8217;adapter aux lentilles de Contact Afin d&#8217;en apprendre davantage sur les opticiens voir :&hellip;","og_url":"https:\/\/opticiansnb.com\/fr\/la-piece-didentite-avec-photo-de-laonb\/","og_site_name":"Opticians Association Of New Brunswick","article_publisher":"https:\/\/www.facebook.com\/OpticiansAssociationOfNewBrunswick\/","article_modified_time":"2022-09-29T13:13:40+00:00","og_image":[{"url":"https:\/\/opticiansnb.com\/wp-content\/uploads\/2022\/09\/Picture1-1.png","type":"","width":"","height":""}],"twitter_card":"summary_large_image","schema":{"@context":"https:\/\/schema.org","@graph":[{"@type":"WebPage","@id":"https:\/\/opticiansnb.com\/fr\/la-piece-didentite-avec-photo-de-laonb\/","url":"https:\/\/opticiansnb.com\/fr\/la-piece-didentite-avec-photo-de-laonb\/","name":"La pi\u00e8ce d\u2019identit\u00e9 avec photo de l\u2019AONB | Opticians Association Of New Brunswick","isPartOf":{"@id":"https:\/\/opticiansnb.com\/#website"},"primaryImageOfPage":{"@id":"https:\/\/opticiansnb.com\/fr\/la-piece-didentite-avec-photo-de-laonb\/#primaryimage"},"image":{"@id":"https:\/\/opticiansnb.com\/fr\/la-piece-didentite-avec-photo-de-laonb\/#primaryimage"},"thumbnailUrl":"https:\/\/opticiansnb.com\/wp-content\/uploads\/2022\/09\/Picture1-1-e1664467732430.png","datePublished":"2022-02-22T15:49:47+00:00","dateModified":"2022-09-29T13:13:40+00:00","breadcrumb":{"@id":"https:\/\/opticiansnb.com\/fr\/la-piece-didentite-avec-photo-de-laonb\/#breadcrumb"},"inLanguage":"fr-FR","potentialAction":[{"@type":"ReadAction","target":["https:\/\/opticiansnb.com\/fr\/la-piece-didentite-avec-photo-de-laonb\/"]}]},{"@type":"ImageObject","inLanguage":"fr-FR","@id":"https:\/\/opticiansnb.com\/fr\/la-piece-didentite-avec-photo-de-laonb\/#primaryimage","url":"https:\/\/opticiansnb.com\/wp-content\/uploads\/2022\/09\/Picture1-1-e1664467732430.png","contentUrl":"https:\/\/opticiansnb.com\/wp-content\/uploads\/2022\/09\/Picture1-1-e1664467732430.png"},{"@type":"BreadcrumbList","@id":"https:\/\/opticiansnb.com\/fr\/la-piece-didentite-avec-photo-de-laonb\/#breadcrumb","itemListElement":[{"@type":"ListItem","position":1,"name":"Home","item":"https:\/\/opticiansnb.com\/fr\/"},{"@type":"ListItem","position":2,"name":"La pi\u00e8ce d\u2019identit\u00e9 avec photo de l\u2019AONB"}]},{"@type":"WebSite","@id":"https:\/\/opticiansnb.com\/#website","url":"https:\/\/opticiansnb.com\/","name":"Opticians Association Of New Brunswick","description":"Regulating Caring &amp; Competent Eye Care","publisher":{"@id":"https:\/\/opticiansnb.com\/#organization"},"potentialAction":[{"@type":"SearchAction","target":{"@type":"EntryPoint","urlTemplate":"https:\/\/opticiansnb.com\/?s={search_term_string}"},"query-input":{"@type":"PropertyValueSpecification","valueRequired":true,"valueName":"search_term_string"}}],"inLanguage":"fr-FR"},{"@type":"Organization","@id":"https:\/\/opticiansnb.com\/#organization","name":"Opticians Association of New Brunswick","url":"https:\/\/opticiansnb.com\/","logo":{"@type":"ImageObject","inLanguage":"fr-FR","@id":"https:\/\/opticiansnb.com\/#\/schema\/logo\/image\/","url":"https:\/\/opticiansnb.com\/wp-content\/uploads\/2022\/01\/logo.svg","contentUrl":"https:\/\/opticiansnb.com\/wp-content\/uploads\/2022\/01\/logo.svg","width":295,"height":73,"caption":"Opticians Association of New Brunswick"},"image":{"@id":"https:\/\/opticiansnb.com\/#\/schema\/logo\/image\/"},"sameAs":["https:\/\/www.facebook.com\/OpticiansAssociationOfNewBrunswick\/"]}]}},"_links":{"self":[{"href":"https:\/\/opticiansnb.com\/fr\/wp-json\/wp\/v2\/pages\/676","targetHints":{"allow":["GET"]}}],"collection":[{"href":"https:\/\/opticiansnb.com\/fr\/wp-json\/wp\/v2\/pages"}],"about":[{"href":"https:\/\/opticiansnb.com\/fr\/wp-json\/wp\/v2\/types\/page"}],"author":[{"embeddable":true,"href":"https:\/\/opticiansnb.com\/fr\/wp-json\/wp\/v2\/users\/1"}],"replies":[{"embeddable":true,"href":"https:\/\/opticiansnb.com\/fr\/wp-json\/wp\/v2\/comments?post=676"}],"version-history":[{"count":12,"href":"https:\/\/opticiansnb.com\/fr\/wp-json\/wp\/v2\/pages\/676\/revisions"}],"predecessor-version":[{"id":2328,"href":"https:\/\/opticiansnb.com\/fr\/wp-json\/wp\/v2\/pages\/676\/revisions\/2328"}],"wp:attachment":[{"href":"https:\/\/opticiansnb.com\/fr\/wp-json\/wp\/v2\/media?parent=676"}],"curies":[{"name":"wp","href":"https:\/\/api.w.org\/{rel}","templated":true}]}}