{"id":674,"date":"2022-02-23T10:48:06","date_gmt":"2022-02-23T10:48:06","guid":{"rendered":"https:\/\/opticiansnb.com\/contact-us\/"},"modified":"2022-03-09T20:29:05","modified_gmt":"2022-03-09T20:29:05","slug":"contactez-nous","status":"publish","type":"page","link":"https:\/\/opticiansnb.com\/fr\/contactez-nous\/","title":{"rendered":"Contactez-nous"},"content":{"rendered":"\n<h1>\n\t\tContact Us\n\t<\/h1>\n\t<p>Vous souhaitez entrer en contact avec un membre de notre \u00e9quipe ? Utilisez les coordonn\u00e9es ci-dessous ou remplissez le formulaire et nous vous r\u00e9pondrons dans les plus brefs d\u00e9lais.<\/p>\n\t<strong>Adresse<\/strong><br \/>\nAssociation des opticiens<br \/>\ndu Nouveau-Brunswick<br \/>\nPO\/CP 804 Station<br \/>\nMain, Saint John, \u00a0N.-B<br \/>\nE2L 4B3\n\t<strong>T\u00e9l\u00e9phone<\/strong><br \/>\n<a href=\"tel:5066422878\">(506) 642-2878<\/a>\nT\u00e9l\u00e9copieur<br \/>\n<a href=\"http:\/\/(506) 642-7984\">(506) 642-7984<\/a>\n\t<strong>E-mail<\/strong><br \/>\n<a href=\"mailto:nbgdo@nbnet.nb.ca\">nbgdo@nbnet.nb.ca<\/a>\n<h2>\n\t\tEnvoyer un message\n\t<\/h2>\n\n","protected":false},"excerpt":{"rendered":"<p>Contact Us Vous souhaitez entrer en contact avec un membre de notre \u00e9quipe ? Utilisez les coordonn\u00e9es ci-dessous ou remplissez le formulaire et nous vous r\u00e9pondrons dans les plus brefs d\u00e9lais. Adresse Association des opticiens du Nouveau-Brunswick PO\/CP 804 Station Main, Saint John, \u00a0N.-B E2L 4B3 T\u00e9l\u00e9phone (506) 642-2878 T\u00e9l\u00e9copieur (506) 642-7984 E-mail nbgdo@nbnet.nb.ca Envoyer&hellip;<\/p>\n","protected":false},"author":1,"featured_media":0,"parent":0,"menu_order":0,"comment_status":"closed","ping_status":"closed","template":"","meta":{"_acf_changed":false,"content-type":"","inline_featured_image":false,"footnotes":""},"class_list":["post-674","page","type-page","status-publish","hentry"],"acf":[],"yoast_head":"<!-- This site is optimized with the Yoast SEO plugin v27.6 - https:\/\/yoast.com\/product\/yoast-seo-wordpress\/ -->\n<title>Contactez-nous | Opticians Association Of New Brunswick<\/title>\n<meta name=\"robots\" content=\"index, follow, max-snippet:-1, max-image-preview:large, max-video-preview:-1\" \/>\n<link rel=\"canonical\" href=\"https:\/\/opticiansnb.com\/fr\/contactez-nous\/\" \/>\n<meta property=\"og:locale\" content=\"fr_FR\" \/>\n<meta property=\"og:type\" content=\"article\" \/>\n<meta property=\"og:title\" content=\"Contactez-nous | Opticians Association Of New Brunswick\" \/>\n<meta property=\"og:description\" content=\"Contact Us Vous souhaitez entrer en contact avec un membre de notre \u00e9quipe ? Utilisez les coordonn\u00e9es ci-dessous ou remplissez le formulaire et nous vous r\u00e9pondrons dans les plus brefs d\u00e9lais. Adresse Association des opticiens du Nouveau-Brunswick PO\/CP 804 Station Main, Saint John, \u00a0N.-B E2L 4B3 T\u00e9l\u00e9phone (506) 642-2878 T\u00e9l\u00e9copieur (506) 642-7984 E-mail nbgdo@nbnet.nb.ca Envoyer&hellip;\" \/>\n<meta property=\"og:url\" content=\"https:\/\/opticiansnb.com\/fr\/contactez-nous\/\" \/>\n<meta property=\"og:site_name\" content=\"Opticians Association Of New Brunswick\" \/>\n<meta property=\"article:publisher\" content=\"https:\/\/www.facebook.com\/OpticiansAssociationOfNewBrunswick\/\" \/>\n<meta property=\"article:modified_time\" content=\"2022-03-09T20:29:05+00:00\" \/>\n<meta property=\"og:image\" content=\"https:\/\/opticiansnb.com\/wp-content\/uploads\/2022\/03\/Mask-Group-6.png\" \/>\n\t<meta property=\"og:image:width\" content=\"768\" \/>\n\t<meta property=\"og:image:height\" content=\"467\" \/>\n\t<meta property=\"og:image:type\" content=\"image\/png\" \/>\n<meta name=\"twitter:card\" content=\"summary_large_image\" \/>\n<script type=\"application\/ld+json\" class=\"yoast-schema-graph\">{\"@context\":\"https:\\\/\\\/schema.org\",\"@graph\":[{\"@type\":\"WebPage\",\"@id\":\"https:\\\/\\\/opticiansnb.com\\\/fr\\\/contactez-nous\\\/\",\"url\":\"https:\\\/\\\/opticiansnb.com\\\/fr\\\/contactez-nous\\\/\",\"name\":\"Contactez-nous | Opticians Association Of New Brunswick\",\"isPartOf\":{\"@id\":\"https:\\\/\\\/opticiansnb.com\\\/#website\"},\"datePublished\":\"2022-02-23T10:48:06+00:00\",\"dateModified\":\"2022-03-09T20:29:05+00:00\",\"breadcrumb\":{\"@id\":\"https:\\\/\\\/opticiansnb.com\\\/fr\\\/contactez-nous\\\/#breadcrumb\"},\"inLanguage\":\"fr-FR\",\"potentialAction\":[{\"@type\":\"ReadAction\",\"target\":[\"https:\\\/\\\/opticiansnb.com\\\/fr\\\/contactez-nous\\\/\"]}]},{\"@type\":\"BreadcrumbList\",\"@id\":\"https:\\\/\\\/opticiansnb.com\\\/fr\\\/contactez-nous\\\/#breadcrumb\",\"itemListElement\":[{\"@type\":\"ListItem\",\"position\":1,\"name\":\"Home\",\"item\":\"https:\\\/\\\/opticiansnb.com\\\/fr\\\/\"},{\"@type\":\"ListItem\",\"position\":2,\"name\":\"Contactez-nous\"}]},{\"@type\":\"WebSite\",\"@id\":\"https:\\\/\\\/opticiansnb.com\\\/#website\",\"url\":\"https:\\\/\\\/opticiansnb.com\\\/\",\"name\":\"Opticians Association Of New Brunswick\",\"description\":\"Regulating Caring &amp; Competent Eye Care\",\"publisher\":{\"@id\":\"https:\\\/\\\/opticiansnb.com\\\/#organization\"},\"potentialAction\":[{\"@type\":\"SearchAction\",\"target\":{\"@type\":\"EntryPoint\",\"urlTemplate\":\"https:\\\/\\\/opticiansnb.com\\\/?s={search_term_string}\"},\"query-input\":{\"@type\":\"PropertyValueSpecification\",\"valueRequired\":true,\"valueName\":\"search_term_string\"}}],\"inLanguage\":\"fr-FR\"},{\"@type\":\"Organization\",\"@id\":\"https:\\\/\\\/opticiansnb.com\\\/#organization\",\"name\":\"Opticians Association of New Brunswick\",\"url\":\"https:\\\/\\\/opticiansnb.com\\\/\",\"logo\":{\"@type\":\"ImageObject\",\"inLanguage\":\"fr-FR\",\"@id\":\"https:\\\/\\\/opticiansnb.com\\\/#\\\/schema\\\/logo\\\/image\\\/\",\"url\":\"https:\\\/\\\/opticiansnb.com\\\/wp-content\\\/uploads\\\/2022\\\/01\\\/logo.svg\",\"contentUrl\":\"https:\\\/\\\/opticiansnb.com\\\/wp-content\\\/uploads\\\/2022\\\/01\\\/logo.svg\",\"width\":295,\"height\":73,\"caption\":\"Opticians Association of New Brunswick\"},\"image\":{\"@id\":\"https:\\\/\\\/opticiansnb.com\\\/#\\\/schema\\\/logo\\\/image\\\/\"},\"sameAs\":[\"https:\\\/\\\/www.facebook.com\\\/OpticiansAssociationOfNewBrunswick\\\/\"]}]}<\/script>\n<!-- \/ Yoast SEO plugin. -->","yoast_head_json":{"title":"Contactez-nous | Opticians Association Of New Brunswick","robots":{"index":"index","follow":"follow","max-snippet":"max-snippet:-1","max-image-preview":"max-image-preview:large","max-video-preview":"max-video-preview:-1"},"canonical":"https:\/\/opticiansnb.com\/fr\/contactez-nous\/","og_locale":"fr_FR","og_type":"article","og_title":"Contactez-nous | Opticians Association Of New Brunswick","og_description":"Contact Us Vous souhaitez entrer en contact avec un membre de notre \u00e9quipe ? Utilisez les coordonn\u00e9es ci-dessous ou remplissez le formulaire et nous vous r\u00e9pondrons dans les plus brefs d\u00e9lais. Adresse Association des opticiens du Nouveau-Brunswick PO\/CP 804 Station Main, Saint John, \u00a0N.-B E2L 4B3 T\u00e9l\u00e9phone (506) 642-2878 T\u00e9l\u00e9copieur (506) 642-7984 E-mail nbgdo@nbnet.nb.ca Envoyer&hellip;","og_url":"https:\/\/opticiansnb.com\/fr\/contactez-nous\/","og_site_name":"Opticians Association Of New Brunswick","article_publisher":"https:\/\/www.facebook.com\/OpticiansAssociationOfNewBrunswick\/","article_modified_time":"2022-03-09T20:29:05+00:00","og_image":[{"width":768,"height":467,"url":"https:\/\/opticiansnb.com\/wp-content\/uploads\/2022\/03\/Mask-Group-6.png","type":"image\/png"}],"twitter_card":"summary_large_image","schema":{"@context":"https:\/\/schema.org","@graph":[{"@type":"WebPage","@id":"https:\/\/opticiansnb.com\/fr\/contactez-nous\/","url":"https:\/\/opticiansnb.com\/fr\/contactez-nous\/","name":"Contactez-nous | Opticians Association Of New Brunswick","isPartOf":{"@id":"https:\/\/opticiansnb.com\/#website"},"datePublished":"2022-02-23T10:48:06+00:00","dateModified":"2022-03-09T20:29:05+00:00","breadcrumb":{"@id":"https:\/\/opticiansnb.com\/fr\/contactez-nous\/#breadcrumb"},"inLanguage":"fr-FR","potentialAction":[{"@type":"ReadAction","target":["https:\/\/opticiansnb.com\/fr\/contactez-nous\/"]}]},{"@type":"BreadcrumbList","@id":"https:\/\/opticiansnb.com\/fr\/contactez-nous\/#breadcrumb","itemListElement":[{"@type":"ListItem","position":1,"name":"Home","item":"https:\/\/opticiansnb.com\/fr\/"},{"@type":"ListItem","position":2,"name":"Contactez-nous"}]},{"@type":"WebSite","@id":"https:\/\/opticiansnb.com\/#website","url":"https:\/\/opticiansnb.com\/","name":"Opticians Association Of New Brunswick","description":"Regulating Caring &amp; Competent Eye Care","publisher":{"@id":"https:\/\/opticiansnb.com\/#organization"},"potentialAction":[{"@type":"SearchAction","target":{"@type":"EntryPoint","urlTemplate":"https:\/\/opticiansnb.com\/?s={search_term_string}"},"query-input":{"@type":"PropertyValueSpecification","valueRequired":true,"valueName":"search_term_string"}}],"inLanguage":"fr-FR"},{"@type":"Organization","@id":"https:\/\/opticiansnb.com\/#organization","name":"Opticians Association of New Brunswick","url":"https:\/\/opticiansnb.com\/","logo":{"@type":"ImageObject","inLanguage":"fr-FR","@id":"https:\/\/opticiansnb.com\/#\/schema\/logo\/image\/","url":"https:\/\/opticiansnb.com\/wp-content\/uploads\/2022\/01\/logo.svg","contentUrl":"https:\/\/opticiansnb.com\/wp-content\/uploads\/2022\/01\/logo.svg","width":295,"height":73,"caption":"Opticians Association of New Brunswick"},"image":{"@id":"https:\/\/opticiansnb.com\/#\/schema\/logo\/image\/"},"sameAs":["https:\/\/www.facebook.com\/OpticiansAssociationOfNewBrunswick\/"]}]}},"_links":{"self":[{"href":"https:\/\/opticiansnb.com\/fr\/wp-json\/wp\/v2\/pages\/674","targetHints":{"allow":["GET"]}}],"collection":[{"href":"https:\/\/opticiansnb.com\/fr\/wp-json\/wp\/v2\/pages"}],"about":[{"href":"https:\/\/opticiansnb.com\/fr\/wp-json\/wp\/v2\/types\/page"}],"author":[{"embeddable":true,"href":"https:\/\/opticiansnb.com\/fr\/wp-json\/wp\/v2\/users\/1"}],"replies":[{"embeddable":true,"href":"https:\/\/opticiansnb.com\/fr\/wp-json\/wp\/v2\/comments?post=674"}],"version-history":[{"count":3,"href":"https:\/\/opticiansnb.com\/fr\/wp-json\/wp\/v2\/pages\/674\/revisions"}],"predecessor-version":[{"id":900,"href":"https:\/\/opticiansnb.com\/fr\/wp-json\/wp\/v2\/pages\/674\/revisions\/900"}],"wp:attachment":[{"href":"https:\/\/opticiansnb.com\/fr\/wp-json\/wp\/v2\/media?parent=674"}],"curies":[{"name":"wp","href":"https:\/\/api.w.org\/{rel}","templated":true}]}}