{"id":672,"date":"2022-02-22T05:52:27","date_gmt":"2022-02-22T05:52:27","guid":{"rendered":"https:\/\/opticiansnb.com\/registering-as-an-optician\/"},"modified":"2025-12-18T19:52:23","modified_gmt":"2025-12-18T19:52:23","slug":"sinscrire-a-titre-dopticien","status":"publish","type":"page","link":"https:\/\/opticiansnb.com\/fr\/sinscrire-a-titre-dopticien\/","title":{"rendered":"S\u2019INSCRIRE \u00c0 TITRE D\u2019OPTICIEN"},"content":{"rendered":"\n<h1>\n\t\t\tS&#8217;Inscrire \u00e0 titre d&#8217;opticien \t<\/h1>\n\t<p><strong>Cours d&#8217;optique et apprentissage<\/strong><\/p>\n\t<p>\u00cates-vous \u00e0 la recherche d&#8217;un cheminement de carri\u00e8re passionnant \u00e0 suivre apr\u00e8s avoir obtenu votre dipl\u00f4me d&#8217;\u00e9tudes secondaires au Canada? Une carri\u00e8re de professionnel de la sant\u00e9 peut \u00eatre l&#8217;une des voies les plus gratifiantes que vous puissiez choisir. \u00cates-vous int\u00e9ress\u00e9 par les math\u00e9matiques et les sciences, les affaires, la sant\u00e9 ou la mode?\u00a0<\/p>\n\t<p>L&#8217;opticien peut \u00eatre le bon choix pour vous!<\/p>\n\t<p>(Candidats internationaux, veuillez faire d\u00e9filer vers le bas jusqu&#8217;\u00e0 :\u00a0 \u00a0 \u00a0 \u00a0<strong>\u00ab Pour les opticiens form\u00e9s \u00e0 l&#8217;\u00e9tranger \u00bb)<\/strong><\/p>\n<h2>\n\t\t\t\u00c9DUCATION\t<\/h2>\n\t<p>Les candidats doivent s&#8217;inscrire et r\u00e9ussir un programme de distribution optique ou un cours en ligne offert par un \u00e9tablissement agr\u00e9\u00e9 (voir la liste des \u00e9tablissements ci-dessous). <a href=\"https:\/\/opticiansnb.com\/wp-content\/uploads\/2022\/12\/Programmes-de-distribution-optique-et-cours-en-ligne.docx\">Programmes de distribution optique et cours en ligne<\/a><\/p>\n<p>(Si du Qu\u00e9bec &#8211; SVP passer \u00e0 Pr\u00e9-candidature)<\/p>\n<h2>\n\t\t\tAPPRENTSSAGE\t<\/h2>\n\t<p>en conjonction avec un programme scolaire agr\u00e9\u00e9 ou un cours en ligne :\u00a0 <\/p>\n<p>Tous les programmes et cours exigent l&#8217;ach\u00e8vement d&#8217;un volet clinique ou de stage. Les \u00e9tudiants doivent acqu\u00e9rir une exp\u00e9rience pratique gr\u00e2ce \u00e0 un emploi dans un dispensaire optique, travaillant pour un opticien ou un optom\u00e9triste en tant qu&#8217;apprenti.\u00a0<\/p>\n<p>L&#8217;opticien (ou l&#8217;optom\u00e9triste) de votre lieu de travail doit accepter de vous parrainer et de vous inscrire \u00e0 titre d&#8217;apprenti par l&#8217;entremise de votre \u00e9cole ou si vous terminez un cours en ligne, directement par l&#8217;entremise de l&#8217;AONB*. L&#8217;inscription \u00e0 titre d&#8217;apprenti est le d\u00e9but d&#8217;un processus de formation official con\u00e7u :\u00a0<\/p>\n<strong>(a) <\/strong>\u00e0 permettre \u00e0 l&#8217;apprenti de devenir opticien dans un d\u00e9lai aussi court que possible<br \/>\n<strong>(b)<\/strong> de fournir \u00e0 l&#8217;apprenti le maximum d&#8217;information et de comp\u00e9tences possibles<br \/>\n<strong>(c) <\/strong>de leur apprendre \u00e0 remplir leur r\u00f4le d&#8217;opticien avec confiance, comp\u00e9tence et professionnalisme\n<p>Si un \u00e9tudiant fait tout ou partie de sa composante pratique dans la province du Nouveau-Brunswick &#8211; que ce soit dans un dispensaire optique ou dans un coll\u00e8ge, o\u00f9 des membres du public se font ajust\u00e9s pour des lunettes &#8211; l&#8217;\u00e9tudiant doit s&#8217;inscrire comme apprenti aupr\u00e8s de l&#8217;association des opticiens du Nouveau-Brunswick pour pratiquer l\u00e9galement la distribution optique pendant qu&#8217;il est supervis\u00e9.\u00a0<\/p>\n\t<p>Pour postuler<\/p>\n\t\t\t<a href=\"mailto:nbgdo@nbnet.nb.ca\u00a0\" target=\"_self\">\n\t\t\t\t\t\t\tContactez OANB\n\t\t\t\t\t<\/a>\n\t\t\t\t<img decoding=\"async\" src=\"https:\/\/opticiansnb.com\/wp-content\/uploads\/2022\/03\/DSC5119-scaled.jpg\" alt=\"_DSC5119\" itemprop=\"image\" height=\"1707\" width=\"2560\" title=\"_DSC5119\" onerror=\"this.style.display='none'\" loading=\"lazy\" \/>\n\t<p>Pour des informations g\u00e9n\u00e9rales et optiques sur les cours, voir<\/p>\n\t\t\t<a href=\"https:\/\/becomeanoptician.com\/fr\/%20\" target=\"_blank\" rel=\"noopener\">\n\t\t\t\t\t\t\tDevenir Opticien\n\t\t\t\t\t<\/a>\n\t<p>Pour obtenir des renseignements propres au Nouveau-Brunswick, veuillez lire ce qui suit :<\/p>\n\t<p>Pour devenir opticien agr\u00e9\u00e9 par l&#8217;Association des opticiens du Nouveau-Brunswick (AONB), les candidats doivent :<\/p>\n\t<ol>\n<li aria-level=\"1\">\u00catre dipl\u00f4m\u00e9 d&#8217;un programme de distribution optique ou d&#8217;un cours en ligne<\/li>\n<li>Avoir r\u00e9ussi \u00e0 respecter un contrat d&#8217;apprentissage<\/li>\n<li aria-level=\"1\">\u00c9tudiants de l&#8217;ext\u00e9rieur de la province seulement : pr\u00e9senter une demande de pr\u00e9-candidature aupr\u00e8s de l&#8217;AONB<\/li>\n<li aria-level=\"1\">Avoir r\u00e9ussi les examens de l&#8217;Alliance nationale des autorit\u00e9s de r\u00e8glementation des opticiens canadiens (NACOR)<\/li>\n<li>Obtenir un permis d&#8217;exercice par l&#8217;entremise de l&#8217;AONB<\/li>\n<\/ol>\n<h2>\n\t\t\t\u00c9tudiants en ligne seulement \t<\/h2>\n\t<p>Un \u00e9tudiant doit suivre un cours de distribution optique de deux ans en ligne, tout en menant son apprentissage. Le cours offert par le Northern Alberta Institute of Technology (NAIT) est administr\u00e9 par l&#8217;Association des opticiens du Canada (AOC). Il est compos\u00e9 de plusieurs cours th\u00e9oriques et de deux niveaux de stage n\u00e9cessitant 500 heures de travail pour chacun. La note pour chaque cours th\u00e9orique du programme de lunettes est de 63%, tandis que les niveaux de stage sont not\u00e9s sur une base de r\u00e9ussite ou d&#8217;\u00e9chec.<\/p>\n<p>Pour obtenir de l&#8217;information et pour pr\u00e9senter une demande, veuillez communiquer avec:\u00a0<\/p>\n\t\t\t<a href=\"mailto:kmcgraw@opticians.ca\u00a0\" target=\"_self\">\n\t\t\t\t\t\t\tE-mail\n\t\t\t\t\t<\/a>\n\t\t\t<a href=\"https:\/\/www.nait.ca\/programs\/optical-sciences-eyeglasses?term=2022-fall\" target=\"_blank\" rel=\"noopener\">\n\t\t\t\t\t\t\t Plus d&#8217;information\n\t\t\t\t\t<\/a>\n<h2>\n\t\t\tPr\u00e9requis pour tous les apprentis \t<\/h2>\n\t<p><strong>Les demandeurs doivent :<\/strong><\/p>\n\t<ol>\n<li>\u00catre manifestement de bonne moralit\u00e9.\u00a0<\/li>\n<li> Fournir 3 lettres de r\u00e9f\u00e9rence de caract\u00e8re.<\/li>\n<li> Avoir une formation suffisante pour r\u00e9ussir un programme \/ cours sans tutorat suppl\u00e9mentaire dans les principes de base des math\u00e9matiques et de la physique sur lesquels le cours est fond\u00e9.\u00a0<\/li>\n<li> Avoir un dipl\u00f4me d&#8217;\u00e9tudes secondaires et soumettre un relev\u00e9 de notes (demande l&#8217;original de l&#8217;\u00e9cole).\u00a0<\/li>\n<li> Les \u00e9tudiants de NAIT doivent \u00eatre employ\u00e9s dans un dispensaire d&#8217;optique au Nouveau-Brunswick et avoir une entente de parrainage entre eux et un opticien d&#8217;ordonnances ou un optom\u00e9triste agr\u00e9\u00e9 (habituellement leur employeur). Lorsque vous postulez, indiquez clairement \u00e0 l&#8217;intervieweur que votre intention est de suivre une formation pour devenir opticien.\u00a0<\/li>\n<li> Doit effectuer un minimum de 2,000 heures, travailler sous la supervision directe d&#8217;un dispensateur autoris\u00e9 (parrain ou d\u00e9l\u00e9gu\u00e9 du promoteur) et remplir toutes les exigences de stage de son cours d&#8217;optique.<\/li>\n<li> \u00catre responsable d&#8217;organiser l&#8217;exp\u00e9rience de laboratoire avec le parrain s&#8217;il n&#8217;y a pas de laboratoire dans le dispensaire o\u00f9 l&#8217;\u00e9tudiant est employ\u00e9.\u00a0<\/li>\n<li> Pr\u00e9senter une demande et payer les frais d&#8217;inscription \u00e0 l&#8217;apprentissage :<strong> 263,00 $<\/strong>. Les frais ne seront rembours\u00e9s que si la demande est refus\u00e9e par le conseil de l&#8217;AONB ou retir\u00e9e avant l&#8217;approbation.\u00a0<\/li>\n<li> \u00catre approuv\u00e9 par le conseil de l&#8217;AONB d\u00e8s r\u00e9ception de tous les documents et paiement des frais.\u00a0<\/li>\n<\/ol>\n<h2>\n\t\t\tPR\u00c9-CANDIDATURE:\t<\/h2>\n\t<p>Pour les \u00e9tudiants du NAIT, r\u00e9sidents du Qu\u00e9bec qui souhaitent passer l&#8217;examen NACOR et obtenir un permis d&#8217;exercice au Nouveau-Brunswick.\u00a0<\/p>\n\t<ol>\n<li aria-level=\"1\">Satisfaire \u00e0 toutes les exigences \u00e9ducatives et pratiques prescrites par leur programme ou cours NAIT<\/li>\n<li aria-level=\"1\">Postuler, r\u00e9pondre \u00e0 toutes les exigences et payer pour la pr\u00e9-candidature aupr\u00e8s de l&#8217;Association des opticiens du Nouveau-Brunswick, frais <strong>140,00 $<\/strong>. Les demandes et les renseignements peuvent \u00eatre obtenus en envoyant une demande par courriel \u00e0 <a href=\"mailto:nbgdo@nbnet.nb.ca\">nbgdo@nbnet.nb.ca<\/a>\u00a0<\/li>\n<\/ol>\n<p>&nbsp;<\/p>\n<h2>\n\t\t\tTous les apprentis et pr\u00e9-candidats de l&#8217;AONB :  \t<\/h2>\n\t<b>EXAMENS NACOR <\/b>:<br \/>\nApr\u00e8s avoir compl\u00e9t\u00e9 avec succ\u00e8s le programme ou le cours de deux ans, les \u00e9tudiants doivent r\u00e9ussir l&#8217;examen pratique national en sciences optiques administrer par NACOR (L&#8217;Alliance national des autorit\u00e9s de r\u00e8glementation des opticiens canadiens). L&#8217;examen est offert uniform\u00e9ment \u00e0 divers endroits \u00e0 travers le Canada. Il existe des examens distincts pour les lunettes et pour les lentilles corn\u00e9ennes. L&#8217;AONB exige que vous compl\u00e9tiez la certification de lunettes et que vous devenez un opticien agr\u00e9\u00e9 avant de pouvoir obtenir la certification de lentilles corn\u00e9ennes. Les frais d&#8217;examen pour les lunettes et pour les lentilles corn\u00e9ennes de NACOR sont : <strong>875,00 $<\/strong> chaque (payable \u00e0 NACOR).\n<p>Pou obtenir les horaires et d\u00e9tails des examens, allez au : <a href=\"http:\/\/www.nacor.ca\">www.nacor.ca<\/a>\u00a0\u00a0\u00a0<\/p>\n<h2>\n\t\t\tDEMANDE D&#8217;AUTORISATION D&#8217;EXERCICE ET D&#8217;ENREGISTREMENT :\t<\/h2>\n\t<p>Apr\u00e8s avoir r\u00e9ussi un cours de distribution optique accr\u00e9dit\u00e9 ainsi que les examens pertinents de NACOR, l&#8217;\u00e9tudiant peut demander \u00e0 s&#8217;inscrire aupr\u00e8s de l&#8217;AONB en tant qu&#8217;opticien agr\u00e9\u00e9 en soumettant ce qui suit :<\/p>\n\t<ol>\n<li>Demande d&#8217;autorisation d&#8217;exercice et d&#8217;enregistrement aupr\u00e8s de l&#8217;AONB &#8211; contactez : <a href=\"mailto:nbgdo@nbnet.nb.ca\">nbgdo@nbnet.nb.ca<\/a>\u00a0<\/li>\n<li>Un relev\u00e9 de notes official du cours de distribution optique compl\u00e9t\u00e9.\u00a0<\/li>\n<li>Confirmation par NACOR des notes aux examens NACOR.<\/li>\n<li>Paiement des frais de licence : Lunettes seulement: <strong>545,00 $, <\/strong>Lunettes avec certification pour lentilles de contact: <strong>580,00 $<\/strong> Ces frais couvrent la licence \u00e0 partir de l&#8217;inscription jusqu&#8217;au 1er ao\u00fbt suivant, et la licence est ensuite renouvel\u00e9e chaque ann\u00e9e.<\/li>\n\n<\/ol>\n\t<p><strong>*Tous les frais indiqu\u00e9s dans ce document sont sujets \u00e0 des changements sans pr\u00e9avis.\u00a0<\/strong><\/p>\n<h3>\n\t\t\tPour les opticiens titulaires d&#8217;un permis au Canada\t<\/h3>\n\t<p>Si vous avez un permis d&#8217;opticien au Canada et que vous souhaitez vous inscrire au Nouveau-Brunswick, le permis d&#8217;exercice sera accord\u00e9 dans trois circonstances :<\/p>\n\t<p><strong>1). Le candidat a obtenu son dipl\u00f4me d&#8217;un cours canadien agr\u00e9\u00e9 et a r\u00e9ussi un processus d&#8217;\u00e9valuation reconnu, soit l&#8217;examen national de science optique de NACOR (s\u00e9par\u00e9 de celui pour les lunettes et verres de contact) ou le processus continu de l&#8217;Ordre du Qu\u00e9bec.\u00a0<\/strong><\/p>\n<p><strong>2). Le candidat est actuellement titulaire d&#8217;un permis dans une autre juridiction canadienne.\u00a0<\/strong><\/p>\n<p><strong>3). De l&#8217;avis du conseil de l&#8217;AONB, l&#8217;exp\u00e9rience et la formation du candidat r\u00e9pondent aux normes du\u00a0 N.-B.<\/strong><\/p>\n\t<p><b>Pour vous inscrire au Nouveau-Brunswick <\/b>:\u00a0<\/p>\n\t\t\t<a href=\"\" target=\"_self\">\n\t\t\t\t\t\t\tDemander un contact d&#8217;application\n\t\t\t\t\t<\/a>\n\t<ol>\n<li>\u00a0Sollicitez une personne-ressource pour votre demande : <a href=\"mailto:nbgdo@nbnet.nb.ca\">nbgdo@nbnet.nb.ca<\/a>\u00a0<\/li>\n<li>Demandez qu&#8217;une lettre de bonne r\u00e9putation soit envoy\u00e9e par courriel par l&#8217;Association des opticiens de la province dans laquelle vous poss\u00e9dez actuellement un permis, \u00e0 l&#8217;AONB au :<\/li>\n<li aria-level=\"1\">Envoyez une copie de votre licence actuelle avec votre demande<\/li>\n<li aria-level=\"1\">Envoyez le formulaire de paiement et les frais: lunettes seulement: <strong>545,00 $, <\/strong>Lunettes avec certification pour lentilles de contact: <strong>580,00 $, <\/strong>licence de non-pratique: <strong>136,00 $<\/strong><\/li>\n<li aria-level=\"1\">Fournir une photo de la t\u00eate et des \u00e9paules (PDF) pour la carte d&#8217;identit\u00e9 avec photo obligatoire<\/li>\n\n<\/ol>\n\t<p>Une fois que votre demande, vos documents, le paiement des frais et la photo auront \u00e9t\u00e9 re\u00e7us, votre demande sera pr\u00e9sent\u00e9e au conseil de l&#8217;AONB pour approbation. Apr\u00e8s approbation, vous recevrez un num\u00e9ro de licence, un certificat de licence du N.-B. et une pi\u00e8ce d&#8217;identit\u00e9 avec photo. Vous recevrez \u00e9galement une lettre de bienvenue informative ainsi que la Loi sur les opticiens du Nouveau-Brunswick, les r\u00e8glements de l&#8217;AONB, les normes de pratique et le code d&#8217;\u00e9thique<\/p>\n<h3>\n\t\t\tPour les opticiens form\u00e9s \u00e0 l&#8217;\u00e9tranger\t<\/h3>\n\t<p>Si vous \u00eates un opticien form\u00e9 \u00e0 l&#8217;\u00e9tranger ou si vous avez une formation en optique ou en soins de sant\u00e9, vous pourriez \u00eatre admissible \u00e0 devenir opticien gr\u00e2ce au processus d&#8217;\u00e9valuation et de reconnaissance des acquis (\u00c9RA), et en r\u00e9ussissant les examens nationaux<\/p>\n<p><strong>Frais d&#8217;\u00e9valuation<\/strong>\u00a0:<\/p>\n<p>Frais d&#8217;examen des documents :\u00a0 \u00a0 \u00a0 \u00a0 \u00a0\u00a0$ 250,00<\/p>\n<p>\u00c9valuation des lunettes :\u00a0 \u00a0 \u00a0 \u00a0 \u00a0 \u00a0 \u00a0 \u00a0 \u00a0 \u00a0 \u00a0 \u00a0 \u00a0 350.00<\/p>\n<p>\u00c9valuation des lentilles de contact :\u00a0 \u00a0 \u00a0 \u00a0 350.00<\/p>\n<p>*plus taxes applicables<\/p>\n<p>&nbsp;<\/p>\n\t\t\t<a href=\"https:\/\/becomeanoptician.com\/fr\/\" target=\"_blank\" rel=\"noopener\">\n\t\t\t\t\t\t\tPlus d&#8217;informations\n\t\t\t\t\t<\/a>\n\t<p><b>Pour plus d&#8217;informations, voir :<\/b><\/p>\n<p><b>Nationale des autorit\u00e9s de r\u00e8glementations des opticiens canadiens <\/b><b>(NACOR) at:\u00a0 <a href=\"general@nacor.ca\">general@nacor.ca<\/a><\/b><\/p>\n\t<p>Alliance nationale des autorit\u00e9s de r\u00e8glementations des opticiens canadiens<\/p>\n<p>1080 Portage Ave #217,<\/p>\n<p>Winnipeg, MB<\/p>\n<p>R3G 3M3<\/p>\n<p>&nbsp;<\/p>\n\t<strong>T\u00e9l\u00e9phone<\/strong>: (204) 949-1950<br \/>\n<strong>T\u00e9l\u00e9copieur<\/strong>: (204) 949-9153<br \/>\n<strong>Sans frais<\/strong>: 1-866-949-1950<br \/>\n<strong>Courriel<\/strong>: <a href=\"mailto:general@nacor.ca\">general@nacor.ca<\/a>\n\t<strong>Heures de bureau :<\/strong><br \/>\ndu lundi au vendredi<br \/>\n8h30 \u00e0 16h00 HNC\n\n","protected":false},"excerpt":{"rendered":"<p>S&#8217;Inscrire \u00e0 titre d&#8217;opticien Cours d&#8217;optique et apprentissage \u00cates-vous \u00e0 la recherche d&#8217;un cheminement de carri\u00e8re passionnant \u00e0 suivre apr\u00e8s avoir obtenu votre dipl\u00f4me d&#8217;\u00e9tudes secondaires au Canada? Une carri\u00e8re de professionnel de la sant\u00e9 peut \u00eatre l&#8217;une des voies les plus gratifiantes que vous puissiez choisir. \u00cates-vous int\u00e9ress\u00e9 par les math\u00e9matiques et les sciences,&hellip;<\/p>\n","protected":false},"author":1,"featured_media":0,"parent":0,"menu_order":0,"comment_status":"closed","ping_status":"closed","template":"","meta":{"_acf_changed":false,"content-type":"","inline_featured_image":false,"footnotes":""},"class_list":["post-672","page","type-page","status-publish","hentry"],"acf":[],"yoast_head":"<!-- This site is optimized with the Yoast SEO plugin v27.5 - https:\/\/yoast.com\/product\/yoast-seo-wordpress\/ -->\n<title>S\u2019INSCRIRE \u00c0 TITRE D\u2019OPTICIEN | Opticians Association Of New Brunswick<\/title>\n<meta name=\"robots\" content=\"index, follow, max-snippet:-1, max-image-preview:large, max-video-preview:-1\" \/>\n<link rel=\"canonical\" href=\"https:\/\/opticiansnb.com\/fr\/sinscrire-a-titre-dopticien\/\" \/>\n<meta property=\"og:locale\" content=\"fr_FR\" \/>\n<meta property=\"og:type\" content=\"article\" \/>\n<meta property=\"og:title\" content=\"S\u2019INSCRIRE \u00c0 TITRE D\u2019OPTICIEN | Opticians Association Of New Brunswick\" \/>\n<meta property=\"og:description\" content=\"S&#8217;Inscrire \u00e0 titre d&#8217;opticien Cours d&#8217;optique et apprentissage \u00cates-vous \u00e0 la recherche d&#8217;un cheminement de carri\u00e8re passionnant \u00e0 suivre apr\u00e8s avoir obtenu votre dipl\u00f4me d&#8217;\u00e9tudes secondaires au Canada? Une carri\u00e8re de professionnel de la sant\u00e9 peut \u00eatre l&#8217;une des voies les plus gratifiantes que vous puissiez choisir. \u00cates-vous int\u00e9ress\u00e9 par les math\u00e9matiques et les sciences,&hellip;\" \/>\n<meta property=\"og:url\" content=\"https:\/\/opticiansnb.com\/fr\/sinscrire-a-titre-dopticien\/\" \/>\n<meta property=\"og:site_name\" content=\"Opticians Association Of New Brunswick\" \/>\n<meta property=\"article:publisher\" content=\"https:\/\/www.facebook.com\/OpticiansAssociationOfNewBrunswick\/\" \/>\n<meta property=\"article:modified_time\" content=\"2025-12-18T19:52:23+00:00\" \/>\n<meta property=\"og:image\" content=\"https:\/\/opticiansnb.com\/wp-content\/uploads\/2022\/03\/DSC5119-scaled.jpg\" \/>\n<meta name=\"twitter:card\" content=\"summary_large_image\" \/>\n<script type=\"application\/ld+json\" class=\"yoast-schema-graph\">{\"@context\":\"https:\\\/\\\/schema.org\",\"@graph\":[{\"@type\":\"WebPage\",\"@id\":\"https:\\\/\\\/opticiansnb.com\\\/fr\\\/sinscrire-a-titre-dopticien\\\/\",\"url\":\"https:\\\/\\\/opticiansnb.com\\\/fr\\\/sinscrire-a-titre-dopticien\\\/\",\"name\":\"S\u2019INSCRIRE \u00c0 TITRE D\u2019OPTICIEN | Opticians Association Of New Brunswick\",\"isPartOf\":{\"@id\":\"https:\\\/\\\/opticiansnb.com\\\/#website\"},\"primaryImageOfPage\":{\"@id\":\"https:\\\/\\\/opticiansnb.com\\\/fr\\\/sinscrire-a-titre-dopticien\\\/#primaryimage\"},\"image\":{\"@id\":\"https:\\\/\\\/opticiansnb.com\\\/fr\\\/sinscrire-a-titre-dopticien\\\/#primaryimage\"},\"thumbnailUrl\":\"https:\\\/\\\/opticiansnb.com\\\/wp-content\\\/uploads\\\/2022\\\/03\\\/DSC5119-scaled.jpg\",\"datePublished\":\"2022-02-22T05:52:27+00:00\",\"dateModified\":\"2025-12-18T19:52:23+00:00\",\"breadcrumb\":{\"@id\":\"https:\\\/\\\/opticiansnb.com\\\/fr\\\/sinscrire-a-titre-dopticien\\\/#breadcrumb\"},\"inLanguage\":\"fr-FR\",\"potentialAction\":[{\"@type\":\"ReadAction\",\"target\":[\"https:\\\/\\\/opticiansnb.com\\\/fr\\\/sinscrire-a-titre-dopticien\\\/\"]}]},{\"@type\":\"ImageObject\",\"inLanguage\":\"fr-FR\",\"@id\":\"https:\\\/\\\/opticiansnb.com\\\/fr\\\/sinscrire-a-titre-dopticien\\\/#primaryimage\",\"url\":\"https:\\\/\\\/opticiansnb.com\\\/wp-content\\\/uploads\\\/2022\\\/03\\\/DSC5119-scaled.jpg\",\"contentUrl\":\"https:\\\/\\\/opticiansnb.com\\\/wp-content\\\/uploads\\\/2022\\\/03\\\/DSC5119-scaled.jpg\"},{\"@type\":\"BreadcrumbList\",\"@id\":\"https:\\\/\\\/opticiansnb.com\\\/fr\\\/sinscrire-a-titre-dopticien\\\/#breadcrumb\",\"itemListElement\":[{\"@type\":\"ListItem\",\"position\":1,\"name\":\"Home\",\"item\":\"https:\\\/\\\/opticiansnb.com\\\/fr\\\/\"},{\"@type\":\"ListItem\",\"position\":2,\"name\":\"S\u2019INSCRIRE \u00c0 TITRE D\u2019OPTICIEN\"}]},{\"@type\":\"WebSite\",\"@id\":\"https:\\\/\\\/opticiansnb.com\\\/#website\",\"url\":\"https:\\\/\\\/opticiansnb.com\\\/\",\"name\":\"Opticians Association Of New Brunswick\",\"description\":\"Regulating Caring &amp; Competent Eye Care\",\"publisher\":{\"@id\":\"https:\\\/\\\/opticiansnb.com\\\/#organization\"},\"potentialAction\":[{\"@type\":\"SearchAction\",\"target\":{\"@type\":\"EntryPoint\",\"urlTemplate\":\"https:\\\/\\\/opticiansnb.com\\\/?s={search_term_string}\"},\"query-input\":{\"@type\":\"PropertyValueSpecification\",\"valueRequired\":true,\"valueName\":\"search_term_string\"}}],\"inLanguage\":\"fr-FR\"},{\"@type\":\"Organization\",\"@id\":\"https:\\\/\\\/opticiansnb.com\\\/#organization\",\"name\":\"Opticians Association of New Brunswick\",\"url\":\"https:\\\/\\\/opticiansnb.com\\\/\",\"logo\":{\"@type\":\"ImageObject\",\"inLanguage\":\"fr-FR\",\"@id\":\"https:\\\/\\\/opticiansnb.com\\\/#\\\/schema\\\/logo\\\/image\\\/\",\"url\":\"https:\\\/\\\/opticiansnb.com\\\/wp-content\\\/uploads\\\/2022\\\/01\\\/logo.svg\",\"contentUrl\":\"https:\\\/\\\/opticiansnb.com\\\/wp-content\\\/uploads\\\/2022\\\/01\\\/logo.svg\",\"width\":295,\"height\":73,\"caption\":\"Opticians Association of New Brunswick\"},\"image\":{\"@id\":\"https:\\\/\\\/opticiansnb.com\\\/#\\\/schema\\\/logo\\\/image\\\/\"},\"sameAs\":[\"https:\\\/\\\/www.facebook.com\\\/OpticiansAssociationOfNewBrunswick\\\/\"]}]}<\/script>\n<!-- \/ Yoast SEO plugin. -->","yoast_head_json":{"title":"S\u2019INSCRIRE \u00c0 TITRE D\u2019OPTICIEN | Opticians Association Of New Brunswick","robots":{"index":"index","follow":"follow","max-snippet":"max-snippet:-1","max-image-preview":"max-image-preview:large","max-video-preview":"max-video-preview:-1"},"canonical":"https:\/\/opticiansnb.com\/fr\/sinscrire-a-titre-dopticien\/","og_locale":"fr_FR","og_type":"article","og_title":"S\u2019INSCRIRE \u00c0 TITRE D\u2019OPTICIEN | Opticians Association Of New Brunswick","og_description":"S&#8217;Inscrire \u00e0 titre d&#8217;opticien Cours d&#8217;optique et apprentissage \u00cates-vous \u00e0 la recherche d&#8217;un cheminement de carri\u00e8re passionnant \u00e0 suivre apr\u00e8s avoir obtenu votre dipl\u00f4me d&#8217;\u00e9tudes secondaires au Canada? Une carri\u00e8re de professionnel de la sant\u00e9 peut \u00eatre l&#8217;une des voies les plus gratifiantes que vous puissiez choisir. \u00cates-vous int\u00e9ress\u00e9 par les math\u00e9matiques et les sciences,&hellip;","og_url":"https:\/\/opticiansnb.com\/fr\/sinscrire-a-titre-dopticien\/","og_site_name":"Opticians Association Of New Brunswick","article_publisher":"https:\/\/www.facebook.com\/OpticiansAssociationOfNewBrunswick\/","article_modified_time":"2025-12-18T19:52:23+00:00","og_image":[{"url":"https:\/\/opticiansnb.com\/wp-content\/uploads\/2022\/03\/DSC5119-scaled.jpg","type":"","width":"","height":""}],"twitter_card":"summary_large_image","schema":{"@context":"https:\/\/schema.org","@graph":[{"@type":"WebPage","@id":"https:\/\/opticiansnb.com\/fr\/sinscrire-a-titre-dopticien\/","url":"https:\/\/opticiansnb.com\/fr\/sinscrire-a-titre-dopticien\/","name":"S\u2019INSCRIRE \u00c0 TITRE D\u2019OPTICIEN | Opticians Association Of New Brunswick","isPartOf":{"@id":"https:\/\/opticiansnb.com\/#website"},"primaryImageOfPage":{"@id":"https:\/\/opticiansnb.com\/fr\/sinscrire-a-titre-dopticien\/#primaryimage"},"image":{"@id":"https:\/\/opticiansnb.com\/fr\/sinscrire-a-titre-dopticien\/#primaryimage"},"thumbnailUrl":"https:\/\/opticiansnb.com\/wp-content\/uploads\/2022\/03\/DSC5119-scaled.jpg","datePublished":"2022-02-22T05:52:27+00:00","dateModified":"2025-12-18T19:52:23+00:00","breadcrumb":{"@id":"https:\/\/opticiansnb.com\/fr\/sinscrire-a-titre-dopticien\/#breadcrumb"},"inLanguage":"fr-FR","potentialAction":[{"@type":"ReadAction","target":["https:\/\/opticiansnb.com\/fr\/sinscrire-a-titre-dopticien\/"]}]},{"@type":"ImageObject","inLanguage":"fr-FR","@id":"https:\/\/opticiansnb.com\/fr\/sinscrire-a-titre-dopticien\/#primaryimage","url":"https:\/\/opticiansnb.com\/wp-content\/uploads\/2022\/03\/DSC5119-scaled.jpg","contentUrl":"https:\/\/opticiansnb.com\/wp-content\/uploads\/2022\/03\/DSC5119-scaled.jpg"},{"@type":"BreadcrumbList","@id":"https:\/\/opticiansnb.com\/fr\/sinscrire-a-titre-dopticien\/#breadcrumb","itemListElement":[{"@type":"ListItem","position":1,"name":"Home","item":"https:\/\/opticiansnb.com\/fr\/"},{"@type":"ListItem","position":2,"name":"S\u2019INSCRIRE \u00c0 TITRE D\u2019OPTICIEN"}]},{"@type":"WebSite","@id":"https:\/\/opticiansnb.com\/#website","url":"https:\/\/opticiansnb.com\/","name":"Opticians Association Of New Brunswick","description":"Regulating Caring &amp; Competent Eye Care","publisher":{"@id":"https:\/\/opticiansnb.com\/#organization"},"potentialAction":[{"@type":"SearchAction","target":{"@type":"EntryPoint","urlTemplate":"https:\/\/opticiansnb.com\/?s={search_term_string}"},"query-input":{"@type":"PropertyValueSpecification","valueRequired":true,"valueName":"search_term_string"}}],"inLanguage":"fr-FR"},{"@type":"Organization","@id":"https:\/\/opticiansnb.com\/#organization","name":"Opticians Association of New Brunswick","url":"https:\/\/opticiansnb.com\/","logo":{"@type":"ImageObject","inLanguage":"fr-FR","@id":"https:\/\/opticiansnb.com\/#\/schema\/logo\/image\/","url":"https:\/\/opticiansnb.com\/wp-content\/uploads\/2022\/01\/logo.svg","contentUrl":"https:\/\/opticiansnb.com\/wp-content\/uploads\/2022\/01\/logo.svg","width":295,"height":73,"caption":"Opticians Association of New Brunswick"},"image":{"@id":"https:\/\/opticiansnb.com\/#\/schema\/logo\/image\/"},"sameAs":["https:\/\/www.facebook.com\/OpticiansAssociationOfNewBrunswick\/"]}]}},"_links":{"self":[{"href":"https:\/\/opticiansnb.com\/fr\/wp-json\/wp\/v2\/pages\/672","targetHints":{"allow":["GET"]}}],"collection":[{"href":"https:\/\/opticiansnb.com\/fr\/wp-json\/wp\/v2\/pages"}],"about":[{"href":"https:\/\/opticiansnb.com\/fr\/wp-json\/wp\/v2\/types\/page"}],"author":[{"embeddable":true,"href":"https:\/\/opticiansnb.com\/fr\/wp-json\/wp\/v2\/users\/1"}],"replies":[{"embeddable":true,"href":"https:\/\/opticiansnb.com\/fr\/wp-json\/wp\/v2\/comments?post=672"}],"version-history":[{"count":15,"href":"https:\/\/opticiansnb.com\/fr\/wp-json\/wp\/v2\/pages\/672\/revisions"}],"predecessor-version":[{"id":3205,"href":"https:\/\/opticiansnb.com\/fr\/wp-json\/wp\/v2\/pages\/672\/revisions\/3205"}],"wp:attachment":[{"href":"https:\/\/opticiansnb.com\/fr\/wp-json\/wp\/v2\/media?parent=672"}],"curies":[{"name":"wp","href":"https:\/\/api.w.org\/{rel}","templated":true}]}}