{"id":670,"date":"2022-02-23T03:45:57","date_gmt":"2022-02-23T03:45:57","guid":{"rendered":"https:\/\/opticiansnb.com\/your-visioncare-team\/"},"modified":"2022-03-24T14:08:37","modified_gmt":"2022-03-24T14:08:37","slug":"votre-equipe-de-soins-de-la-vue","status":"publish","type":"page","link":"https:\/\/opticiansnb.com\/fr\/votre-equipe-de-soins-de-la-vue\/","title":{"rendered":"Votre \u00e9quipe de soins de la vue"},"content":{"rendered":"\n<h1>\n\t\tVotre \u00e9quipe de soins de la vue \n\t<\/h1>\n\t<p><b>Il y a 3 \u00ab\u00a0O\u00a0\u00bb dans les soins de la vue &#8211;<\/b> les trois professionnels qui fournissent des aspects distincts des soins oculaires et de la vue sont :<\/p>\n<h2>\n\t\tOphtalmologistes\n\t<\/h2>\n\t<p>Ophtalmologistes sont des m\u00e9decins ou des ost\u00e9opathes qui se sp\u00e9cialisent dans le disgnostic et le traitement des maladies de l&#8217;\u0153il. Des ophtalmologistes sp\u00e9cialement form\u00e9s effectuent des r\u00e9fractions simples, con\u00e7ues pour d\u00e9terminer quelle correction visuelle est n\u00e9cessaire, et prescrivent des lunettes ou des verres correcteurs au besoin.\u00a0<\/p>\n<h2>\n\t\tOptom\u00e9tristes\n\t<\/h2>\n\t<p>Optom\u00e9tristes sont titulaires d&#8217;un dipl\u00f4me d&#8217;\u00e9tudes sup\u00e9rieures en sciences de l&#8217;optom\u00e9trie. Ils testent la vue et \u00e9valuent les conditions m\u00e9dicales, vous renvoyant \u00e0 un ophtalmologiste si n\u00e9cessaire. Au Nouveau-Brunswick, les optom\u00e9tristes qualifi\u00e9s prescrivent des m\u00e9dicaments pour traiter certaines affections de l&#8217;\u0153il. Les optom\u00e9tristes peuvent \u00e9galement distribuer des lunettes et des lentilles corn\u00e9ennes.\u00a0\u00a0<\/p>\n<h2>\n\t\tOpticiens\n\t<\/h2>\n\t<p>Opticiens sont aux ophtalmologistes et aux optom\u00e9tristes ce que les pharmaciens sont aux m\u00e9decins. Les opticiens interpr\u00e8tent les ordonnances et les combinent avec des mesures soigneusement prises et de connaissances sur le mode de vie, la profession et les pr\u00e9f\u00e9rences personnelles pour vous fournir des lunettes ou des lentilles de contact sp\u00e9cifiques \u00e0 vous. Ils sont form\u00e9s, dans les dispensaires, en tant qu&#8217;apprentis et sont dipl\u00f4m\u00e9s de programmes de sciences optiques de 2 \u00e0 4 ans accr\u00e9dit\u00e9s \u00e0 l&#8217;\u00e9chelle nationale. Les opticiens sont des professionnels de la vue, agr\u00e9\u00e9s et strictement r\u00e9glement\u00e9s pour s&#8217;assurer qu&#8217;ils fournissent des services de vision s\u00fbres et comp\u00e9tents \u00e0 leurs clients, conform\u00e9ment \u00e0 un code d&#8217;\u00e9thique et \u00e0 des normes professionnelles \u00e9lev\u00e9es.<\/p>\n<p>Ils sont tenus d&#8217;accumuler des cr\u00e9dits de formation continue, de garder leurs connaissances et leurs techniques contemporaines. Ils travaillent en collaboration avec des ophtalmologistes et optom\u00e9tristes pour fournir des soins oculaires et de vision optimaux.<\/p>\n\t\t\t\t<img loading=\"lazy\" decoding=\"async\" src=\"https:\/\/opticiansnb.com\/wp-content\/uploads\/2022\/03\/DSC5089-scaled.jpg\" alt=\"_DSC5089\" itemprop=\"image\" height=\"1707\" width=\"2560\" title=\"_DSC5089\" onerror=\"this.style.display='none'\"  \/>\n\t<h5 id=\"tw-target-text\" dir=\"ltr\" data-placeholder=\"Translation\"><strong>Les opticiens sont des professionnels de la vue<\/strong><\/h5>\n\t\t\t\t<img loading=\"lazy\" decoding=\"async\" src=\"https:\/\/opticiansnb.com\/wp-content\/uploads\/2022\/03\/DSC5139-scaled.jpg\" alt=\"_DSC5139\" itemprop=\"image\" height=\"1707\" width=\"2560\" title=\"_DSC5139\" onerror=\"this.style.display='none'\"  \/>\n\t<h5 id=\"tw-target-text\" dir=\"ltr\" data-placeholder=\"Translation\">Les ajusteurs de lentilles de contact sont des opticiens sp\u00e9cialement form\u00e9s<\/h5>\n\n","protected":false},"excerpt":{"rendered":"<p>Votre \u00e9quipe de soins de la vue Il y a 3 \u00ab\u00a0O\u00a0\u00bb dans les soins de la vue &#8211; les trois professionnels qui fournissent des aspects distincts des soins oculaires et de la vue sont : Ophtalmologistes Ophtalmologistes sont des m\u00e9decins ou des ost\u00e9opathes qui se sp\u00e9cialisent dans le disgnostic et le traitement des maladies&hellip;<\/p>\n","protected":false},"author":1,"featured_media":0,"parent":0,"menu_order":0,"comment_status":"closed","ping_status":"closed","template":"","meta":{"_acf_changed":false,"content-type":"","inline_featured_image":false,"footnotes":""},"class_list":["post-670","page","type-page","status-publish","hentry"],"acf":[],"yoast_head":"<!-- This site is optimized with the Yoast SEO plugin v27.4 - https:\/\/yoast.com\/product\/yoast-seo-wordpress\/ -->\n<title>Votre \u00e9quipe de soins de la vue | Opticians Association Of New Brunswick<\/title>\n<meta name=\"robots\" content=\"index, follow, max-snippet:-1, max-image-preview:large, max-video-preview:-1\" \/>\n<link rel=\"canonical\" href=\"https:\/\/opticiansnb.com\/fr\/votre-equipe-de-soins-de-la-vue\/\" \/>\n<meta property=\"og:locale\" content=\"fr_FR\" \/>\n<meta property=\"og:type\" content=\"article\" \/>\n<meta property=\"og:title\" content=\"Votre \u00e9quipe de soins de la vue | Opticians Association Of New Brunswick\" \/>\n<meta property=\"og:description\" content=\"Votre \u00e9quipe de soins de la vue Il y a 3 \u00ab\u00a0O\u00a0\u00bb dans les soins de la vue &#8211; les trois professionnels qui fournissent des aspects distincts des soins oculaires et de la vue sont : Ophtalmologistes Ophtalmologistes sont des m\u00e9decins ou des ost\u00e9opathes qui se sp\u00e9cialisent dans le disgnostic et le traitement des maladies&hellip;\" \/>\n<meta property=\"og:url\" content=\"https:\/\/opticiansnb.com\/fr\/votre-equipe-de-soins-de-la-vue\/\" \/>\n<meta property=\"og:site_name\" content=\"Opticians Association Of New Brunswick\" \/>\n<meta property=\"article:publisher\" content=\"https:\/\/www.facebook.com\/OpticiansAssociationOfNewBrunswick\/\" \/>\n<meta property=\"article:modified_time\" content=\"2022-03-24T14:08:37+00:00\" \/>\n<meta property=\"og:image\" content=\"https:\/\/opticiansnb.com\/wp-content\/uploads\/2022\/03\/DSC5089-scaled.jpg\" \/>\n<meta name=\"twitter:card\" content=\"summary_large_image\" \/>\n<script type=\"application\/ld+json\" class=\"yoast-schema-graph\">{\"@context\":\"https:\\\/\\\/schema.org\",\"@graph\":[{\"@type\":\"WebPage\",\"@id\":\"https:\\\/\\\/opticiansnb.com\\\/fr\\\/votre-equipe-de-soins-de-la-vue\\\/\",\"url\":\"https:\\\/\\\/opticiansnb.com\\\/fr\\\/votre-equipe-de-soins-de-la-vue\\\/\",\"name\":\"Votre \u00e9quipe de soins de la vue | Opticians Association Of New Brunswick\",\"isPartOf\":{\"@id\":\"https:\\\/\\\/opticiansnb.com\\\/#website\"},\"primaryImageOfPage\":{\"@id\":\"https:\\\/\\\/opticiansnb.com\\\/fr\\\/votre-equipe-de-soins-de-la-vue\\\/#primaryimage\"},\"image\":{\"@id\":\"https:\\\/\\\/opticiansnb.com\\\/fr\\\/votre-equipe-de-soins-de-la-vue\\\/#primaryimage\"},\"thumbnailUrl\":\"https:\\\/\\\/opticiansnb.com\\\/wp-content\\\/uploads\\\/2022\\\/03\\\/DSC5089-scaled.jpg\",\"datePublished\":\"2022-02-23T03:45:57+00:00\",\"dateModified\":\"2022-03-24T14:08:37+00:00\",\"breadcrumb\":{\"@id\":\"https:\\\/\\\/opticiansnb.com\\\/fr\\\/votre-equipe-de-soins-de-la-vue\\\/#breadcrumb\"},\"inLanguage\":\"fr-FR\",\"potentialAction\":[{\"@type\":\"ReadAction\",\"target\":[\"https:\\\/\\\/opticiansnb.com\\\/fr\\\/votre-equipe-de-soins-de-la-vue\\\/\"]}]},{\"@type\":\"ImageObject\",\"inLanguage\":\"fr-FR\",\"@id\":\"https:\\\/\\\/opticiansnb.com\\\/fr\\\/votre-equipe-de-soins-de-la-vue\\\/#primaryimage\",\"url\":\"https:\\\/\\\/opticiansnb.com\\\/wp-content\\\/uploads\\\/2022\\\/03\\\/DSC5089-scaled.jpg\",\"contentUrl\":\"https:\\\/\\\/opticiansnb.com\\\/wp-content\\\/uploads\\\/2022\\\/03\\\/DSC5089-scaled.jpg\"},{\"@type\":\"BreadcrumbList\",\"@id\":\"https:\\\/\\\/opticiansnb.com\\\/fr\\\/votre-equipe-de-soins-de-la-vue\\\/#breadcrumb\",\"itemListElement\":[{\"@type\":\"ListItem\",\"position\":1,\"name\":\"Home\",\"item\":\"https:\\\/\\\/opticiansnb.com\\\/fr\\\/\"},{\"@type\":\"ListItem\",\"position\":2,\"name\":\"Votre \u00e9quipe de soins de la vue\"}]},{\"@type\":\"WebSite\",\"@id\":\"https:\\\/\\\/opticiansnb.com\\\/#website\",\"url\":\"https:\\\/\\\/opticiansnb.com\\\/\",\"name\":\"Opticians Association Of New Brunswick\",\"description\":\"Regulating Caring &amp; Competent Eye Care\",\"publisher\":{\"@id\":\"https:\\\/\\\/opticiansnb.com\\\/#organization\"},\"potentialAction\":[{\"@type\":\"SearchAction\",\"target\":{\"@type\":\"EntryPoint\",\"urlTemplate\":\"https:\\\/\\\/opticiansnb.com\\\/?s={search_term_string}\"},\"query-input\":{\"@type\":\"PropertyValueSpecification\",\"valueRequired\":true,\"valueName\":\"search_term_string\"}}],\"inLanguage\":\"fr-FR\"},{\"@type\":\"Organization\",\"@id\":\"https:\\\/\\\/opticiansnb.com\\\/#organization\",\"name\":\"Opticians Association of New Brunswick\",\"url\":\"https:\\\/\\\/opticiansnb.com\\\/\",\"logo\":{\"@type\":\"ImageObject\",\"inLanguage\":\"fr-FR\",\"@id\":\"https:\\\/\\\/opticiansnb.com\\\/#\\\/schema\\\/logo\\\/image\\\/\",\"url\":\"https:\\\/\\\/opticiansnb.com\\\/wp-content\\\/uploads\\\/2022\\\/01\\\/logo.svg\",\"contentUrl\":\"https:\\\/\\\/opticiansnb.com\\\/wp-content\\\/uploads\\\/2022\\\/01\\\/logo.svg\",\"width\":295,\"height\":73,\"caption\":\"Opticians Association of New Brunswick\"},\"image\":{\"@id\":\"https:\\\/\\\/opticiansnb.com\\\/#\\\/schema\\\/logo\\\/image\\\/\"},\"sameAs\":[\"https:\\\/\\\/www.facebook.com\\\/OpticiansAssociationOfNewBrunswick\\\/\"]}]}<\/script>\n<!-- \/ Yoast SEO plugin. -->","yoast_head_json":{"title":"Votre \u00e9quipe de soins de la vue | Opticians Association Of New Brunswick","robots":{"index":"index","follow":"follow","max-snippet":"max-snippet:-1","max-image-preview":"max-image-preview:large","max-video-preview":"max-video-preview:-1"},"canonical":"https:\/\/opticiansnb.com\/fr\/votre-equipe-de-soins-de-la-vue\/","og_locale":"fr_FR","og_type":"article","og_title":"Votre \u00e9quipe de soins de la vue | Opticians Association Of New Brunswick","og_description":"Votre \u00e9quipe de soins de la vue Il y a 3 \u00ab\u00a0O\u00a0\u00bb dans les soins de la vue &#8211; les trois professionnels qui fournissent des aspects distincts des soins oculaires et de la vue sont : Ophtalmologistes Ophtalmologistes sont des m\u00e9decins ou des ost\u00e9opathes qui se sp\u00e9cialisent dans le disgnostic et le traitement des maladies&hellip;","og_url":"https:\/\/opticiansnb.com\/fr\/votre-equipe-de-soins-de-la-vue\/","og_site_name":"Opticians Association Of New Brunswick","article_publisher":"https:\/\/www.facebook.com\/OpticiansAssociationOfNewBrunswick\/","article_modified_time":"2022-03-24T14:08:37+00:00","og_image":[{"url":"https:\/\/opticiansnb.com\/wp-content\/uploads\/2022\/03\/DSC5089-scaled.jpg","type":"","width":"","height":""}],"twitter_card":"summary_large_image","schema":{"@context":"https:\/\/schema.org","@graph":[{"@type":"WebPage","@id":"https:\/\/opticiansnb.com\/fr\/votre-equipe-de-soins-de-la-vue\/","url":"https:\/\/opticiansnb.com\/fr\/votre-equipe-de-soins-de-la-vue\/","name":"Votre \u00e9quipe de soins de la vue | Opticians Association Of New Brunswick","isPartOf":{"@id":"https:\/\/opticiansnb.com\/#website"},"primaryImageOfPage":{"@id":"https:\/\/opticiansnb.com\/fr\/votre-equipe-de-soins-de-la-vue\/#primaryimage"},"image":{"@id":"https:\/\/opticiansnb.com\/fr\/votre-equipe-de-soins-de-la-vue\/#primaryimage"},"thumbnailUrl":"https:\/\/opticiansnb.com\/wp-content\/uploads\/2022\/03\/DSC5089-scaled.jpg","datePublished":"2022-02-23T03:45:57+00:00","dateModified":"2022-03-24T14:08:37+00:00","breadcrumb":{"@id":"https:\/\/opticiansnb.com\/fr\/votre-equipe-de-soins-de-la-vue\/#breadcrumb"},"inLanguage":"fr-FR","potentialAction":[{"@type":"ReadAction","target":["https:\/\/opticiansnb.com\/fr\/votre-equipe-de-soins-de-la-vue\/"]}]},{"@type":"ImageObject","inLanguage":"fr-FR","@id":"https:\/\/opticiansnb.com\/fr\/votre-equipe-de-soins-de-la-vue\/#primaryimage","url":"https:\/\/opticiansnb.com\/wp-content\/uploads\/2022\/03\/DSC5089-scaled.jpg","contentUrl":"https:\/\/opticiansnb.com\/wp-content\/uploads\/2022\/03\/DSC5089-scaled.jpg"},{"@type":"BreadcrumbList","@id":"https:\/\/opticiansnb.com\/fr\/votre-equipe-de-soins-de-la-vue\/#breadcrumb","itemListElement":[{"@type":"ListItem","position":1,"name":"Home","item":"https:\/\/opticiansnb.com\/fr\/"},{"@type":"ListItem","position":2,"name":"Votre \u00e9quipe de soins de la vue"}]},{"@type":"WebSite","@id":"https:\/\/opticiansnb.com\/#website","url":"https:\/\/opticiansnb.com\/","name":"Opticians Association Of New Brunswick","description":"Regulating Caring &amp; Competent Eye Care","publisher":{"@id":"https:\/\/opticiansnb.com\/#organization"},"potentialAction":[{"@type":"SearchAction","target":{"@type":"EntryPoint","urlTemplate":"https:\/\/opticiansnb.com\/?s={search_term_string}"},"query-input":{"@type":"PropertyValueSpecification","valueRequired":true,"valueName":"search_term_string"}}],"inLanguage":"fr-FR"},{"@type":"Organization","@id":"https:\/\/opticiansnb.com\/#organization","name":"Opticians Association of New Brunswick","url":"https:\/\/opticiansnb.com\/","logo":{"@type":"ImageObject","inLanguage":"fr-FR","@id":"https:\/\/opticiansnb.com\/#\/schema\/logo\/image\/","url":"https:\/\/opticiansnb.com\/wp-content\/uploads\/2022\/01\/logo.svg","contentUrl":"https:\/\/opticiansnb.com\/wp-content\/uploads\/2022\/01\/logo.svg","width":295,"height":73,"caption":"Opticians Association of New Brunswick"},"image":{"@id":"https:\/\/opticiansnb.com\/#\/schema\/logo\/image\/"},"sameAs":["https:\/\/www.facebook.com\/OpticiansAssociationOfNewBrunswick\/"]}]}},"_links":{"self":[{"href":"https:\/\/opticiansnb.com\/fr\/wp-json\/wp\/v2\/pages\/670","targetHints":{"allow":["GET"]}}],"collection":[{"href":"https:\/\/opticiansnb.com\/fr\/wp-json\/wp\/v2\/pages"}],"about":[{"href":"https:\/\/opticiansnb.com\/fr\/wp-json\/wp\/v2\/types\/page"}],"author":[{"embeddable":true,"href":"https:\/\/opticiansnb.com\/fr\/wp-json\/wp\/v2\/users\/1"}],"replies":[{"embeddable":true,"href":"https:\/\/opticiansnb.com\/fr\/wp-json\/wp\/v2\/comments?post=670"}],"version-history":[{"count":6,"href":"https:\/\/opticiansnb.com\/fr\/wp-json\/wp\/v2\/pages\/670\/revisions"}],"predecessor-version":[{"id":1128,"href":"https:\/\/opticiansnb.com\/fr\/wp-json\/wp\/v2\/pages\/670\/revisions\/1128"}],"wp:attachment":[{"href":"https:\/\/opticiansnb.com\/fr\/wp-json\/wp\/v2\/media?parent=670"}],"curies":[{"name":"wp","href":"https:\/\/api.w.org\/{rel}","templated":true}]}}