{"id":668,"date":"2022-02-23T02:46:31","date_gmt":"2022-02-23T02:46:31","guid":{"rendered":"https:\/\/opticiansnb.com\/why-do-i-need-glasses\/"},"modified":"2022-03-25T10:51:55","modified_gmt":"2022-03-25T10:51:55","slug":"vous-et-vos-lunettes","status":"publish","type":"page","link":"https:\/\/opticiansnb.com\/fr\/vous-et-vos-lunettes\/","title":{"rendered":"Vous et vos lunettes"},"content":{"rendered":"\n<h1>\n\t\tPourquoi j&#8217;ai besoin de lunettes?\n\t<\/h1>\n\t<p>Lorsque votre ophtalmologiste vous dit que vous avez besoin de verres correcteurs, il pourrait y avoir diverses raisons.<\/p>\n<h2>\n\t\tMyopia (nearsightedness)\n\t<\/h2>\n\t<p>Vous pouvez voir clairement \u00e0 lire, mais \u00e0mesure que les objets s&#8217;\u00e9loignent, ils semblent flous. Vous voyez le monde comme une peinture impressionniste. La myopie est corrig\u00e9e en utilisant une lentille \u00ab moins \u00bb (concave) de la puissance correcte.<\/p>\n<h2>\n\t\tHyperm\u00e9tropie(vue \u00e9loign\u00e9e)\n\t<\/h2>\n\t<p>Vous pouvez voir clairement \u00e0 distance, mais les objets \u00e0 proximit\u00e9 sont difficiles \u00e0 mettre au point. Ceci est corrig\u00e9 en utilisant une lentille \u00ab plus \u00bb (convexe) de la puissance correcte.<\/p>\n<h2>\n\t\tPresbytie\n\t<\/h2>\n\t<p>est la perte progressive de la capacit\u00e9 de vos yeux \u00e0 se concentrer sur les objets \u00e0 proximit\u00e9. C&#8217;est une partie naturelle, souvant ennuyeuse du vieillissement. La presbytie devient g\u00e9n\u00e9ralement perceptible du d\u00e9but au milieu des ann\u00e9es 40 et continue de s&#8217;aggraver jusqu&#8217;\u00e0 l&#8217;\u00e2ge de 65 ans environ.<\/p>\n<p><strong>Les sympt\u00f4mes comprennent : <\/strong><\/p>\n<ul>\n<li>Une tendance \u00e0 tenir le mat\u00e9riel de lecture plus loin pour rendre les caract\u00e8res plus claires<\/li>\n<li>Vision floue \u00e0 distance de lecture normale<br \/>\n<\/li>\n<li>Fatigue oculaire ou maux de t\u00eate apr\u00e8s avoir lu ou fait du travail de vue \u00e0 proximit\u00e9<\/li>\n<\/ul>\n<h2>\n\t\tAstigmatism (avec ou sans l&#8217;une des conditions ci-dess)\n\t<\/h2>\n\t<p>est une imperfection courante et g\u00e9n\u00e9ralement traitable dans la courbure de votre \u0153il qui provoque un flou de la distance et de la vision de pr\u00e8s. L&#8217;astigmatisme se produit lorsque la surface avant de votre \u0153il (corn\u00e9e) ou le cristallin, \u00e0 l&#8217;int\u00e9rieur de votre \u0153il, a des courbes mal adapt\u00e9es. Cette condition est corrig\u00e9e en ajoutant un \u00ab cylindre \u00bb \u00e0 une direction d&#8217;orientation particuli\u00e8re, \u00e0 votre verre correcteur r\u00e9gulier (sph\u00e9rique).<\/p>\n<h2>\n\t\tAutres ressources\n\t<\/h2>\n\t\t\t<a href=\"https:\/\/opticiansnb.com\/fr\/lunettes-lentilles-corneennes-ou-les-deux\/\" target=\"_self\" role=\"button\" rel=\"noopener\">\n\t\t\t\t\t\t\tLunettes Lentilles Corneennes Ou Les Deux\n\t\t\t\t\t<\/a>\n\t\t\t<a href=\"https:\/\/opticiansnb.com\/fr\/soins-des-yeux-et-de-la-vue-des-enfants\/\" target=\"_self\" role=\"button\" rel=\"noopener\">\n\t\t\t\t\t\t\tSoins Des Yeux Et De La Vue Des Enfants\n\t\t\t\t\t<\/a>\n\n","protected":false},"excerpt":{"rendered":"<p>Pourquoi j&#8217;ai besoin de lunettes? Lorsque votre ophtalmologiste vous dit que vous avez besoin de verres correcteurs, il pourrait y avoir diverses raisons. Myopia (nearsightedness) Vous pouvez voir clairement \u00e0 lire, mais \u00e0mesure que les objets s&#8217;\u00e9loignent, ils semblent flous. Vous voyez le monde comme une peinture impressionniste. La myopie est corrig\u00e9e en utilisant une&hellip;<\/p>\n","protected":false},"author":1,"featured_media":0,"parent":0,"menu_order":0,"comment_status":"closed","ping_status":"closed","template":"","meta":{"_acf_changed":false,"content-type":"","inline_featured_image":false,"footnotes":""},"class_list":["post-668","page","type-page","status-publish","hentry"],"acf":[],"yoast_head":"<!-- This site is optimized with the Yoast SEO plugin v27.6 - https:\/\/yoast.com\/product\/yoast-seo-wordpress\/ -->\n<title>Vous et vos lunettes | Opticians Association Of New Brunswick<\/title>\n<meta name=\"robots\" content=\"index, follow, max-snippet:-1, max-image-preview:large, max-video-preview:-1\" \/>\n<link rel=\"canonical\" href=\"https:\/\/opticiansnb.com\/fr\/vous-et-vos-lunettes\/\" \/>\n<meta property=\"og:locale\" content=\"fr_FR\" \/>\n<meta property=\"og:type\" content=\"article\" \/>\n<meta property=\"og:title\" content=\"Vous et vos lunettes | Opticians Association Of New Brunswick\" \/>\n<meta property=\"og:description\" content=\"Pourquoi j&#8217;ai besoin de lunettes? Lorsque votre ophtalmologiste vous dit que vous avez besoin de verres correcteurs, il pourrait y avoir diverses raisons. Myopia (nearsightedness) Vous pouvez voir clairement \u00e0 lire, mais \u00e0mesure que les objets s&#8217;\u00e9loignent, ils semblent flous. Vous voyez le monde comme une peinture impressionniste. La myopie est corrig\u00e9e en utilisant une&hellip;\" \/>\n<meta property=\"og:url\" content=\"https:\/\/opticiansnb.com\/fr\/vous-et-vos-lunettes\/\" \/>\n<meta property=\"og:site_name\" content=\"Opticians Association Of New Brunswick\" \/>\n<meta property=\"article:publisher\" content=\"https:\/\/www.facebook.com\/OpticiansAssociationOfNewBrunswick\/\" \/>\n<meta property=\"article:modified_time\" content=\"2022-03-25T10:51:55+00:00\" \/>\n<meta property=\"og:image\" content=\"https:\/\/opticiansnb.com\/wp-content\/uploads\/2022\/03\/Mask-Group-6.png\" \/>\n\t<meta property=\"og:image:width\" content=\"768\" \/>\n\t<meta property=\"og:image:height\" content=\"467\" \/>\n\t<meta property=\"og:image:type\" content=\"image\/png\" \/>\n<meta name=\"twitter:card\" content=\"summary_large_image\" \/>\n<script type=\"application\/ld+json\" class=\"yoast-schema-graph\">{\"@context\":\"https:\\\/\\\/schema.org\",\"@graph\":[{\"@type\":\"WebPage\",\"@id\":\"https:\\\/\\\/opticiansnb.com\\\/fr\\\/vous-et-vos-lunettes\\\/\",\"url\":\"https:\\\/\\\/opticiansnb.com\\\/fr\\\/vous-et-vos-lunettes\\\/\",\"name\":\"Vous et vos lunettes | Opticians Association Of New Brunswick\",\"isPartOf\":{\"@id\":\"https:\\\/\\\/opticiansnb.com\\\/#website\"},\"datePublished\":\"2022-02-23T02:46:31+00:00\",\"dateModified\":\"2022-03-25T10:51:55+00:00\",\"breadcrumb\":{\"@id\":\"https:\\\/\\\/opticiansnb.com\\\/fr\\\/vous-et-vos-lunettes\\\/#breadcrumb\"},\"inLanguage\":\"fr-FR\",\"potentialAction\":[{\"@type\":\"ReadAction\",\"target\":[\"https:\\\/\\\/opticiansnb.com\\\/fr\\\/vous-et-vos-lunettes\\\/\"]}]},{\"@type\":\"BreadcrumbList\",\"@id\":\"https:\\\/\\\/opticiansnb.com\\\/fr\\\/vous-et-vos-lunettes\\\/#breadcrumb\",\"itemListElement\":[{\"@type\":\"ListItem\",\"position\":1,\"name\":\"Home\",\"item\":\"https:\\\/\\\/opticiansnb.com\\\/fr\\\/\"},{\"@type\":\"ListItem\",\"position\":2,\"name\":\"Vous et vos lunettes\"}]},{\"@type\":\"WebSite\",\"@id\":\"https:\\\/\\\/opticiansnb.com\\\/#website\",\"url\":\"https:\\\/\\\/opticiansnb.com\\\/\",\"name\":\"Opticians Association Of New Brunswick\",\"description\":\"Regulating Caring &amp; Competent Eye Care\",\"publisher\":{\"@id\":\"https:\\\/\\\/opticiansnb.com\\\/#organization\"},\"potentialAction\":[{\"@type\":\"SearchAction\",\"target\":{\"@type\":\"EntryPoint\",\"urlTemplate\":\"https:\\\/\\\/opticiansnb.com\\\/?s={search_term_string}\"},\"query-input\":{\"@type\":\"PropertyValueSpecification\",\"valueRequired\":true,\"valueName\":\"search_term_string\"}}],\"inLanguage\":\"fr-FR\"},{\"@type\":\"Organization\",\"@id\":\"https:\\\/\\\/opticiansnb.com\\\/#organization\",\"name\":\"Opticians Association of New Brunswick\",\"url\":\"https:\\\/\\\/opticiansnb.com\\\/\",\"logo\":{\"@type\":\"ImageObject\",\"inLanguage\":\"fr-FR\",\"@id\":\"https:\\\/\\\/opticiansnb.com\\\/#\\\/schema\\\/logo\\\/image\\\/\",\"url\":\"https:\\\/\\\/opticiansnb.com\\\/wp-content\\\/uploads\\\/2022\\\/01\\\/logo.svg\",\"contentUrl\":\"https:\\\/\\\/opticiansnb.com\\\/wp-content\\\/uploads\\\/2022\\\/01\\\/logo.svg\",\"width\":295,\"height\":73,\"caption\":\"Opticians Association of New Brunswick\"},\"image\":{\"@id\":\"https:\\\/\\\/opticiansnb.com\\\/#\\\/schema\\\/logo\\\/image\\\/\"},\"sameAs\":[\"https:\\\/\\\/www.facebook.com\\\/OpticiansAssociationOfNewBrunswick\\\/\"]}]}<\/script>\n<!-- \/ Yoast SEO plugin. -->","yoast_head_json":{"title":"Vous et vos lunettes | Opticians Association Of New Brunswick","robots":{"index":"index","follow":"follow","max-snippet":"max-snippet:-1","max-image-preview":"max-image-preview:large","max-video-preview":"max-video-preview:-1"},"canonical":"https:\/\/opticiansnb.com\/fr\/vous-et-vos-lunettes\/","og_locale":"fr_FR","og_type":"article","og_title":"Vous et vos lunettes | Opticians Association Of New Brunswick","og_description":"Pourquoi j&#8217;ai besoin de lunettes? Lorsque votre ophtalmologiste vous dit que vous avez besoin de verres correcteurs, il pourrait y avoir diverses raisons. Myopia (nearsightedness) Vous pouvez voir clairement \u00e0 lire, mais \u00e0mesure que les objets s&#8217;\u00e9loignent, ils semblent flous. Vous voyez le monde comme une peinture impressionniste. La myopie est corrig\u00e9e en utilisant une&hellip;","og_url":"https:\/\/opticiansnb.com\/fr\/vous-et-vos-lunettes\/","og_site_name":"Opticians Association Of New Brunswick","article_publisher":"https:\/\/www.facebook.com\/OpticiansAssociationOfNewBrunswick\/","article_modified_time":"2022-03-25T10:51:55+00:00","og_image":[{"width":768,"height":467,"url":"https:\/\/opticiansnb.com\/wp-content\/uploads\/2022\/03\/Mask-Group-6.png","type":"image\/png"}],"twitter_card":"summary_large_image","schema":{"@context":"https:\/\/schema.org","@graph":[{"@type":"WebPage","@id":"https:\/\/opticiansnb.com\/fr\/vous-et-vos-lunettes\/","url":"https:\/\/opticiansnb.com\/fr\/vous-et-vos-lunettes\/","name":"Vous et vos lunettes | Opticians Association Of New Brunswick","isPartOf":{"@id":"https:\/\/opticiansnb.com\/#website"},"datePublished":"2022-02-23T02:46:31+00:00","dateModified":"2022-03-25T10:51:55+00:00","breadcrumb":{"@id":"https:\/\/opticiansnb.com\/fr\/vous-et-vos-lunettes\/#breadcrumb"},"inLanguage":"fr-FR","potentialAction":[{"@type":"ReadAction","target":["https:\/\/opticiansnb.com\/fr\/vous-et-vos-lunettes\/"]}]},{"@type":"BreadcrumbList","@id":"https:\/\/opticiansnb.com\/fr\/vous-et-vos-lunettes\/#breadcrumb","itemListElement":[{"@type":"ListItem","position":1,"name":"Home","item":"https:\/\/opticiansnb.com\/fr\/"},{"@type":"ListItem","position":2,"name":"Vous et vos lunettes"}]},{"@type":"WebSite","@id":"https:\/\/opticiansnb.com\/#website","url":"https:\/\/opticiansnb.com\/","name":"Opticians Association Of New Brunswick","description":"Regulating Caring &amp; Competent Eye Care","publisher":{"@id":"https:\/\/opticiansnb.com\/#organization"},"potentialAction":[{"@type":"SearchAction","target":{"@type":"EntryPoint","urlTemplate":"https:\/\/opticiansnb.com\/?s={search_term_string}"},"query-input":{"@type":"PropertyValueSpecification","valueRequired":true,"valueName":"search_term_string"}}],"inLanguage":"fr-FR"},{"@type":"Organization","@id":"https:\/\/opticiansnb.com\/#organization","name":"Opticians Association of New Brunswick","url":"https:\/\/opticiansnb.com\/","logo":{"@type":"ImageObject","inLanguage":"fr-FR","@id":"https:\/\/opticiansnb.com\/#\/schema\/logo\/image\/","url":"https:\/\/opticiansnb.com\/wp-content\/uploads\/2022\/01\/logo.svg","contentUrl":"https:\/\/opticiansnb.com\/wp-content\/uploads\/2022\/01\/logo.svg","width":295,"height":73,"caption":"Opticians Association of New Brunswick"},"image":{"@id":"https:\/\/opticiansnb.com\/#\/schema\/logo\/image\/"},"sameAs":["https:\/\/www.facebook.com\/OpticiansAssociationOfNewBrunswick\/"]}]}},"_links":{"self":[{"href":"https:\/\/opticiansnb.com\/fr\/wp-json\/wp\/v2\/pages\/668","targetHints":{"allow":["GET"]}}],"collection":[{"href":"https:\/\/opticiansnb.com\/fr\/wp-json\/wp\/v2\/pages"}],"about":[{"href":"https:\/\/opticiansnb.com\/fr\/wp-json\/wp\/v2\/types\/page"}],"author":[{"embeddable":true,"href":"https:\/\/opticiansnb.com\/fr\/wp-json\/wp\/v2\/users\/1"}],"replies":[{"embeddable":true,"href":"https:\/\/opticiansnb.com\/fr\/wp-json\/wp\/v2\/comments?post=668"}],"version-history":[{"count":8,"href":"https:\/\/opticiansnb.com\/fr\/wp-json\/wp\/v2\/pages\/668\/revisions"}],"predecessor-version":[{"id":1148,"href":"https:\/\/opticiansnb.com\/fr\/wp-json\/wp\/v2\/pages\/668\/revisions\/1148"}],"wp:attachment":[{"href":"https:\/\/opticiansnb.com\/fr\/wp-json\/wp\/v2\/media?parent=668"}],"curies":[{"name":"wp","href":"https:\/\/api.w.org\/{rel}","templated":true}]}}