{"id":664,"date":"2022-02-22T04:10:21","date_gmt":"2022-02-22T04:10:21","guid":{"rendered":"https:\/\/opticiansnb.com\/about-onab\/"},"modified":"2025-05-26T17:59:16","modified_gmt":"2025-05-26T17:59:16","slug":"about-onab","status":"publish","type":"page","link":"https:\/\/opticiansnb.com\/fr\/about-onab\/","title":{"rendered":"\u00c0 propos de nous"},"content":{"rendered":"\n<h1>\n\t\t\t\u00c0 propos de nous\t<\/h1>\n\t<p>L&#8217;Association des opticiens du Nouveau-Brunswick, anciennement incorpor\u00e9 en tant que Soci\u00e9t\u00e9des opticiens d&#8217;ordonnances du Nouveau-Brunswick, s&#8217;agit \u00e0 la fois de l&#8217;organisme de r\u00e9glementation et de l&#8217;association professionnelle desopticiens du Nouveau-Brunswick.<\/p>\n<p>Par l&#8217;entremise de l&#8217;approvisionnement d&#8217;\u00e9ducation professionnel continuel et la promotion de pratiques exemplaires, nous assurons que les citoyens du Nouveau-Brunswick sont servis par des opticiens licenci\u00e9s qualifi\u00e9s et instruits ayant re\u00e7u une formation ad\u00e9quate tout en conservant des pratiques \u00e9thiques et comp\u00e9tentes de standards \u00e9lev\u00e9s.<\/p>\n<p>L&#8217;AONB garantit que ses membres puissent communiquer et recevoir leurs services dans la langue officielle de leur choix.<\/p>\n\t\t\t\t<img decoding=\"async\" src=\"https:\/\/opticiansnb.com\/wp-content\/uploads\/2022\/03\/DSC5312-669x550-1.jpg\" alt=\"_DSC5312-669x550\" itemprop=\"image\" height=\"550\" width=\"669\" title=\"_DSC5312-669x550\" onerror=\"this.style.display='none'\" loading='lazy' \/>\n<h2>\n\t\t\tNotre \u00e9quipe de gouvernance\t<\/h2>\n\t<p>Assure la responsabilit\u00e9 \u00e0 nos membres et au public<\/p>\n\t\t\t\t\t\t<img width=\"300\" height=\"378\" src=\"https:\/\/opticiansnb.com\/wp-content\/uploads\/2022\/03\/Melonie-Hebert-1.png\" alt=\"\" decoding=\"async\" loading=\"lazy\" srcset=\"https:\/\/opticiansnb.com\/wp-content\/uploads\/2022\/03\/Melonie-Hebert-1.png 300w, https:\/\/opticiansnb.com\/wp-content\/uploads\/2022\/03\/Melonie-Hebert-1-238x300.png 238w\" sizes=\"auto, (max-width: 300px) 100vw, 300px\" \/>\t\t\t\t\t\t\n\t\t\t\t\t\t\t<h3>Melonie Hebert<\/h3><p>Pr\u00e9sidente<\/p>\t\t\t\t\t\t\n\t\t\t\t\t\t<img width=\"380\" height=\"430\" src=\"https:\/\/opticiansnb.com\/wp-content\/uploads\/2022\/02\/Roberta-McLaughlin.jpg\" alt=\"Photo of Roberta McLaughlin\" decoding=\"async\" loading=\"lazy\" srcset=\"https:\/\/opticiansnb.com\/wp-content\/uploads\/2022\/02\/Roberta-McLaughlin.jpg 381w, https:\/\/opticiansnb.com\/wp-content\/uploads\/2022\/02\/Roberta-McLaughlin-265x300.jpg 265w\" sizes=\"auto, (max-width: 380px) 100vw, 380px\" \/>\t\t\t\t\t\t\n\t\t\t\t\t\t\t<h3>Roberta Mclaughlin<\/h3><p>Ancien pr\u00e9sident et tr\u00e9sorier<\/p>\t\t\t\t\t\t\n\t\t\t\t\t\t<img width=\"380\" height=\"430\" src=\"https:\/\/opticiansnb.com\/wp-content\/uploads\/2022\/02\/Jessica-Jay1024_1.jpg\" alt=\"\" decoding=\"async\" loading=\"lazy\" srcset=\"https:\/\/opticiansnb.com\/wp-content\/uploads\/2022\/02\/Jessica-Jay1024_1.jpg 381w, https:\/\/opticiansnb.com\/wp-content\/uploads\/2022\/02\/Jessica-Jay1024_1-265x300.jpg 265w\" sizes=\"auto, (max-width: 380px) 100vw, 380px\" \/>\t\t\t\t\t\t\n\t\t\t\t\t\t\t<h3>Jessica Jay<\/h3><p>vice-pr\u00e9sidente<\/p>\t\t\t\t\t\t\n\t\t\t\t\t\t<img width=\"380\" height=\"480\" src=\"https:\/\/opticiansnb.com\/wp-content\/uploads\/2023\/05\/Justin-Thibodeau-380x480.jpg\" alt=\"\" decoding=\"async\" loading=\"lazy\" \/>\t\t\t\t\t\t\n\t\t\t\t\t\t\t<h3>Justin Thibodeau<\/h3>\t\t\t\t\t\t\n\t\t\t\t\t\t<img width=\"78\" height=\"109\" src=\"https:\/\/opticiansnb.com\/wp-content\/uploads\/2025\/05\/Angela-Oulton-20030100C.jpg\" alt=\"\" decoding=\"async\" loading=\"lazy\" \/>\t\t\t\t\t\t\n\t\t\t\t\t\t\t<h3>Angela Oulton<\/h3>\t\t\t\t\t\t\n\t\t\t\t\t\t<img width=\"78\" height=\"109\" src=\"https:\/\/opticiansnb.com\/wp-content\/uploads\/2025\/05\/Nancy-Andrews-20030141C.jpg\" alt=\"\" decoding=\"async\" loading=\"lazy\" \/>\t\t\t\t\t\t\n\t\t\t\t\t\t\t<h3>Nancy Andrews<\/h3>\t\t\t\t\t\t\n\t\t\t\t\t\t<img width=\"380\" height=\"480\" src=\"https:\/\/opticiansnb.com\/wp-content\/uploads\/2023\/11\/Brooklyn-Gallant-380x480.jpeg\" alt=\"\" decoding=\"async\" loading=\"lazy\" \/>\t\t\t\t\t\t\n\t\t\t\t\t\t\t<h3>Brooke gallant<\/h3>\t\t\t\t\t\t\n\t\t\t\t\t\t<img width=\"78\" height=\"109\" src=\"https:\/\/opticiansnb.com\/wp-content\/uploads\/2024\/05\/Brigitte-Gaudet-20060157C.jpg\" alt=\"\" decoding=\"async\" loading=\"lazy\" \/>\t\t\t\t\t\t\n\t\t\t\t\t\t\t<h3>Brigitte Gaudet<\/h3>\t\t\t\t\t\t\n\t\t\t\t\t\t<img width=\"380\" height=\"480\" src=\"https:\/\/opticiansnb.com\/wp-content\/uploads\/2023\/06\/Kitty-Maurey-380x480.jpg\" alt=\"\" decoding=\"async\" loading=\"lazy\" \/>\t\t\t\t\t\t\n\t\t\t\t\t\t\t<h3>Kitty Maurey <\/h3><p>Membre du public<\/p>\t\t\t\t\t\t\n\t\t\t\t\t\t<img width=\"380\" height=\"399\" src=\"https:\/\/opticiansnb.com\/wp-content\/uploads\/2023\/09\/Thams-McCauley-2-1-380x399.jpg\" alt=\"\" decoding=\"async\" loading=\"lazy\" \/>\t\t\t\t\t\t\n\t\t\t\t\t\t\t<h3>Thomas McCauley<\/h3><p>Public Member<\/p>\t\t\t\t\t\t\n\t\t\t\t\t\t<img width=\"235\" height=\"260\" src=\"https:\/\/opticiansnb.com\/wp-content\/uploads\/2022\/03\/Ann-Eastwood-.png\" alt=\"\" decoding=\"async\" loading=\"lazy\" \/>\t\t\t\t\t\t\n\t\t\t\t\t\t\t<h3>Ann Eastwood<\/h3><p>Adjointe administrative &#038; Registraire<\/p>\t\t\t\t\t\t\n\n","protected":false},"excerpt":{"rendered":"<p>\u00c0 propos de nous L&#8217;Association des opticiens du Nouveau-Brunswick, anciennement incorpor\u00e9 en tant que Soci\u00e9t\u00e9des opticiens d&#8217;ordonnances du Nouveau-Brunswick, s&#8217;agit \u00e0 la fois de l&#8217;organisme de r\u00e9glementation et de l&#8217;association professionnelle desopticiens du Nouveau-Brunswick. Par l&#8217;entremise de l&#8217;approvisionnement d&#8217;\u00e9ducation professionnel continuel et la promotion de pratiques exemplaires, nous assurons que les citoyens du Nouveau-Brunswick sont&hellip;<\/p>\n","protected":false},"author":1,"featured_media":0,"parent":0,"menu_order":0,"comment_status":"closed","ping_status":"closed","template":"","meta":{"_acf_changed":false,"content-type":"","inline_featured_image":false,"footnotes":""},"class_list":["post-664","page","type-page","status-publish","hentry"],"acf":[],"yoast_head":"<!-- This site is optimized with the Yoast SEO plugin v27.4 - https:\/\/yoast.com\/product\/yoast-seo-wordpress\/ -->\n<title>\u00c0 propos de nous | Opticians Association Of New Brunswick<\/title>\n<meta name=\"robots\" content=\"index, follow, max-snippet:-1, max-image-preview:large, max-video-preview:-1\" \/>\n<link rel=\"canonical\" href=\"https:\/\/opticiansnb.com\/fr\/about-onab\/\" \/>\n<meta property=\"og:locale\" content=\"fr_FR\" \/>\n<meta property=\"og:type\" content=\"article\" \/>\n<meta property=\"og:title\" content=\"\u00c0 propos de nous | Opticians Association Of New Brunswick\" \/>\n<meta property=\"og:description\" content=\"\u00c0 propos de nous L&#8217;Association des opticiens du Nouveau-Brunswick, anciennement incorpor\u00e9 en tant que Soci\u00e9t\u00e9des opticiens d&#8217;ordonnances du Nouveau-Brunswick, s&#8217;agit \u00e0 la fois de l&#8217;organisme de r\u00e9glementation et de l&#8217;association professionnelle desopticiens du Nouveau-Brunswick. Par l&#8217;entremise de l&#8217;approvisionnement d&#8217;\u00e9ducation professionnel continuel et la promotion de pratiques exemplaires, nous assurons que les citoyens du Nouveau-Brunswick sont&hellip;\" \/>\n<meta property=\"og:url\" content=\"https:\/\/opticiansnb.com\/fr\/about-onab\/\" \/>\n<meta property=\"og:site_name\" content=\"Opticians Association Of New Brunswick\" \/>\n<meta property=\"article:publisher\" content=\"https:\/\/www.facebook.com\/OpticiansAssociationOfNewBrunswick\/\" \/>\n<meta property=\"article:modified_time\" content=\"2025-05-26T17:59:16+00:00\" \/>\n<meta property=\"og:image\" content=\"https:\/\/opticiansnb.com\/wp-content\/uploads\/2022\/03\/DSC5312-669x550-1.jpg\" \/>\n<meta name=\"twitter:card\" content=\"summary_large_image\" \/>\n<script type=\"application\/ld+json\" class=\"yoast-schema-graph\">{\"@context\":\"https:\\\/\\\/schema.org\",\"@graph\":[{\"@type\":\"WebPage\",\"@id\":\"https:\\\/\\\/opticiansnb.com\\\/fr\\\/about-onab\\\/\",\"url\":\"https:\\\/\\\/opticiansnb.com\\\/fr\\\/about-onab\\\/\",\"name\":\"\u00c0 propos de nous | Opticians Association Of New Brunswick\",\"isPartOf\":{\"@id\":\"https:\\\/\\\/opticiansnb.com\\\/#website\"},\"primaryImageOfPage\":{\"@id\":\"https:\\\/\\\/opticiansnb.com\\\/fr\\\/about-onab\\\/#primaryimage\"},\"image\":{\"@id\":\"https:\\\/\\\/opticiansnb.com\\\/fr\\\/about-onab\\\/#primaryimage\"},\"thumbnailUrl\":\"https:\\\/\\\/opticiansnb.com\\\/wp-content\\\/uploads\\\/2022\\\/03\\\/DSC5312-669x550-1.jpg\",\"datePublished\":\"2022-02-22T04:10:21+00:00\",\"dateModified\":\"2025-05-26T17:59:16+00:00\",\"breadcrumb\":{\"@id\":\"https:\\\/\\\/opticiansnb.com\\\/fr\\\/about-onab\\\/#breadcrumb\"},\"inLanguage\":\"fr-FR\",\"potentialAction\":[{\"@type\":\"ReadAction\",\"target\":[\"https:\\\/\\\/opticiansnb.com\\\/fr\\\/about-onab\\\/\"]}]},{\"@type\":\"ImageObject\",\"inLanguage\":\"fr-FR\",\"@id\":\"https:\\\/\\\/opticiansnb.com\\\/fr\\\/about-onab\\\/#primaryimage\",\"url\":\"https:\\\/\\\/opticiansnb.com\\\/wp-content\\\/uploads\\\/2022\\\/03\\\/DSC5312-669x550-1.jpg\",\"contentUrl\":\"https:\\\/\\\/opticiansnb.com\\\/wp-content\\\/uploads\\\/2022\\\/03\\\/DSC5312-669x550-1.jpg\"},{\"@type\":\"BreadcrumbList\",\"@id\":\"https:\\\/\\\/opticiansnb.com\\\/fr\\\/about-onab\\\/#breadcrumb\",\"itemListElement\":[{\"@type\":\"ListItem\",\"position\":1,\"name\":\"Home\",\"item\":\"https:\\\/\\\/opticiansnb.com\\\/fr\\\/\"},{\"@type\":\"ListItem\",\"position\":2,\"name\":\"\u00c0 propos de nous\"}]},{\"@type\":\"WebSite\",\"@id\":\"https:\\\/\\\/opticiansnb.com\\\/#website\",\"url\":\"https:\\\/\\\/opticiansnb.com\\\/\",\"name\":\"Opticians Association Of New Brunswick\",\"description\":\"Regulating Caring &amp; Competent Eye Care\",\"publisher\":{\"@id\":\"https:\\\/\\\/opticiansnb.com\\\/#organization\"},\"potentialAction\":[{\"@type\":\"SearchAction\",\"target\":{\"@type\":\"EntryPoint\",\"urlTemplate\":\"https:\\\/\\\/opticiansnb.com\\\/?s={search_term_string}\"},\"query-input\":{\"@type\":\"PropertyValueSpecification\",\"valueRequired\":true,\"valueName\":\"search_term_string\"}}],\"inLanguage\":\"fr-FR\"},{\"@type\":\"Organization\",\"@id\":\"https:\\\/\\\/opticiansnb.com\\\/#organization\",\"name\":\"Opticians Association of New Brunswick\",\"url\":\"https:\\\/\\\/opticiansnb.com\\\/\",\"logo\":{\"@type\":\"ImageObject\",\"inLanguage\":\"fr-FR\",\"@id\":\"https:\\\/\\\/opticiansnb.com\\\/#\\\/schema\\\/logo\\\/image\\\/\",\"url\":\"https:\\\/\\\/opticiansnb.com\\\/wp-content\\\/uploads\\\/2022\\\/01\\\/logo.svg\",\"contentUrl\":\"https:\\\/\\\/opticiansnb.com\\\/wp-content\\\/uploads\\\/2022\\\/01\\\/logo.svg\",\"width\":295,\"height\":73,\"caption\":\"Opticians Association of New Brunswick\"},\"image\":{\"@id\":\"https:\\\/\\\/opticiansnb.com\\\/#\\\/schema\\\/logo\\\/image\\\/\"},\"sameAs\":[\"https:\\\/\\\/www.facebook.com\\\/OpticiansAssociationOfNewBrunswick\\\/\"]}]}<\/script>\n<!-- \/ Yoast SEO plugin. -->","yoast_head_json":{"title":"\u00c0 propos de nous | Opticians Association Of New Brunswick","robots":{"index":"index","follow":"follow","max-snippet":"max-snippet:-1","max-image-preview":"max-image-preview:large","max-video-preview":"max-video-preview:-1"},"canonical":"https:\/\/opticiansnb.com\/fr\/about-onab\/","og_locale":"fr_FR","og_type":"article","og_title":"\u00c0 propos de nous | Opticians Association Of New Brunswick","og_description":"\u00c0 propos de nous L&#8217;Association des opticiens du Nouveau-Brunswick, anciennement incorpor\u00e9 en tant que Soci\u00e9t\u00e9des opticiens d&#8217;ordonnances du Nouveau-Brunswick, s&#8217;agit \u00e0 la fois de l&#8217;organisme de r\u00e9glementation et de l&#8217;association professionnelle desopticiens du Nouveau-Brunswick. Par l&#8217;entremise de l&#8217;approvisionnement d&#8217;\u00e9ducation professionnel continuel et la promotion de pratiques exemplaires, nous assurons que les citoyens du Nouveau-Brunswick sont&hellip;","og_url":"https:\/\/opticiansnb.com\/fr\/about-onab\/","og_site_name":"Opticians Association Of New Brunswick","article_publisher":"https:\/\/www.facebook.com\/OpticiansAssociationOfNewBrunswick\/","article_modified_time":"2025-05-26T17:59:16+00:00","og_image":[{"url":"https:\/\/opticiansnb.com\/wp-content\/uploads\/2022\/03\/DSC5312-669x550-1.jpg","type":"","width":"","height":""}],"twitter_card":"summary_large_image","schema":{"@context":"https:\/\/schema.org","@graph":[{"@type":"WebPage","@id":"https:\/\/opticiansnb.com\/fr\/about-onab\/","url":"https:\/\/opticiansnb.com\/fr\/about-onab\/","name":"\u00c0 propos de nous | Opticians Association Of New Brunswick","isPartOf":{"@id":"https:\/\/opticiansnb.com\/#website"},"primaryImageOfPage":{"@id":"https:\/\/opticiansnb.com\/fr\/about-onab\/#primaryimage"},"image":{"@id":"https:\/\/opticiansnb.com\/fr\/about-onab\/#primaryimage"},"thumbnailUrl":"https:\/\/opticiansnb.com\/wp-content\/uploads\/2022\/03\/DSC5312-669x550-1.jpg","datePublished":"2022-02-22T04:10:21+00:00","dateModified":"2025-05-26T17:59:16+00:00","breadcrumb":{"@id":"https:\/\/opticiansnb.com\/fr\/about-onab\/#breadcrumb"},"inLanguage":"fr-FR","potentialAction":[{"@type":"ReadAction","target":["https:\/\/opticiansnb.com\/fr\/about-onab\/"]}]},{"@type":"ImageObject","inLanguage":"fr-FR","@id":"https:\/\/opticiansnb.com\/fr\/about-onab\/#primaryimage","url":"https:\/\/opticiansnb.com\/wp-content\/uploads\/2022\/03\/DSC5312-669x550-1.jpg","contentUrl":"https:\/\/opticiansnb.com\/wp-content\/uploads\/2022\/03\/DSC5312-669x550-1.jpg"},{"@type":"BreadcrumbList","@id":"https:\/\/opticiansnb.com\/fr\/about-onab\/#breadcrumb","itemListElement":[{"@type":"ListItem","position":1,"name":"Home","item":"https:\/\/opticiansnb.com\/fr\/"},{"@type":"ListItem","position":2,"name":"\u00c0 propos de nous"}]},{"@type":"WebSite","@id":"https:\/\/opticiansnb.com\/#website","url":"https:\/\/opticiansnb.com\/","name":"Opticians Association Of New Brunswick","description":"Regulating Caring &amp; Competent Eye Care","publisher":{"@id":"https:\/\/opticiansnb.com\/#organization"},"potentialAction":[{"@type":"SearchAction","target":{"@type":"EntryPoint","urlTemplate":"https:\/\/opticiansnb.com\/?s={search_term_string}"},"query-input":{"@type":"PropertyValueSpecification","valueRequired":true,"valueName":"search_term_string"}}],"inLanguage":"fr-FR"},{"@type":"Organization","@id":"https:\/\/opticiansnb.com\/#organization","name":"Opticians Association of New Brunswick","url":"https:\/\/opticiansnb.com\/","logo":{"@type":"ImageObject","inLanguage":"fr-FR","@id":"https:\/\/opticiansnb.com\/#\/schema\/logo\/image\/","url":"https:\/\/opticiansnb.com\/wp-content\/uploads\/2022\/01\/logo.svg","contentUrl":"https:\/\/opticiansnb.com\/wp-content\/uploads\/2022\/01\/logo.svg","width":295,"height":73,"caption":"Opticians Association of New Brunswick"},"image":{"@id":"https:\/\/opticiansnb.com\/#\/schema\/logo\/image\/"},"sameAs":["https:\/\/www.facebook.com\/OpticiansAssociationOfNewBrunswick\/"]}]}},"_links":{"self":[{"href":"https:\/\/opticiansnb.com\/fr\/wp-json\/wp\/v2\/pages\/664","targetHints":{"allow":["GET"]}}],"collection":[{"href":"https:\/\/opticiansnb.com\/fr\/wp-json\/wp\/v2\/pages"}],"about":[{"href":"https:\/\/opticiansnb.com\/fr\/wp-json\/wp\/v2\/types\/page"}],"author":[{"embeddable":true,"href":"https:\/\/opticiansnb.com\/fr\/wp-json\/wp\/v2\/users\/1"}],"replies":[{"embeddable":true,"href":"https:\/\/opticiansnb.com\/fr\/wp-json\/wp\/v2\/comments?post=664"}],"version-history":[{"count":11,"href":"https:\/\/opticiansnb.com\/fr\/wp-json\/wp\/v2\/pages\/664\/revisions"}],"predecessor-version":[{"id":3136,"href":"https:\/\/opticiansnb.com\/fr\/wp-json\/wp\/v2\/pages\/664\/revisions\/3136"}],"wp:attachment":[{"href":"https:\/\/opticiansnb.com\/fr\/wp-json\/wp\/v2\/media?parent=664"}],"curies":[{"name":"wp","href":"https:\/\/api.w.org\/{rel}","templated":true}]}}